{"id":26529,"date":"2019-02-14T23:46:16","date_gmt":"2019-02-14T23:46:16","guid":{"rendered":"http:\/\/trade.games-workshop.com\/common-questions\/"},"modified":"2021-03-23T16:04:14","modified_gmt":"2021-03-23T16:04:14","slug":"common-questions","status":"publish","type":"page","link":"https:\/\/trade.games-workshop.com\/da\/common-questions\/","title":{"rendered":"Common Questions"},"content":{"rendered":"","protected":false},"excerpt":{"rendered":"","protected":false},"author":1,"featured_media":0,"parent":0,"menu_order":0,"comment_status":"closed","ping_status":"closed","template":"","meta":{"footnotes":""},"class_list":["post-26529","page","type-page","status-publish","hentry"],"yoast_head":"<!-- This site is optimized with the Yoast SEO plugin v27.4 - https:\/\/yoast.com\/product\/yoast-seo-wordpress\/ -->\n<title>Common Questions - Retailers&#039; Network<\/title>\n<meta name=\"robots\" content=\"index, follow, max-snippet:-1, max-image-preview:large, max-video-preview:-1\" \/>\n<link rel=\"canonical\" href=\"https:\/\/trade.games-workshop.com\/da\/common-questions\/\" \/>\n<meta property=\"og:locale\" content=\"da_DK\" \/>\n<meta property=\"og:type\" content=\"article\" \/>\n<meta property=\"og:title\" content=\"Common Questions - Retailers&#039; Network\" \/>\n<meta property=\"og:url\" content=\"https:\/\/trade.games-workshop.com\/da\/common-questions\/\" \/>\n<meta property=\"og:site_name\" content=\"Retailers&#039; Network\" \/>\n<meta property=\"article:modified_time\" content=\"2021-03-23T16:04:14+00:00\" \/>\n<meta name=\"twitter:card\" content=\"summary_large_image\" \/>\n<script type=\"application\/ld+json\" class=\"yoast-schema-graph\">{\"@context\":\"https:\\\/\\\/schema.org\",\"@graph\":[{\"@type\":\"WebPage\",\"@id\":\"https:\\\/\\\/trade.games-workshop.com\\\/da\\\/common-questions\\\/\",\"url\":\"https:\\\/\\\/trade.games-workshop.com\\\/da\\\/common-questions\\\/\",\"name\":\"Common Questions - Retailers&#039; Network\",\"isPartOf\":{\"@id\":\"https:\\\/\\\/trade.games-workshop.com\\\/#website\"},\"datePublished\":\"2019-02-14T23:46:16+00:00\",\"dateModified\":\"2021-03-23T16:04:14+00:00\",\"breadcrumb\":{\"@id\":\"https:\\\/\\\/trade.games-workshop.com\\\/da\\\/common-questions\\\/#breadcrumb\"},\"inLanguage\":\"da-DK\",\"potentialAction\":[{\"@type\":\"ReadAction\",\"target\":[\"https:\\\/\\\/trade.games-workshop.com\\\/da\\\/common-questions\\\/\"]}]},{\"@type\":\"BreadcrumbList\",\"@id\":\"https:\\\/\\\/trade.games-workshop.com\\\/da\\\/common-questions\\\/#breadcrumb\",\"itemListElement\":[{\"@type\":\"ListItem\",\"position\":1,\"name\":\"Home\",\"item\":\"https:\\\/\\\/trade.games-workshop.com\\\/da\\\/\"},{\"@type\":\"ListItem\",\"position\":2,\"name\":\"Common Questions\"}]},{\"@type\":\"WebSite\",\"@id\":\"https:\\\/\\\/trade.games-workshop.com\\\/#website\",\"url\":\"https:\\\/\\\/trade.games-workshop.com\\\/\",\"name\":\"Retailers&#039; Network\",\"description\":\"Games Workshop Trade Site\",\"potentialAction\":[{\"@type\":\"SearchAction\",\"target\":{\"@type\":\"EntryPoint\",\"urlTemplate\":\"https:\\\/\\\/trade.games-workshop.com\\\/?s={search_term_string}\"},\"query-input\":{\"@type\":\"PropertyValueSpecification\",\"valueRequired\":true,\"valueName\":\"search_term_string\"}}],\"inLanguage\":\"da-DK\"}]}<\/script>\n<!-- \/ Yoast SEO plugin. -->","yoast_head_json":{"title":"Common Questions - Retailers&#039; Network","robots":{"index":"index","follow":"follow","max-snippet":"max-snippet:-1","max-image-preview":"max-image-preview:large","max-video-preview":"max-video-preview:-1"},"canonical":"https:\/\/trade.games-workshop.com\/da\/common-questions\/","og_locale":"da_DK","og_type":"article","og_title":"Common Questions - Retailers&#039; Network","og_url":"https:\/\/trade.games-workshop.com\/da\/common-questions\/","og_site_name":"Retailers&#039; Network","article_modified_time":"2021-03-23T16:04:14+00:00","twitter_card":"summary_large_image","schema":{"@context":"https:\/\/schema.org","@graph":[{"@type":"WebPage","@id":"https:\/\/trade.games-workshop.com\/da\/common-questions\/","url":"https:\/\/trade.games-workshop.com\/da\/common-questions\/","name":"Common Questions - Retailers&#039; Network","isPartOf":{"@id":"https:\/\/trade.games-workshop.com\/#website"},"datePublished":"2019-02-14T23:46:16+00:00","dateModified":"2021-03-23T16:04:14+00:00","breadcrumb":{"@id":"https:\/\/trade.games-workshop.com\/da\/common-questions\/#breadcrumb"},"inLanguage":"da-DK","potentialAction":[{"@type":"ReadAction","target":["https:\/\/trade.games-workshop.com\/da\/common-questions\/"]}]},{"@type":"BreadcrumbList","@id":"https:\/\/trade.games-workshop.com\/da\/common-questions\/#breadcrumb","itemListElement":[{"@type":"ListItem","position":1,"name":"Home","item":"https:\/\/trade.games-workshop.com\/da\/"},{"@type":"ListItem","position":2,"name":"Common Questions"}]},{"@type":"WebSite","@id":"https:\/\/trade.games-workshop.com\/#website","url":"https:\/\/trade.games-workshop.com\/","name":"Retailers&#039; Network","description":"Games Workshop Trade Site","potentialAction":[{"@type":"SearchAction","target":{"@type":"EntryPoint","urlTemplate":"https:\/\/trade.games-workshop.com\/?s={search_term_string}"},"query-input":{"@type":"PropertyValueSpecification","valueRequired":true,"valueName":"search_term_string"}}],"inLanguage":"da-DK"}]}},"acf":{"_content":[{"acf_fc_layout":"hero_low_profile","title":"Almindelige sp\u00f8rgsm\u00e5l","summary":"Bliver du forvirret over al denne snak om Space Marines og Troglodons? G\u00e5 ikke i panik, vi har alle svarene! Tag et kig p\u00e5 de oftest stillede sp\u00f8rgsm\u00e5l nedenfor og husk, at hvis du har et sp\u00f8rgsm\u00e5l, som ikke er besvaret der, er du altid velkommen til at give os et kald."},{"acf_fc_layout":"accordion","groups":[{"group_title":"S\u00e5dan bliver du lagerf\u00f8rende forhandler","items":[{"item_title":"Hvor meget koster det at komme i gang?","item_content":"<p>Vi har mange forskellige sortiment-tilbud, og vi kan helt sikkert finde en l\u00f8sning, som passer til b\u00e5de dine forretningsplaner samt \u00f8nsker for din butik og dine kunder. Der er en minimumspris for opstart for nye forhandlere samt forskellige betalingsmuligheder.<\/p>\n"},{"item_title":"Hvilke krav stiller I?","item_content":"<p>Start med at udfylde en ans\u00f8gning. For at kunne handle med os, skal du have en fysisk butik, hvor du s\u00e6lger produkter til den almene offentlighed.<\/p>\n"},{"item_title":"Hvor lang tid tager det at indlede et samarbejde med jer?","item_content":"<p>Hvis du udfylder og vedh\u00e6fter korrekt dokumentation til din ans\u00f8gning, kan du v\u00e6re i gang p\u00e5 blot f\u00e5 dage.<\/p>\n"}]},{"group_title":"Vilk\u00e5r og betingelser","items":[{"item_title":"Hvad er jeres handelsbetingelser\/min avance?","item_content":"<p>Den bedste m\u00e5de, hvorp\u00e5 du kan maksimere dit salg og fastl\u00e6gge din avance samt dit udbytte, er at kontakte os, s\u00e5 vi sammen kan finde svarene p\u00e5 alle dine forretningsm\u00e6ssige sp\u00f8rgsm\u00e5l.<\/p>\n"},{"item_title":"Hvilke betalingsmuligheder er der?","item_content":"<p>Vi tilbyder dig adskillelige betalingsmuligheder, herunder forskellige betalingsmetoder og kreditbetingelser.<\/p>\n"},{"item_title":"Kan jeg s\u00e6lge online?","item_content":"<p>Hvis du har en fysisk butik, der lagerf\u00f8rer produkter fra Games Workshop, kan du under s\u00e6rlige betingelser ogs\u00e5 s\u00e6lge online.<\/p>\n"},{"item_title":"Kan jeg lagerf\u00f8re jeres produkter, hvis der er en anden forhandler, som ogs\u00e5 s\u00e6lger dem i mit omr\u00e5de?","item_content":"<p>Ja, vi har ingen n\u00e6rhedspolitik.<\/p>\n"}]},{"group_title":"S\u00e5dan ved du, hvad du b\u00f8r lagerf\u00f8re","items":[{"item_title":"Hvad b\u00f8r jeg lagerf\u00f8re?","item_content":"<p>Vi har et v\u00e6ld af salgsdata, som g\u00f8r os i stand til at hj\u00e6lpe dig med at v\u00e6lge det produkttilbud, som passer bedst til dine forretningsplaner og giver dig det mest optimale afkast p\u00e5 din investering, herunder en r\u00e6kke forskellige popul\u00e6re produktserier, som passer til mange forskellige butiksformater.<\/p>\n"}]},{"group_title":"Yderligere support","items":[{"item_title":"Kan jeg f\u00e5 en repr\u00e6sentant ud i min butik for at afholde produktdemonstrationer og events?","item_content":"<p>Vi tilbyder support, s\u00e5 du kan tilskynde den rette person til at promovere produkter fra Games Workshop i din butik.<\/p>\n"},{"item_title":"Hvilke ressourcer kan I tilbyde mig?","item_content":"<p>Vi yder b\u00e5de fysisk og digital support, mens vi ogs\u00e5 har et udvalg af reklamematerialer, du kan g\u00f8re brug af. Vi kan reklamere for din butik p\u00e5 vores meget popul\u00e6re hjemmeside og stiller dedikerede samt velinformerede Account Managers til din r\u00e5dighed, mens vi ogs\u00e5 kan tilbyde anden support s\u00e5som hj\u00e6lp til organiseret spil.<\/p>\n"}]}]}]},"_links":{"self":[{"href":"https:\/\/trade.games-workshop.com\/da\/wp-json\/wp\/v2\/pages\/26529","targetHints":{"allow":["GET"]}}],"collection":[{"href":"https:\/\/trade.games-workshop.com\/da\/wp-json\/wp\/v2\/pages"}],"about":[{"href":"https:\/\/trade.games-workshop.com\/da\/wp-json\/wp\/v2\/types\/page"}],"author":[{"embeddable":true,"href":"https:\/\/trade.games-workshop.com\/da\/wp-json\/wp\/v2\/users\/1"}],"replies":[{"embeddable":true,"href":"https:\/\/trade.games-workshop.com\/da\/wp-json\/wp\/v2\/comments?post=26529"}],"version-history":[{"count":0,"href":"https:\/\/trade.games-workshop.com\/da\/wp-json\/wp\/v2\/pages\/26529\/revisions"}],"wp:attachment":[{"href":"https:\/\/trade.games-workshop.com\/da\/wp-json\/wp\/v2\/media?parent=26529"}],"curies":[{"name":"wp","href":"https:\/\/api.w.org\/{rel}","templated":true}]}}