{"id":26578,"date":"2019-05-16T13:15:26","date_gmt":"2019-05-16T12:15:26","guid":{"rendered":"http:\/\/trade.games-workshop.com\/privacy-notice\/"},"modified":"2021-03-23T16:04:38","modified_gmt":"2021-03-23T16:04:38","slug":"privacy-notice","status":"publish","type":"page","link":"https:\/\/trade.games-workshop.com\/da\/privacy-notice\/","title":{"rendered":"Privacy Notice"},"content":{"rendered":"","protected":false},"excerpt":{"rendered":"","protected":false},"author":30,"featured_media":0,"parent":0,"menu_order":0,"comment_status":"closed","ping_status":"closed","template":"","meta":{"footnotes":""},"class_list":["post-26578","page","type-page","status-publish","hentry"],"yoast_head":"<!-- This site is optimized with the Yoast SEO plugin v27.4 - https:\/\/yoast.com\/product\/yoast-seo-wordpress\/ -->\n<title>Privacy Notice - Retailers&#039; Network<\/title>\n<meta name=\"robots\" content=\"index, follow, max-snippet:-1, max-image-preview:large, max-video-preview:-1\" \/>\n<link rel=\"canonical\" href=\"https:\/\/trade.games-workshop.com\/da\/privacy-notice\/\" \/>\n<meta property=\"og:locale\" content=\"da_DK\" \/>\n<meta property=\"og:type\" content=\"article\" \/>\n<meta property=\"og:title\" content=\"Privacy Notice - Retailers&#039; Network\" \/>\n<meta property=\"og:url\" content=\"https:\/\/trade.games-workshop.com\/da\/privacy-notice\/\" \/>\n<meta property=\"og:site_name\" content=\"Retailers&#039; Network\" \/>\n<meta property=\"article:modified_time\" content=\"2021-03-23T16:04:38+00:00\" \/>\n<meta name=\"twitter:card\" content=\"summary_large_image\" \/>\n<script type=\"application\/ld+json\" class=\"yoast-schema-graph\">{\"@context\":\"https:\\\/\\\/schema.org\",\"@graph\":[{\"@type\":\"WebPage\",\"@id\":\"https:\\\/\\\/trade.games-workshop.com\\\/da\\\/privacy-notice\\\/\",\"url\":\"https:\\\/\\\/trade.games-workshop.com\\\/da\\\/privacy-notice\\\/\",\"name\":\"Privacy Notice - Retailers&#039; Network\",\"isPartOf\":{\"@id\":\"https:\\\/\\\/trade.games-workshop.com\\\/#website\"},\"datePublished\":\"2019-05-16T12:15:26+00:00\",\"dateModified\":\"2021-03-23T16:04:38+00:00\",\"breadcrumb\":{\"@id\":\"https:\\\/\\\/trade.games-workshop.com\\\/da\\\/privacy-notice\\\/#breadcrumb\"},\"inLanguage\":\"da-DK\",\"potentialAction\":[{\"@type\":\"ReadAction\",\"target\":[\"https:\\\/\\\/trade.games-workshop.com\\\/da\\\/privacy-notice\\\/\"]}]},{\"@type\":\"BreadcrumbList\",\"@id\":\"https:\\\/\\\/trade.games-workshop.com\\\/da\\\/privacy-notice\\\/#breadcrumb\",\"itemListElement\":[{\"@type\":\"ListItem\",\"position\":1,\"name\":\"Home\",\"item\":\"https:\\\/\\\/trade.games-workshop.com\\\/da\\\/\"},{\"@type\":\"ListItem\",\"position\":2,\"name\":\"Privacy Notice\"}]},{\"@type\":\"WebSite\",\"@id\":\"https:\\\/\\\/trade.games-workshop.com\\\/#website\",\"url\":\"https:\\\/\\\/trade.games-workshop.com\\\/\",\"name\":\"Retailers&#039; Network\",\"description\":\"Games Workshop Trade Site\",\"potentialAction\":[{\"@type\":\"SearchAction\",\"target\":{\"@type\":\"EntryPoint\",\"urlTemplate\":\"https:\\\/\\\/trade.games-workshop.com\\\/?s={search_term_string}\"},\"query-input\":{\"@type\":\"PropertyValueSpecification\",\"valueRequired\":true,\"valueName\":\"search_term_string\"}}],\"inLanguage\":\"da-DK\"}]}<\/script>\n<!-- \/ Yoast SEO plugin. -->","yoast_head_json":{"title":"Privacy Notice - Retailers&#039; Network","robots":{"index":"index","follow":"follow","max-snippet":"max-snippet:-1","max-image-preview":"max-image-preview:large","max-video-preview":"max-video-preview:-1"},"canonical":"https:\/\/trade.games-workshop.com\/da\/privacy-notice\/","og_locale":"da_DK","og_type":"article","og_title":"Privacy Notice - Retailers&#039; Network","og_url":"https:\/\/trade.games-workshop.com\/da\/privacy-notice\/","og_site_name":"Retailers&#039; Network","article_modified_time":"2021-03-23T16:04:38+00:00","twitter_card":"summary_large_image","schema":{"@context":"https:\/\/schema.org","@graph":[{"@type":"WebPage","@id":"https:\/\/trade.games-workshop.com\/da\/privacy-notice\/","url":"https:\/\/trade.games-workshop.com\/da\/privacy-notice\/","name":"Privacy Notice - Retailers&#039; Network","isPartOf":{"@id":"https:\/\/trade.games-workshop.com\/#website"},"datePublished":"2019-05-16T12:15:26+00:00","dateModified":"2021-03-23T16:04:38+00:00","breadcrumb":{"@id":"https:\/\/trade.games-workshop.com\/da\/privacy-notice\/#breadcrumb"},"inLanguage":"da-DK","potentialAction":[{"@type":"ReadAction","target":["https:\/\/trade.games-workshop.com\/da\/privacy-notice\/"]}]},{"@type":"BreadcrumbList","@id":"https:\/\/trade.games-workshop.com\/da\/privacy-notice\/#breadcrumb","itemListElement":[{"@type":"ListItem","position":1,"name":"Home","item":"https:\/\/trade.games-workshop.com\/da\/"},{"@type":"ListItem","position":2,"name":"Privacy Notice"}]},{"@type":"WebSite","@id":"https:\/\/trade.games-workshop.com\/#website","url":"https:\/\/trade.games-workshop.com\/","name":"Retailers&#039; Network","description":"Games Workshop Trade Site","potentialAction":[{"@type":"SearchAction","target":{"@type":"EntryPoint","urlTemplate":"https:\/\/trade.games-workshop.com\/?s={search_term_string}"},"query-input":{"@type":"PropertyValueSpecification","valueRequired":true,"valueName":"search_term_string"}}],"inLanguage":"da-DK"}]}},"acf":{"_content":[{"acf_fc_layout":"wysiwyg","content":"<p>Games Workshop har forpligtet sig til at beskytte vores handelspartneres samt deres ansattes privatliv. Denne meddelelse beskriver, hvordan vi indsamler og anvender information om vores handelspartnere og deres ansatte. Denne meddelelse g\u00e6lder for alle mulige, nuv\u00e6rende samt tidligere handelspartnere og deres ansatte.<\/p>\n<p>Hvis du giver oplysninger om dine ansatte til os, bekr\u00e6fter du, at du ogs\u00e5 har givet disse en kopi af denne meddelelse, at du har informeret dem om vores identitet samt de form\u00e5l, deres personoplysninger indsamles med, og at du har f\u00e5et deres tilladelse til, at disse oplysninger kan behandles af os. Denne meddelelse er henvendt til b\u00e5de handelspartnere og deres ansatte.<\/p>\n<p>Den dataansvarlige for de indsamlede personoplysninger er Games Workshop Limited, Willow Road, Nottingham, NG7 2WS, Storbritannien.<\/p>\n<p>L\u00e6s venligst denne meddelelse omhyggeligt for at forst\u00e5, hvordan og hvorfor vi g\u00f8r brug af vores handelspartneres samt deres ansattes personoplysninger.<\/p>\n","trigger_form":false,"is_external":false,"page_link":"","link_url":"","link_text":"","justify":"center","background_colour":"white","title":"Privatlivsmeddelelse for handelspartnere \u2013 maj 2019"},{"acf_fc_layout":"accordion","groups":[{"group_title":"1. Typer af oplysninger, vi kan indsamle om dig","items":[{"item_title":"","item_content":"<p>Vi kan indsamle, lagre og g\u00f8re brug af f\u00f8lgende kategorier af personoplysninger om dig:<\/p>\n<ul>\n<li>Personlige kontaktoplysninger s\u00e5som navn, stilling, adresse, telefonnumre og personlige e-mailadresser.<\/li>\n<li>Virksomheds-\/firmaoplysninger s\u00e5som navn og adresse.<\/li>\n<li>Kontonummer.<\/li>\n<li>Resultatet af din kreditvurdering samt din kreditgr\u00e6nse.<\/li>\n<li>Oplysninger frembragt i forbindelse med telefonopkald, herunder optagelser, telefonnummer og opkaldsl\u00e6ngde.<\/li>\n<\/ul>\n"}]},{"group_title":"2. Hvordan indsamles dine personoplysninger?","items":[{"item_title":"","item_content":"<p>Vi indsamler oplysninger om dig i l\u00f8bet af vores indledende kontakt og under oprettelsen af din konto hos os. Oplysningerne indsamles enten direkte fra dig eller i visse tilf\u00e6lde via andre kilder, herunder kreditoplysningsbureauer.<\/p>\n<p>Vi vil ogs\u00e5 indsamle yderligere oplysninger om dig under forl\u00f8bet af vores handelspartnerskab.<\/p>\n"}]},{"group_title":"3. Hvorfor indsamler vi dine personoplysninger?","items":[{"item_title":"","item_content":"<p>De situationer, hvor vi indsamler personoplysninger om dig, er anf\u00f8rt nedenfor:<\/p>\n<ul>\n<li>H\u00e5ndtering og behandling af ans\u00f8gningsformularer fra potentielle handelspartnere.<\/li>\n<li>H\u00e5ndtering af foresp\u00f8rgsler fra potentielle handelspartnere.<\/li>\n<li>Oprettelse af handelspartnere i vores interne systemer.<\/li>\n<li>Lagring af underskrevne kontrakter med handelspartnere.<\/li>\n<li>Fastl\u00e6ggelse og administration af handelspartneres kreditgr\u00e6nser.<\/li>\n<li>Opfyldelse af vores kontraktlige forpligtelser over for en handelspartner samt samarbejde med handelspartneren som kr\u00e6vet iht. kontraktens form\u00e5l.<\/li>\n<li>Administration af fordele i ordningen for lagerf\u00f8rende forhandlere.<\/li>\n<li>Visning af dine oplysninger i \u2018Butiksfinder\u2019-sektionen p\u00e5 vores hjemmeside.<\/li>\n<li>Fakturering, bogf\u00f8ring af betalingsoplysninger og indhentning af forfaldne betalinger.<\/li>\n<li>Bogf\u00f8ring af lister over varer leveret til en handelspartner.<\/li>\n<li>Analyse af en handelspartners salgsniveau.<\/li>\n<li>H\u00e5ndtering og l\u00f8sning af tvister<\/li>\n<li>Opl\u00e6ring af medarbejdere.<\/li>\n<\/ul>\n<p>Det juridiske grundlag for vores indsamling og anvendelse af ovenn\u00e6vnte personoplysninger afh\u00e6nger af de specifikke indsamlede oplysninger samt det specifikke form\u00e5l, de bliver indsamlet med, herunder (i) opfyldelse af vores kontraktbundne forpligtelser over for en handelspartner (eller gennemf\u00f8relse af p\u00e5kr\u00e6vede trin forud for indg\u00e5elsen af en kontrakt med en handelspartner), (ii) muligg\u00f8relse af vores overholdelse af lovm\u00e6ssige forpligtelser samt (iii) behandling i tilf\u00e6lde, hvor dette sker i forbindelse med vores legitime interesser og ikke er i strid med dine rettigheder.<\/p>\n<p>Hvis vi indsamler og anvender dine personoplysninger for at underst\u00f8tte vores (eller en tredjeparts) legitime interesser, vil disse interesser normalt v\u00e6re vores legitime kommercielle interesser samt salgsanalyse, salgsstrategi og h\u00e5ndtering af kreditrelaterede risici. Vi kan have andre legitime interesser, og hvis vi indsamler dine personoplysninger i forbindelse hermed, vil vi oplyse dig om arten af disse, s\u00e5fremt dette er relevant.<\/p>\n<p>Hvis du har sp\u00f8rgsm\u00e5l eller behov for mere information om det lovgrundlag, hvorp\u00e5 vi indsamler og anvender dine personoplysninger, bedes du venligst kontakte os (afsnit 13).<\/p>\n"}]},{"group_title":"4. Hvad sker der, hvis du ikke videregiver dine personoplysninger?","items":[{"item_title":"","item_content":"<p>Hvis du ikke videregiver specifikke oplysninger, n\u00e5r du anmodes om dette, vil vi muligvis ikke kunne overholde enhver kontrakt, vi har indg\u00e5et med dig, og den manglende videregivelse kan forhindre os i at overholde vores juridiske forpligtelser.<\/p>\n"}]},{"group_title":"5. Hvad nu, hvis vi \u00f8nsker at anvende dine oplysninger til andre form\u00e5l?","items":[{"item_title":"","item_content":"<p>Vi vil udelukkende anvende dine personoplysninger til det form\u00e5l, de er indsamlet med, medmindre der foreligger en velbegrundet overvejelse om, at vi har behov for at anvende dem af en anden \u00e5rsag, og s\u00e5fremt denne \u00e5rsag er kompatibel med det oprindelige form\u00e5l. Skulle vi f\u00e5 behov for at anvende dine personoplysninger til et urelateret form\u00e5l, vil vi informere dig om dette samt om det juridiske grundlag, der giver os hjemmel til denne anvendelse.<\/p>\n<p>V\u00e6r venligst opm\u00e6rksom p\u00e5, at vi kan behandle dine personoplysninger uden din viden eller dit samtykke, n\u00e5r dette er kr\u00e6vet eller tilladt ved lov.<\/p>\n"}]},{"group_title":"6. Hvor sikre er dine oplysninger?","items":[{"item_title":"","item_content":"<p>Vi har taget passende tekniske og organisatoriske foranstaltninger for at forhindre utilsigtet tilgang til samt tab, \u00e6ndring eller videregivelse af dine personoplysninger. De foranstaltninger, vi har taget, er designet til at give et niveau af sikkerhed, som er passende for den risiko, vores behandling af dine personoplysninger indeb\u00e6rer, og inkluderer:<\/p>\n<ul>\n<li>Kontrol med adgang til lokaliteter: Kun autoriseret personale har adgang til de lokaliteter, bygninger og rum, hvor dine personoplysninger bliver behandlet.<\/li>\n<li>Kontrol med IT-adgang: Kun autoriseret personale har adgang til de af dine personoplysninger, der lagres i vores IT-systemer.<\/li>\n<li>Kontrol med IT-sikkerhed: Vi anvender passende teknologi og sikkerhedsforanstaltninger for at garantere sikker lagring af dine oplysninger.<\/li>\n<li>Politikker og procedurer: Vi har implementeret omfattende politikker samt procedurer for databeskyttelse og IT-sikkerhed, der fastl\u00e6gger den m\u00e5de, hvorp\u00e5 vores ansatte behandler dine oplysninger.<\/li>\n<li>Opl\u00e6ring: Det personale, som behandler dine oplysninger, modtager l\u00f8bende opl\u00e6ring i databeskyttelse og IT-sikkerhed.<\/li>\n<\/ul>\n"}]},{"group_title":"7. Hvem kan vi potentielt dele dine oplysninger med?","items":[{"item_title":"","item_content":"<p>Vi kan potentielt dele dine oplysninger i de situationer, som er beskrevet nedenfor:<\/p>\n<ul>\n<li>Leverand\u00f8rer af tredjepartstjenester<\/li>\n<\/ul>\n<p>Vi kan potentielt dele dine personoplysninger med tredjeparter, som leverer tjenester til os. F\u00f8lgende aktiviteter indeb\u00e6rer alle behandling af personoplysninger og udf\u00f8res af leverand\u00f8rer af tredjepartstjenester: hosting af hjemmesider, s\u00f8gning efter kreditoplysninger, hosting og vedligeholdelse af vores Customer Relationship Management-platform, mail- og distributionstjenester, database- og mailingliste-tjenester, administrative tjenester, vedligeholdelse af vores system til optagelse af telefonopkald, leverand\u00f8rer af IT-tjenester, deling af og samarbejde om dokumentation og information, juridiske r\u00e5dgivere. Yderligere information om de tilknyttede leverand\u00f8rer af tredjepartstjenester udleveres p\u00e5 foresp\u00f8rgsel. Kontakt os venligst (afsnit 13) for yderligere information.<\/p>\n<p>Det kr\u00e6ves af alle vores tilknyttede leverand\u00f8rer af tredjepartstjenester, at de tager passende sikkerhedsforanstaltninger for at beskytte dine personoplysninger. Det er ikke tilladt for vores tilknyttede leverand\u00f8rer af tredjepartstjenester at anvende dine personoplysninger til deres egne form\u00e5l. Vi giver dem udelukkende tilladelse til at behandle dine personoplysninger til specificerede form\u00e5l og i overensstemmelse med vores anvisninger.<\/p>\n<ul>\n<li>Games Workshop-koncernen<\/li>\n<\/ul>\n<p>Vi kan potentielt dele dine personoplysninger med andre dele af vores koncern som en del af regul\u00e6rt forekommende rapporteringsaktiviteter vedr\u00f8rende virksomhedens performance, som en del af en omstrukturering af vores virksomhed eller koncern eller i forbindelse med vedligeholdelse af vores systemer.<\/p>\n<ul>\n<li>Salg eller omstrukturering<\/li>\n<\/ul>\n<p>Vi kan potentielt dele dine personoplysninger i tilf\u00e6lde af salg eller omstrukturering af vores virksomhed, s\u00e5fremt vi forud for dette informerer k\u00f8beren om, at denne udelukkende m\u00e5 anvende dine personoplysninger til de form\u00e5l, som er beskrevet i denne meddelelse.<\/p>\n<ul>\n<li>Juridiske forpligtelser, lovbestemte rettigheder og vitale interesser<\/li>\n<\/ul>\n<p>Det kan potentielt ogs\u00e5 blive n\u00f8dvendigt for os at dele dine oplysninger med juridiske myndigheder, regulatoriske offentlige myndigheder eller andre tredjeparter, n\u00e5r vi finder dette n\u00f8dvendigt (i) som f\u00f8lge af g\u00e6ldende lovkrav, (ii) for at ud\u00f8ve, fasts\u00e6tte eller forsvare vores lovbestemte rettigheder (iii) eller for at beskytte dine eller en anden persons vitale interesser.<\/p>\n"}]},{"group_title":"8. Videregiver I mine oplysninger uden for den Europ\u00e6iske Union?","items":[{"item_title":"","item_content":"<p>Vi kan potentielt videregive dine oplysninger uden for Det Europ\u00e6iske \u00d8konomiske Samarbejdsomr\u00e5de (<strong>E\u00d8S<\/strong>). Vi vil kun videregive dine personoplysninger uden for E\u00d8S, s\u00e5fremt der i denne forbindelse er taget passende sikkerhedsforanstaltninger. For at sikre, at dine personoplysninger bliver beskyttet p\u00e5 korrekt vis uden for E\u00d8S, tager vi f\u00f8lgende sikkerhedsforanstaltninger:<\/p>\n<ul>\n<li>Videregivelse til lande godkendt af Europa-Kommissionen<\/li>\n<li>Anvendelse af kontraktlige modelklausuler godkendt af Europa-Kommissionen<\/li>\n<li>Krav til virksomheder i USA, som vi overf\u00f8rer oplysninger til, om, at de skal v\u00e6re tilmeldt EU\/US Privacy Shield Framework<\/li>\n<\/ul>\n<p>Yderligere detaljer om de sikkerhedsforanstaltninger, der tages uden for E\u00d8S, oplyses p\u00e5 anmodning. Kontakt os venligst (afsnit 13) for yderligere information.<\/p>\n"}]},{"group_title":"9. Hvor l\u00e6nge opbevarer vi dine oplysninger?","items":[{"item_title":"","item_content":"<p>Vi opbevarer kun dine oplysninger s\u00e5 l\u00e6nge, at dette er n\u00f8dvendigt for de ovenfor beskrevne form\u00e5l, herunder overholdelsen af ethvert juridisk, regnskabs- eller rapporteringsm\u00e6ssigt krav.<\/p>\n<p>For st\u00f8rstedelen af dine oplysninger er det g\u00e6ldende, at vi kun vil opbevare disse, indtil udl\u00f8bet af den kontrakt, vi har indg\u00e5et med dig, og i en periode p\u00e5 6 \u00e5r herefter.<\/p>\n<p>N\u00e5r vi ikke har et relevant legitimt forretningsm\u00e6ssigt behov for at behandle dine personoplysninger, vil vi enten slette eller anonymisere disse eller, s\u00e5fremt dette ikke er muligt (hvis dine oplysninger eksempelvis er lagret i backup-arkiver), forsvarligt lagre oplysningerne samt sikre, at de ikke underg\u00e5r yderligere behandling indil et s\u00e5dant tidspunkt, hvor det er muligt at slette dem.<\/p>\n<p>For at fastl\u00e6gge en passende lagringsperiode for dine personoplysninger, tager vi stilling til m\u00e6ngden, arten og f\u00f8lsomheden af disse, den potentielle risiko for skade for\u00e5rsaget af uautoriseret anvendelse eller videregivelse af dine personoplysninger, behandlingsform\u00e5let, samt hvorvidt vi kan opfylde vores form\u00e5l via andre midler, mens vi ogs\u00e5 tager hensyn til g\u00e6ldende lovkrav.<\/p>\n<p>I nogle tilf\u00e6lde kan vi potentielt anonymisere dine personoplysninger, s\u00e5ledes at de ikke l\u00e6ngere kan knyttes til dig, og i disse tilf\u00e6lde kan vi bruge s\u00e5danne oplysninger uden at informere dig yderligere om dette.<\/p>\n"}]},{"group_title":"10. Hvilke rettigheder har du, n\u00e5r det g\u00e6lder dine personoplysninger?","items":[{"item_title":"","item_content":"<p>I visse tilf\u00e6lde har du lovbestemt ret til:<\/p>\n<ul>\n<li>At anmode om en kopi af de personoplysninger, vi opbevarer om dig<\/li>\n<li>At anmode om rettelse af ufuldst\u00e6ndige eller ukorrekte oplysninger, vi opbevarer om dig<\/li>\n<li>At anmode om sletning af oplysninger, hvis der ikke er en gyldig \u00e5rsag til den fortsatte behandling af disse<\/li>\n<li>At g\u00f8re indsigelse mod behandlingen af dine oplysninger i tilf\u00e6lde, hvor vi har en legitim interesse i at behandle dine oplysninger.<\/li>\n<li>I de tilf\u00e6lde, hvor vi behandler dine oplysninger til et specifikt form\u00e5l p\u00e5 grundlag af dit samtykke, har du til enhver tid ret til at tilbagetr\u00e6kke dit samtykke.<\/li>\n<li>At anmode om begr\u00e6nsning eller berostilling af vores behandling af dine personoplysninger.<\/li>\n<li>At anmode om overf\u00f8rsel af de personoplysninger, du har givet til os, til en anden part.<\/li>\n<\/ul>\n<p>Hvis du \u00f8nsker at ud\u00f8ve enhver af disse rettigheder, bedes du venligst kontakte os (afsnit 13).<\/p>\n<p>Der vil ikke v\u00e6re noget gebyr forbundet med ud\u00f8velsen af dine rettigheder, men vi kan opkr\u00e6ve et rimeligt og passende bel\u00f8b, hvis din anmodning er ubegrundet eller anses som v\u00e6rende urimelig. Alternativt kan vi i s\u00e5danne tilf\u00e6lde n\u00e6gte at efterkomme din anmodning.<\/p>\n<p>Bem\u00e6rk venligst, at vi kan anmode dig om oplysninger for at bekr\u00e6fte din identitet og fastsl\u00e5, om du har ret til at ud\u00f8ve disse rettigheder.<\/p>\n<p>Hvis du ikke er tilfreds med vores behandling af dine personoplysninger, har du ogs\u00e5 ret til at indgive en klage til den relevante tilsynsf\u00f8rende myndighed. Se venligst <a href=\"http:\/\/ec.europa.eu\/newsroom\/article29\/item-detail.cfm?item_id=612080\" target=\"_blank\" rel=\"noopener\">denne side<\/a> for de relevante kontaktoplysninger.<\/p>\n"}]},{"group_title":"11. Hvad kr\u00e6ver vi af dig?","items":[{"item_title":"","item_content":"<p>Det er vigtigt, at de personoplysninger, vi opbevarer om dig, er pr\u00e6cise og opdaterede. Giv venligst omg\u00e5ende besked om eventuelle \u00e6ndringer af de personoplysninger, vi opbevarer om dig.<\/p>\n"}]},{"group_title":"12. \u00c6ndring af denne privatlivsmeddelelse","items":[{"item_title":"","item_content":"<p>Vi kan opdatere denne meddelelse fra tid til anden. N\u00e5r vi opdaterer denne meddelelse, vil vi i henhold til \u00e6ndringernes vigtighed s\u00f8rge for at informere dig om dette. Vi vil indhente dit samtykke i tilf\u00e6lde af materielle \u00e6ndringer, n\u00e5r og hvis dette er kr\u00e6vet ved lov.<\/p>\n<p>Du kan se, hvorn\u00e5r denne meddelelse sidst blev opdateret, ved at tjekke den dato, som er anf\u00f8rt \u00f8verst i denne meddelelse.<\/p>\n"}]},{"group_title":"13. Kontakt os","items":[{"item_title":"","item_content":"<p>Games Workshop-koncernens Data Protection Manager er ansvarlig for denne meddelelse. Hvis du har sp\u00f8rgsm\u00e5l, klager eller anmodninger, bedes du venligst kontakte vores Data Protection Manager via e-mail: <a href=\"mailto:privacy@gwplc.com\"><strong>privacy@gwplc.com<\/strong><\/a>.<\/p>\n"}]}]}]},"_links":{"self":[{"href":"https:\/\/trade.games-workshop.com\/da\/wp-json\/wp\/v2\/pages\/26578","targetHints":{"allow":["GET"]}}],"collection":[{"href":"https:\/\/trade.games-workshop.com\/da\/wp-json\/wp\/v2\/pages"}],"about":[{"href":"https:\/\/trade.games-workshop.com\/da\/wp-json\/wp\/v2\/types\/page"}],"author":[{"embeddable":true,"href":"https:\/\/trade.games-workshop.com\/da\/wp-json\/wp\/v2\/users\/30"}],"replies":[{"embeddable":true,"href":"https:\/\/trade.games-workshop.com\/da\/wp-json\/wp\/v2\/comments?post=26578"}],"version-history":[{"count":0,"href":"https:\/\/trade.games-workshop.com\/da\/wp-json\/wp\/v2\/pages\/26578\/revisions"}],"wp:attachment":[{"href":"https:\/\/trade.games-workshop.com\/da\/wp-json\/wp\/v2\/media?parent=26578"}],"curies":[{"name":"wp","href":"https:\/\/api.w.org\/{rel}","templated":true}]}}