{"id":1361,"date":"2019-02-14T23:46:16","date_gmt":"2019-02-14T23:46:16","guid":{"rendered":"https:\/\/trade.games-workshop.com\/common-questions\/"},"modified":"2019-05-12T10:45:05","modified_gmt":"2019-05-12T09:45:05","slug":"common-questions","status":"publish","type":"page","link":"https:\/\/trade.games-workshop.com\/de\/common-questions\/","title":{"rendered":"H\u00e4ufige Fragen"},"content":{"rendered":"","protected":false},"excerpt":{"rendered":"","protected":false},"author":1,"featured_media":0,"parent":0,"menu_order":0,"comment_status":"closed","ping_status":"closed","template":"","meta":{"footnotes":""},"class_list":["post-1361","page","type-page","status-publish","hentry"],"yoast_head":"<!-- This site is optimized with the Yoast SEO plugin v27.4 - https:\/\/yoast.com\/product\/yoast-seo-wordpress\/ -->\n<title>H\u00e4ufige Fragen - Retailers&#039; Network<\/title>\n<meta name=\"robots\" content=\"index, follow, max-snippet:-1, max-image-preview:large, max-video-preview:-1\" \/>\n<link rel=\"canonical\" href=\"https:\/\/trade.games-workshop.com\/de\/common-questions\/\" \/>\n<meta property=\"og:locale\" content=\"de_DE\" \/>\n<meta property=\"og:type\" content=\"article\" \/>\n<meta property=\"og:title\" content=\"H\u00e4ufige Fragen - Retailers&#039; Network\" \/>\n<meta property=\"og:url\" content=\"https:\/\/trade.games-workshop.com\/de\/common-questions\/\" \/>\n<meta property=\"og:site_name\" content=\"Retailers&#039; Network\" \/>\n<meta property=\"article:modified_time\" content=\"2019-05-12T09:45:05+00:00\" \/>\n<meta name=\"twitter:card\" content=\"summary_large_image\" \/>\n<script type=\"application\/ld+json\" class=\"yoast-schema-graph\">{\"@context\":\"https:\\\/\\\/schema.org\",\"@graph\":[{\"@type\":\"WebPage\",\"@id\":\"https:\\\/\\\/trade.games-workshop.com\\\/de\\\/common-questions\\\/\",\"url\":\"https:\\\/\\\/trade.games-workshop.com\\\/de\\\/common-questions\\\/\",\"name\":\"H\u00e4ufige Fragen - Retailers&#039; Network\",\"isPartOf\":{\"@id\":\"https:\\\/\\\/trade.games-workshop.com\\\/#website\"},\"datePublished\":\"2019-02-14T23:46:16+00:00\",\"dateModified\":\"2019-05-12T09:45:05+00:00\",\"breadcrumb\":{\"@id\":\"https:\\\/\\\/trade.games-workshop.com\\\/de\\\/common-questions\\\/#breadcrumb\"},\"inLanguage\":\"de-DE\",\"potentialAction\":[{\"@type\":\"ReadAction\",\"target\":[\"https:\\\/\\\/trade.games-workshop.com\\\/de\\\/common-questions\\\/\"]}]},{\"@type\":\"BreadcrumbList\",\"@id\":\"https:\\\/\\\/trade.games-workshop.com\\\/de\\\/common-questions\\\/#breadcrumb\",\"itemListElement\":[{\"@type\":\"ListItem\",\"position\":1,\"name\":\"Home\",\"item\":\"https:\\\/\\\/trade.games-workshop.com\\\/de\\\/\"},{\"@type\":\"ListItem\",\"position\":2,\"name\":\"H\u00e4ufige Fragen\"}]},{\"@type\":\"WebSite\",\"@id\":\"https:\\\/\\\/trade.games-workshop.com\\\/#website\",\"url\":\"https:\\\/\\\/trade.games-workshop.com\\\/\",\"name\":\"Retailers&#039; Network\",\"description\":\"Games Workshop Trade Site\",\"potentialAction\":[{\"@type\":\"SearchAction\",\"target\":{\"@type\":\"EntryPoint\",\"urlTemplate\":\"https:\\\/\\\/trade.games-workshop.com\\\/?s={search_term_string}\"},\"query-input\":{\"@type\":\"PropertyValueSpecification\",\"valueRequired\":true,\"valueName\":\"search_term_string\"}}],\"inLanguage\":\"de-DE\"}]}<\/script>\n<!-- \/ Yoast SEO plugin. -->","yoast_head_json":{"title":"H\u00e4ufige Fragen - Retailers&#039; Network","robots":{"index":"index","follow":"follow","max-snippet":"max-snippet:-1","max-image-preview":"max-image-preview:large","max-video-preview":"max-video-preview:-1"},"canonical":"https:\/\/trade.games-workshop.com\/de\/common-questions\/","og_locale":"de_DE","og_type":"article","og_title":"H\u00e4ufige Fragen - Retailers&#039; Network","og_url":"https:\/\/trade.games-workshop.com\/de\/common-questions\/","og_site_name":"Retailers&#039; Network","article_modified_time":"2019-05-12T09:45:05+00:00","twitter_card":"summary_large_image","schema":{"@context":"https:\/\/schema.org","@graph":[{"@type":"WebPage","@id":"https:\/\/trade.games-workshop.com\/de\/common-questions\/","url":"https:\/\/trade.games-workshop.com\/de\/common-questions\/","name":"H\u00e4ufige Fragen - Retailers&#039; Network","isPartOf":{"@id":"https:\/\/trade.games-workshop.com\/#website"},"datePublished":"2019-02-14T23:46:16+00:00","dateModified":"2019-05-12T09:45:05+00:00","breadcrumb":{"@id":"https:\/\/trade.games-workshop.com\/de\/common-questions\/#breadcrumb"},"inLanguage":"de-DE","potentialAction":[{"@type":"ReadAction","target":["https:\/\/trade.games-workshop.com\/de\/common-questions\/"]}]},{"@type":"BreadcrumbList","@id":"https:\/\/trade.games-workshop.com\/de\/common-questions\/#breadcrumb","itemListElement":[{"@type":"ListItem","position":1,"name":"Home","item":"https:\/\/trade.games-workshop.com\/de\/"},{"@type":"ListItem","position":2,"name":"H\u00e4ufige Fragen"}]},{"@type":"WebSite","@id":"https:\/\/trade.games-workshop.com\/#website","url":"https:\/\/trade.games-workshop.com\/","name":"Retailers&#039; Network","description":"Games Workshop Trade Site","potentialAction":[{"@type":"SearchAction","target":{"@type":"EntryPoint","urlTemplate":"https:\/\/trade.games-workshop.com\/?s={search_term_string}"},"query-input":{"@type":"PropertyValueSpecification","valueRequired":true,"valueName":"search_term_string"}}],"inLanguage":"de-DE"}]}},"acf":{"_content":[{"acf_fc_layout":"hero_low_profile","title":"H\u00e4ufige Fragen","summary":"Verwirrt von all dem Gerede \u00fcber Space Marines und Troglodons? Keine Panik, wir haben die Antworten! Lesen Sie die h\u00e4ufig gestellten Fragen im Folgenden und vergessen Sie nicht \u2013 wenn die Antwort auf Ihre Frage sich dort nicht befindet, sind wir nur einen Anruf entfernt. "},{"acf_fc_layout":"accordion","groups":[{"group_title":"H\u00e4ndler werden","items":[{"item_title":"Was kostet der Einstieg?","item_content":"<p>Wir bieten verschiedene Sortimente an, die entsprechend Ihrer Gesch\u00e4ftspl\u00e4ne und dem, was Sie f\u00fcr Ihren Laden und Ihre Kunden wollen, gew\u00e4hlt werden k\u00f6nnen. F\u00fcr neue H\u00e4ndler gibt es einen Mindestbestellwert mit verschiedenen Zahlungsm\u00f6glichkeiten.<\/p>\n"},{"item_title":"Was sind die Bedingungen?","item_content":"<p>Beginnen Sie damit, eine Bewerbung auszuf\u00fcllen. Um mit uns zu handeln, ben\u00f6tigen Sie einen real existierenden Verkaufsplatz, von dem aus Sie an die \u00d6ffentlichkeit verkaufen.<\/p>\n"},{"item_title":"Wie lange dauert es, bis wir zusammenarbeiten?","item_content":"<p>Eine erfolgreiche Bewerbungsdokumentation erm\u00f6glicht Ihnen, innerhalb von Tagen startbereit zu sein.<\/p>\n"}]},{"group_title":"Gesch\u00e4ftsbedingungen","items":[{"item_title":"Wie sehen die Gesch\u00e4ftsbedingungen und Handelsspannen aus?","item_content":"<p>Die beste M\u00f6glichkeit, Ihre Verk\u00e4ufe zu steigern und die die Handelsspanne und f\u00fcr Ihr Szenario zutreffende Vorteile zu er\u00f6rtern ist es, mit uns zu sprechen \u2013 wir arbeiten mit Ihnen zusammen, um Ihre Handelsfragen zu beantworten.<\/p>\n"},{"item_title":"Wie sehen die Zahlungsoptionen aus?","item_content":"<p>Wir bieten viele Optionen an, darunter verschiedene Zahlungsmethoden und Kreditbedingungen.<\/p>\n"},{"item_title":"Kann ich online verkaufen?","item_content":"<p>Wenn Sie einen real existierenden Laden besitzen, der Produkte von Games Workshop f\u00fchrt, k\u00f6nnen sie unter bestimmten Bedingungen auch online verkaufen.<\/p>\n"},{"item_title":"Kann ich Ihre Produkte in meinem Sortiment haben, wenn ein anderer H\u00e4ndler in meiner N\u00e4he schon Ihre Produkte f\u00fchrt?","item_content":"<p>Ja, wir haben keine N\u00e4heregelungen.<\/p>\n"}]},{"group_title":"Wissen, was man f\u00fchren sollte","items":[{"item_title":"Was sollte ich auf Lager haben?","item_content":"<p>Wir haben eine gro\u00dfe Menge Verkaufsdaten, die uns dabei helfen, Sie bei der Auswahl zu unterst\u00fctzen, die am Besten zu Ihrem Gesch\u00e4ftsplan passt und die maximalen Verk\u00e4ufe f\u00fcr Ihre Investition bietet, darunter eine Vielfalt von leicht auf Lager zu haltenden Bestsellersortimenten, die auf viele verschiedene Handelsformate passen.<\/p>\n"}]},{"group_title":"Zus\u00e4tzliche Unterst\u00fctzung","items":[{"item_title":"Kann jemand in meinen Laden kommen, um Demonstrationen und Events durchzuf\u00fchren?","item_content":"<p>Wir bieten Unterst\u00fctzung, um Ihnen zu helfen, die richtige Person anzuregen, in Ihrem Laden Games Workshop zu promoten.<\/p>\n"},{"item_title":"Welche Ressourcen haben Sie f\u00fcr mich?","item_content":"<p>Wir bieten physische und digitale Unterst\u00fctzung und Werbematerialien. Wir k\u00f6nnen Werbung f\u00fcr Ihren Laden auf unserer sehr beliebten Website machen, bieten engagierte und gut ausgebildete Kundenbetreuer und andere Unterst\u00fctzung, einschlie\u00dflich dem Organisierten Spiel.<\/p>\n"}]}]}]},"_links":{"self":[{"href":"https:\/\/trade.games-workshop.com\/de\/wp-json\/wp\/v2\/pages\/1361","targetHints":{"allow":["GET"]}}],"collection":[{"href":"https:\/\/trade.games-workshop.com\/de\/wp-json\/wp\/v2\/pages"}],"about":[{"href":"https:\/\/trade.games-workshop.com\/de\/wp-json\/wp\/v2\/types\/page"}],"author":[{"embeddable":true,"href":"https:\/\/trade.games-workshop.com\/de\/wp-json\/wp\/v2\/users\/1"}],"replies":[{"embeddable":true,"href":"https:\/\/trade.games-workshop.com\/de\/wp-json\/wp\/v2\/comments?post=1361"}],"version-history":[{"count":0,"href":"https:\/\/trade.games-workshop.com\/de\/wp-json\/wp\/v2\/pages\/1361\/revisions"}],"wp:attachment":[{"href":"https:\/\/trade.games-workshop.com\/de\/wp-json\/wp\/v2\/media?parent=1361"}],"curies":[{"name":"wp","href":"https:\/\/api.w.org\/{rel}","templated":true}]}}