{"id":4347,"date":"2019-05-10T15:40:25","date_gmt":"2019-05-10T14:40:25","guid":{"rendered":"https:\/\/trade.games-workshop.com\/start-here\/"},"modified":"2020-06-19T16:43:36","modified_gmt":"2020-06-19T15:43:36","slug":"start-here","status":"publish","type":"page","link":"https:\/\/trade.games-workshop.com\/de\/start-here\/","title":{"rendered":"Hier beginnen"},"content":{"rendered":"<p>Warhammer ist eine weltweit bekannte Marke und umfasst ein riesiges Sortiment an Spielen, Miniaturen und Zubeh\u00f6r. Wir stellen unsere Produkte im Vereinigten K\u00f6nigreich her und verschicken sie von mehreren internationalen Lagern aus, was hervorragende Lieferzeiten erm\u00f6glicht \u2013 damit Sie Ihre Kunden immer mit den neuesten Produkten erfreuen k\u00f6nnen. Melden Sie sich noch heute bei uns, um ein offizieller Warhammer-Fachh\u00e4ndler zu werden.<\/p>\n","protected":false},"excerpt":{"rendered":"<p>Warhammer ist eine weltweit bekannte Marke und umfasst ein riesiges Sortiment an Spielen, Miniaturen und Zubeh\u00f6r. Wir stellen unsere Produkte im Vereinigten K\u00f6nigreich her und verschicken sie von mehreren internationalen Lagern aus, was hervorragende Lieferzeiten erm\u00f6glicht \u2013 damit Sie Ihre Kunden immer mit den neuesten Produkten erfreuen k\u00f6nnen. Melden Sie sich noch heute bei uns, [&hellip;]<\/p>\n","protected":false},"author":30,"featured_media":0,"parent":0,"menu_order":0,"comment_status":"closed","ping_status":"closed","template":"","meta":{"footnotes":""},"class_list":["post-4347","page","type-page","status-publish","hentry"],"yoast_head":"<!-- This site is optimized with the Yoast SEO plugin v27.4 - https:\/\/yoast.com\/product\/yoast-seo-wordpress\/ -->\n<title>Hier beginnen - Retailers&#039; Network<\/title>\n<meta name=\"robots\" content=\"index, follow, max-snippet:-1, max-image-preview:large, max-video-preview:-1\" \/>\n<link rel=\"canonical\" href=\"https:\/\/trade.games-workshop.com\/de\/start-here\/\" \/>\n<meta property=\"og:locale\" content=\"de_DE\" \/>\n<meta property=\"og:type\" content=\"article\" \/>\n<meta property=\"og:title\" content=\"Hier beginnen - Retailers&#039; Network\" \/>\n<meta property=\"og:description\" content=\"Warhammer ist eine weltweit bekannte Marke und umfasst ein riesiges Sortiment an Spielen, Miniaturen und Zubeh\u00f6r. Wir stellen unsere Produkte im Vereinigten K\u00f6nigreich her und verschicken sie von mehreren internationalen Lagern aus, was hervorragende Lieferzeiten erm\u00f6glicht \u2013 damit Sie Ihre Kunden immer mit den neuesten Produkten erfreuen k\u00f6nnen. Melden Sie sich noch heute bei uns, [&hellip;]\" \/>\n<meta property=\"og:url\" content=\"https:\/\/trade.games-workshop.com\/de\/start-here\/\" \/>\n<meta property=\"og:site_name\" content=\"Retailers&#039; Network\" \/>\n<meta property=\"article:modified_time\" content=\"2020-06-19T15:43:36+00:00\" \/>\n<meta name=\"twitter:card\" content=\"summary_large_image\" \/>\n<script type=\"application\/ld+json\" class=\"yoast-schema-graph\">{\"@context\":\"https:\\\/\\\/schema.org\",\"@graph\":[{\"@type\":\"WebPage\",\"@id\":\"https:\\\/\\\/trade.games-workshop.com\\\/de\\\/start-here\\\/\",\"url\":\"https:\\\/\\\/trade.games-workshop.com\\\/de\\\/start-here\\\/\",\"name\":\"Hier beginnen - Retailers&#039; Network\",\"isPartOf\":{\"@id\":\"https:\\\/\\\/trade.games-workshop.com\\\/#website\"},\"datePublished\":\"2019-05-10T14:40:25+00:00\",\"dateModified\":\"2020-06-19T15:43:36+00:00\",\"breadcrumb\":{\"@id\":\"https:\\\/\\\/trade.games-workshop.com\\\/de\\\/start-here\\\/#breadcrumb\"},\"inLanguage\":\"de-DE\",\"potentialAction\":[{\"@type\":\"ReadAction\",\"target\":[\"https:\\\/\\\/trade.games-workshop.com\\\/de\\\/start-here\\\/\"]}]},{\"@type\":\"BreadcrumbList\",\"@id\":\"https:\\\/\\\/trade.games-workshop.com\\\/de\\\/start-here\\\/#breadcrumb\",\"itemListElement\":[{\"@type\":\"ListItem\",\"position\":1,\"name\":\"Home\",\"item\":\"https:\\\/\\\/trade.games-workshop.com\\\/de\\\/\"},{\"@type\":\"ListItem\",\"position\":2,\"name\":\"Hier beginnen\"}]},{\"@type\":\"WebSite\",\"@id\":\"https:\\\/\\\/trade.games-workshop.com\\\/#website\",\"url\":\"https:\\\/\\\/trade.games-workshop.com\\\/\",\"name\":\"Retailers&#039; Network\",\"description\":\"Games Workshop Trade Site\",\"potentialAction\":[{\"@type\":\"SearchAction\",\"target\":{\"@type\":\"EntryPoint\",\"urlTemplate\":\"https:\\\/\\\/trade.games-workshop.com\\\/?s={search_term_string}\"},\"query-input\":{\"@type\":\"PropertyValueSpecification\",\"valueRequired\":true,\"valueName\":\"search_term_string\"}}],\"inLanguage\":\"de-DE\"}]}<\/script>\n<!-- \/ Yoast SEO plugin. -->","yoast_head_json":{"title":"Hier beginnen - Retailers&#039; Network","robots":{"index":"index","follow":"follow","max-snippet":"max-snippet:-1","max-image-preview":"max-image-preview:large","max-video-preview":"max-video-preview:-1"},"canonical":"https:\/\/trade.games-workshop.com\/de\/start-here\/","og_locale":"de_DE","og_type":"article","og_title":"Hier beginnen - Retailers&#039; Network","og_description":"Warhammer ist eine weltweit bekannte Marke und umfasst ein riesiges Sortiment an Spielen, Miniaturen und Zubeh\u00f6r. Wir stellen unsere Produkte im Vereinigten K\u00f6nigreich her und verschicken sie von mehreren internationalen Lagern aus, was hervorragende Lieferzeiten erm\u00f6glicht \u2013 damit Sie Ihre Kunden immer mit den neuesten Produkten erfreuen k\u00f6nnen. Melden Sie sich noch heute bei uns, [&hellip;]","og_url":"https:\/\/trade.games-workshop.com\/de\/start-here\/","og_site_name":"Retailers&#039; Network","article_modified_time":"2020-06-19T15:43:36+00:00","twitter_card":"summary_large_image","schema":{"@context":"https:\/\/schema.org","@graph":[{"@type":"WebPage","@id":"https:\/\/trade.games-workshop.com\/de\/start-here\/","url":"https:\/\/trade.games-workshop.com\/de\/start-here\/","name":"Hier beginnen - Retailers&#039; Network","isPartOf":{"@id":"https:\/\/trade.games-workshop.com\/#website"},"datePublished":"2019-05-10T14:40:25+00:00","dateModified":"2020-06-19T15:43:36+00:00","breadcrumb":{"@id":"https:\/\/trade.games-workshop.com\/de\/start-here\/#breadcrumb"},"inLanguage":"de-DE","potentialAction":[{"@type":"ReadAction","target":["https:\/\/trade.games-workshop.com\/de\/start-here\/"]}]},{"@type":"BreadcrumbList","@id":"https:\/\/trade.games-workshop.com\/de\/start-here\/#breadcrumb","itemListElement":[{"@type":"ListItem","position":1,"name":"Home","item":"https:\/\/trade.games-workshop.com\/de\/"},{"@type":"ListItem","position":2,"name":"Hier beginnen"}]},{"@type":"WebSite","@id":"https:\/\/trade.games-workshop.com\/#website","url":"https:\/\/trade.games-workshop.com\/","name":"Retailers&#039; Network","description":"Games Workshop Trade Site","potentialAction":[{"@type":"SearchAction","target":{"@type":"EntryPoint","urlTemplate":"https:\/\/trade.games-workshop.com\/?s={search_term_string}"},"query-input":{"@type":"PropertyValueSpecification","valueRequired":true,"valueName":"search_term_string"}}],"inLanguage":"de-DE"}]}},"acf":{"_content":[{"acf_fc_layout":"hero_standard","is_external":false,"page_link":"","link_url":"","link_text":"","image":{"ID":10726,"id":10726,"title":"StartHere3","filename":"StartHere3.jpg","filesize":82072,"url":"https:\/\/trade.games-workshop.com\/wp-content\/uploads\/2019\/05\/StartHere3.jpg","link":"https:\/\/trade.games-workshop.com\/de\/start-here\/starthere3-2\/","alt":"","author":"5","description":"","caption":"","name":"starthere3-2","status":"inherit","uploaded_to":4347,"date":"2019-05-17 06:06:52","modified":"2019-05-17 06:06:52","menu_order":0,"mime_type":"image\/jpeg","type":"image","subtype":"jpeg","icon":"https:\/\/trade.games-workshop.com\/wp-includes\/images\/media\/default.png","width":1440,"height":789,"sizes":{"thumbnail":"https:\/\/trade.games-workshop.com\/wp-content\/uploads\/2019\/05\/StartHere3-150x82.jpg","thumbnail-width":150,"thumbnail-height":82,"medium":"https:\/\/trade.games-workshop.com\/wp-content\/uploads\/2019\/05\/StartHere3-300x164.jpg","medium-width":300,"medium-height":164,"medium_large":"https:\/\/trade.games-workshop.com\/wp-content\/uploads\/2019\/05\/StartHere3-768x421.jpg","medium_large-width":768,"medium_large-height":421,"large":"https:\/\/trade.games-workshop.com\/wp-content\/uploads\/2019\/05\/StartHere3-1024x561.jpg","large-width":1024,"large-height":561,"1536x1536":"https:\/\/trade.games-workshop.com\/wp-content\/uploads\/2019\/05\/StartHere3.jpg","1536x1536-width":1440,"1536x1536-height":789,"2048x2048":"https:\/\/trade.games-workshop.com\/wp-content\/uploads\/2019\/05\/StartHere3.jpg","2048x2048-width":1440,"2048x2048-height":789,"Feature Image":"https:\/\/trade.games-workshop.com\/wp-content\/uploads\/2019\/05\/StartHere3-360x280.jpg","Feature Image-width":360,"Feature Image-height":280,"Grid":"https:\/\/trade.games-workshop.com\/wp-content\/uploads\/2019\/05\/StartHere3-240x200.jpg","Grid-width":240,"Grid-height":200,"Image (Component)":"https:\/\/trade.games-workshop.com\/wp-content\/uploads\/2019\/05\/StartHere3-800x500.jpg","Image (Component)-width":800,"Image (Component)-height":500,"Links Banner":"https:\/\/trade.games-workshop.com\/wp-content\/uploads\/2019\/05\/StartHere3-150x150.jpg","Links Banner-width":150,"Links Banner-height":150}},"title":"Ein weltweites Hobby. Eine globale Marke. Eine Community von Millionen.","trigger_form":false},{"acf_fc_layout":"wysiwyg","content":"<p style=\"text-align: center;\">Warhammer ist eine weltweit bekannte Marke und umfasst ein riesiges Sortiment an Spielen, Miniaturen und Zubeh\u00f6r. Wir stellen unsere Produkte im Vereinigten K\u00f6nigreich her und verschicken sie von mehreren internationalen Lagern aus, was hervorragende Lieferzeiten erm\u00f6glicht \u2013 damit Sie Ihre Kunden immer mit den neuesten Produkten erfreuen k\u00f6nnen. Melden Sie sich noch heute bei uns, um ein offizieller Warhammer-Fachh\u00e4ndler zu werden.<\/p>\n","trigger_form":true,"is_external":false,"page_link":"","link_url":"\/get-in-touch\/","link_text":"Eine dauerhafte Partnerschaft","justify":"center","background_colour":"white","title":"Alles, was Sie brauchen, um Ihre Kunden zu erfreuen"},{"acf_fc_layout":"hero_video","title":"","video":"<p><iframe style=\"position: absolute; top: 0px; right: 0px; bottom: 0px; left: 0px; width: 100%; height: 100%;\" src=\"\/\/players.brightcove.net\/5778310444001\/tEqh4qwjNN_default\/index.html?videoId=6036443244001\" allowfullscreen=\"allowfullscreen\"><\/iframe><\/p>\n","padding_top_percent":"56.25","image":false},{"acf_fc_layout":"image","image":{"ID":10789,"id":10789,"title":"InfographGER","filename":"InfographGER.jpg","filesize":282344,"url":"https:\/\/trade.games-workshop.com\/wp-content\/uploads\/2019\/05\/InfographGER.jpg","link":"https:\/\/trade.games-workshop.com\/de\/start-here\/infographger\/","alt":"","author":"5","description":"","caption":"","name":"infographger","status":"inherit","uploaded_to":4347,"date":"2019-05-17 07:09:50","modified":"2019-05-17 07:09:50","menu_order":0,"mime_type":"image\/jpeg","type":"image","subtype":"jpeg","icon":"https:\/\/trade.games-workshop.com\/wp-includes\/images\/media\/default.png","width":1200,"height":1679,"sizes":{"thumbnail":"https:\/\/trade.games-workshop.com\/wp-content\/uploads\/2019\/05\/InfographGER-107x150.jpg","thumbnail-width":107,"thumbnail-height":150,"medium":"https:\/\/trade.games-workshop.com\/wp-content\/uploads\/2019\/05\/InfographGER-214x300.jpg","medium-width":214,"medium-height":300,"medium_large":"https:\/\/trade.games-workshop.com\/wp-content\/uploads\/2019\/05\/InfographGER-768x1075.jpg","medium_large-width":768,"medium_large-height":1075,"large":"https:\/\/trade.games-workshop.com\/wp-content\/uploads\/2019\/05\/InfographGER-732x1024.jpg","large-width":732,"large-height":1024,"1536x1536":"https:\/\/trade.games-workshop.com\/wp-content\/uploads\/2019\/05\/InfographGER.jpg","1536x1536-width":1098,"1536x1536-height":1536,"2048x2048":"https:\/\/trade.games-workshop.com\/wp-content\/uploads\/2019\/05\/InfographGER.jpg","2048x2048-width":1200,"2048x2048-height":1679,"Feature Image":"https:\/\/trade.games-workshop.com\/wp-content\/uploads\/2019\/05\/InfographGER-360x280.jpg","Feature Image-width":360,"Feature Image-height":280,"Grid":"https:\/\/trade.games-workshop.com\/wp-content\/uploads\/2019\/05\/InfographGER-240x200.jpg","Grid-width":240,"Grid-height":200,"Image (Component)":"https:\/\/trade.games-workshop.com\/wp-content\/uploads\/2019\/05\/InfographGER-800x500.jpg","Image (Component)-width":800,"Image (Component)-height":500,"Links Banner":"https:\/\/trade.games-workshop.com\/wp-content\/uploads\/2019\/05\/InfographGER-150x150.jpg","Links Banner-width":150,"Links Banner-height":150}},"bg_colour":"white","title":""},{"acf_fc_layout":"testimonials","trigger_form":true,"chose_form":"start","form_page":null,"link_text":"H\u00e4ndler werden","link_url":"\/get-in-touch\/","testimonials":[{"content":"Wenn ich mit jemandem bei GW spreche, ist mein Gegen\u00fcber immer gut gelaunt und freundlich \u2026 Wenn ich mit meinem Berater telefoniere, geht es nicht nur darum, dass Rechnungen bezahlt werden, mein Berater interessiert sich wirklich f\u00fcr mein Gesch\u00e4ft und daf\u00fcr, was ich tue.","name":"Matt","company_name":"Quinns","location":"UK","background":false},{"content":"In den vielen Jahren, in denen ich schon mit GW zusammenarbeite, hatte mein Berater immer ein offenes Ohr, wenn wir vor Herausforderungen standen, und hat immer versucht, uns dabei zu helfen, dar\u00fcber hinauszuwachsen. F\u00fcr mich war GW immer so etwas wie ein externes Teammitglied.","name":"Rob","company_name":"Gamer's Haven","location":"Colorado, US","background":false},{"content":"Games-Workshop-Produkte bringen Leute ins Gesch\u00e4ft. Dank meiner Games-Workshop-Kundenberaterin machen wir mehr Umsatz.","name":"Adriano","company_name":"S-Games","location":"Austria","background":false},{"content":"Wir verkaufen seit mehr als 20 Jahren Games-Workshop-Spiele, und dank Games Workshop konnten wir Hunderte Spieler mit unserer Leidenschaft f\u00fcr Fantasy, Science Fiction und nat\u00fcrlich Miniaturen anstecken.","name":"Davide","company_name":"Fantamagus","location":"Italy","background":false},{"content":"GW bringt jede Woche neue Produkte heraus und dank der angenehmen Lieferbedingungen k\u00f6nnen wir alle Kundenw\u00fcnsche erf\u00fcllen.","name":"Romaric","company_name":"Jeu et Legendes","location":"France","background":false},{"content":"Games Workshop hat sich in den vielen Jahren der Zusammenarbeit als zuverl\u00e4ssiger, kooperativer und fairer Lieferant erwiesen und \u00fcberzeugt mich mit qualitativ hochwertigen Produkten, die ich meinen Kunden gerne anbiete.","name":"Annina","company_name":"Tactica Games","location":"Switzerland","background":false},{"content":"Seit mehr als 20 jahren verkaufen wir GW und wir haben mit Hunderten von Spielern unsere Leidenschaft f\u00fcr Fantasy, f\u00fcr Science Fiction und \u2013 nat\u00fcrlich \u2013 f\u00fcr Miniaturen teilen k\u00f6nnen.","name":"Davide","company_name":"Fantamagus","location":"Milano, IT","background":false},{"content":"Ich mag den w\u00f6chentlichen Kontakt mt meiner Kundenbetreuung, sowie die Flexibilit\u00e4t der Bestellungen, die ich platzieren kann","name":"Dimitrios","company_name":"Total Galaxy","location":"UK","background":false},{"content":"Die Unterst\u00fctzung, die ich jede Woche bekomme, bekomme ich nicht bei den anderen Firmen, mit denen ich zusammenarbeite","name":"Team","company_name":"Sortil\u00e8ges","location":"Tours, FR","background":false},{"content":"Vor allem lieben wir Spiele und mit GW gibt e seine st\u00e4ndige Aktualisierung bez\u00fcglich ihrer Sortimente.\r\n","name":"Rudy ","company_name":"Stardust ","location":"Arles FR","background":false},{"content":"GW bietet jede Woche neue Produkte und dank ihrer einfachen Lieferung k\u00f6nnen wir alle unsere Kundenw\u00fcnsche erf\u00fcllen.\r\n","name":"Romaric ","company_name":"Jeux et L\u00e9gendes","location":"Lannion FR","background":false},{"content":"Top Produkte, Top Service, Top Beratung","name":"Markus ","company_name":"Fantastic Empire","location":"Basel CH","background":false},{"content":"Games Workshop hat sich in den vielen Jahren der Zusammenarbeit als zuverl\u00e4ssigen, kooperativen und fairen Lieferanten erwiesen und \u00fcberzeugt mich mit ihren qualitativ hochwertigen Produkten, die ich gerne meinen Kunden anbiete","name":"Annina","company_name":"Tactica Games","location":"Zurich CH","background":false}],"title":"Was unsere Partner zu sagen haben \u2026","summary":"Verlassen Sie sich nicht nur auf unsere Aussagen. Tausende zufriedene Partner auf der Welt k\u00f6nnen den Unterschied bezeugen, den es f\u00fcr sie gemacht hat, Warhammer-Produkte in ihren Gesch\u00e4ften zu f\u00fchren. Hier sind nur ein paar Beispiele davon, was sie zu sagen haben,  von Colorado Springs bis Z\u00fcrich."},{"acf_fc_layout":"wysiwyg_and_image","trigger_form":true,"chose_form":"start","form_page":null,"link_text":"Kontaktieren Sie uns","link_url":"\/get-in-touch\/","image":{"ID":10821,"id":10821,"title":"StartYourJourney3","filename":"StartYourJourney3.jpg","filesize":111808,"url":"https:\/\/trade.games-workshop.com\/wp-content\/uploads\/2019\/05\/StartYourJourney3.jpg","link":"https:\/\/trade.games-workshop.com\/de\/start-here\/startyourjourney3-2\/","alt":"","author":"5","description":"","caption":"","name":"startyourjourney3-2","status":"inherit","uploaded_to":4347,"date":"2019-05-17 07:44:14","modified":"2019-05-17 07:44:14","menu_order":0,"mime_type":"image\/jpeg","type":"image","subtype":"jpeg","icon":"https:\/\/trade.games-workshop.com\/wp-includes\/images\/media\/default.png","width":1341,"height":656,"sizes":{"thumbnail":"https:\/\/trade.games-workshop.com\/wp-content\/uploads\/2019\/05\/StartYourJourney3-150x73.jpg","thumbnail-width":150,"thumbnail-height":73,"medium":"https:\/\/trade.games-workshop.com\/wp-content\/uploads\/2019\/05\/StartYourJourney3-300x147.jpg","medium-width":300,"medium-height":147,"medium_large":"https:\/\/trade.games-workshop.com\/wp-content\/uploads\/2019\/05\/StartYourJourney3-768x376.jpg","medium_large-width":768,"medium_large-height":376,"large":"https:\/\/trade.games-workshop.com\/wp-content\/uploads\/2019\/05\/StartYourJourney3-1024x501.jpg","large-width":1024,"large-height":501,"1536x1536":"https:\/\/trade.games-workshop.com\/wp-content\/uploads\/2019\/05\/StartYourJourney3.jpg","1536x1536-width":1341,"1536x1536-height":656,"2048x2048":"https:\/\/trade.games-workshop.com\/wp-content\/uploads\/2019\/05\/StartYourJourney3.jpg","2048x2048-width":1341,"2048x2048-height":656,"Feature Image":"https:\/\/trade.games-workshop.com\/wp-content\/uploads\/2019\/05\/StartYourJourney3-360x280.jpg","Feature Image-width":360,"Feature Image-height":280,"Grid":"https:\/\/trade.games-workshop.com\/wp-content\/uploads\/2019\/05\/StartYourJourney3-240x200.jpg","Grid-width":240,"Grid-height":200,"Image (Component)":"https:\/\/trade.games-workshop.com\/wp-content\/uploads\/2019\/05\/StartYourJourney3-800x500.jpg","Image (Component)-width":800,"Image (Component)-height":500,"Links Banner":"https:\/\/trade.games-workshop.com\/wp-content\/uploads\/2019\/05\/StartYourJourney3-150x150.jpg","Links Banner-width":150,"Links Banner-height":150}},"title":"Beginnen Sie Ihre Reise mit Warhammer heute!","content":"<p>Mit branchenf\u00fchrender Unterst\u00fctzung nur einen Anruf entfernt und einem gro\u00dfen Produktsortiment haben wir, was Sie brauchen, um mit Ihrem Gesch\u00e4ft neue Kundenkreise zu erreichen.<\/p>\n"}]},"_links":{"self":[{"href":"https:\/\/trade.games-workshop.com\/de\/wp-json\/wp\/v2\/pages\/4347","targetHints":{"allow":["GET"]}}],"collection":[{"href":"https:\/\/trade.games-workshop.com\/de\/wp-json\/wp\/v2\/pages"}],"about":[{"href":"https:\/\/trade.games-workshop.com\/de\/wp-json\/wp\/v2\/types\/page"}],"author":[{"embeddable":true,"href":"https:\/\/trade.games-workshop.com\/de\/wp-json\/wp\/v2\/users\/30"}],"replies":[{"embeddable":true,"href":"https:\/\/trade.games-workshop.com\/de\/wp-json\/wp\/v2\/comments?post=4347"}],"version-history":[{"count":0,"href":"https:\/\/trade.games-workshop.com\/de\/wp-json\/wp\/v2\/pages\/4347\/revisions"}],"wp:attachment":[{"href":"https:\/\/trade.games-workshop.com\/de\/wp-json\/wp\/v2\/media?parent=4347"}],"curies":[{"name":"wp","href":"https:\/\/api.w.org\/{rel}","templated":true}]}}