{"id":1365,"date":"2019-02-14T23:46:16","date_gmt":"2019-02-14T23:46:16","guid":{"rendered":"https:\/\/trade.games-workshop.com\/common-questions\/"},"modified":"2019-05-10T16:43:22","modified_gmt":"2019-05-10T15:43:22","slug":"common-questions","status":"publish","type":"page","link":"https:\/\/trade.games-workshop.com\/es\/common-questions\/","title":{"rendered":"Common Questions"},"content":{"rendered":"","protected":false},"excerpt":{"rendered":"","protected":false},"author":1,"featured_media":0,"parent":0,"menu_order":0,"comment_status":"closed","ping_status":"closed","template":"","meta":{"footnotes":""},"class_list":["post-1365","page","type-page","status-publish","hentry"],"yoast_head":"<!-- This site is optimized with the Yoast SEO plugin v27.4 - https:\/\/yoast.com\/product\/yoast-seo-wordpress\/ -->\n<title>Common Questions - Games Workshop Trade<\/title>\n<meta name=\"robots\" content=\"index, follow, max-snippet:-1, max-image-preview:large, max-video-preview:-1\" \/>\n<link rel=\"canonical\" href=\"https:\/\/trade.games-workshop.com\/es\/common-questions\/\" \/>\n<meta property=\"og:locale\" content=\"es_ES\" \/>\n<meta property=\"og:type\" content=\"article\" \/>\n<meta property=\"og:title\" content=\"Common Questions - Games Workshop Trade\" \/>\n<meta property=\"og:url\" content=\"https:\/\/trade.games-workshop.com\/es\/common-questions\/\" \/>\n<meta property=\"og:site_name\" content=\"Games Workshop Trade\" \/>\n<meta property=\"article:modified_time\" content=\"2019-05-10T15:43:22+00:00\" \/>\n<meta name=\"twitter:card\" content=\"summary_large_image\" \/>\n<script type=\"application\/ld+json\" class=\"yoast-schema-graph\">{\"@context\":\"https:\\\/\\\/schema.org\",\"@graph\":[{\"@type\":\"WebPage\",\"@id\":\"https:\\\/\\\/trade.games-workshop.com\\\/es\\\/common-questions\\\/\",\"url\":\"https:\\\/\\\/trade.games-workshop.com\\\/es\\\/common-questions\\\/\",\"name\":\"Common Questions - Games Workshop Trade\",\"isPartOf\":{\"@id\":\"https:\\\/\\\/trade.games-workshop.com\\\/#website\"},\"datePublished\":\"2019-02-14T23:46:16+00:00\",\"dateModified\":\"2019-05-10T15:43:22+00:00\",\"breadcrumb\":{\"@id\":\"https:\\\/\\\/trade.games-workshop.com\\\/es\\\/common-questions\\\/#breadcrumb\"},\"inLanguage\":\"es\",\"potentialAction\":[{\"@type\":\"ReadAction\",\"target\":[\"https:\\\/\\\/trade.games-workshop.com\\\/es\\\/common-questions\\\/\"]}]},{\"@type\":\"BreadcrumbList\",\"@id\":\"https:\\\/\\\/trade.games-workshop.com\\\/es\\\/common-questions\\\/#breadcrumb\",\"itemListElement\":[{\"@type\":\"ListItem\",\"position\":1,\"name\":\"Home\",\"item\":\"https:\\\/\\\/trade.games-workshop.com\\\/es\\\/\"},{\"@type\":\"ListItem\",\"position\":2,\"name\":\"Common Questions\"}]},{\"@type\":\"WebSite\",\"@id\":\"https:\\\/\\\/trade.games-workshop.com\\\/#website\",\"url\":\"https:\\\/\\\/trade.games-workshop.com\\\/\",\"name\":\"Games Workshop Trade\",\"description\":\"Games Workshop Trade\",\"potentialAction\":[{\"@type\":\"SearchAction\",\"target\":{\"@type\":\"EntryPoint\",\"urlTemplate\":\"https:\\\/\\\/trade.games-workshop.com\\\/?s={search_term_string}\"},\"query-input\":{\"@type\":\"PropertyValueSpecification\",\"valueRequired\":true,\"valueName\":\"search_term_string\"}}],\"inLanguage\":\"es\"}]}<\/script>\n<!-- \/ Yoast SEO plugin. -->","yoast_head_json":{"title":"Common Questions - Games Workshop Trade","robots":{"index":"index","follow":"follow","max-snippet":"max-snippet:-1","max-image-preview":"max-image-preview:large","max-video-preview":"max-video-preview:-1"},"canonical":"https:\/\/trade.games-workshop.com\/es\/common-questions\/","og_locale":"es_ES","og_type":"article","og_title":"Common Questions - Games Workshop Trade","og_url":"https:\/\/trade.games-workshop.com\/es\/common-questions\/","og_site_name":"Games Workshop Trade","article_modified_time":"2019-05-10T15:43:22+00:00","twitter_card":"summary_large_image","schema":{"@context":"https:\/\/schema.org","@graph":[{"@type":"WebPage","@id":"https:\/\/trade.games-workshop.com\/es\/common-questions\/","url":"https:\/\/trade.games-workshop.com\/es\/common-questions\/","name":"Common Questions - Games Workshop Trade","isPartOf":{"@id":"https:\/\/trade.games-workshop.com\/#website"},"datePublished":"2019-02-14T23:46:16+00:00","dateModified":"2019-05-10T15:43:22+00:00","breadcrumb":{"@id":"https:\/\/trade.games-workshop.com\/es\/common-questions\/#breadcrumb"},"inLanguage":"es","potentialAction":[{"@type":"ReadAction","target":["https:\/\/trade.games-workshop.com\/es\/common-questions\/"]}]},{"@type":"BreadcrumbList","@id":"https:\/\/trade.games-workshop.com\/es\/common-questions\/#breadcrumb","itemListElement":[{"@type":"ListItem","position":1,"name":"Home","item":"https:\/\/trade.games-workshop.com\/es\/"},{"@type":"ListItem","position":2,"name":"Common Questions"}]},{"@type":"WebSite","@id":"https:\/\/trade.games-workshop.com\/#website","url":"https:\/\/trade.games-workshop.com\/","name":"Games Workshop Trade","description":"Games Workshop Trade","potentialAction":[{"@type":"SearchAction","target":{"@type":"EntryPoint","urlTemplate":"https:\/\/trade.games-workshop.com\/?s={search_term_string}"},"query-input":{"@type":"PropertyValueSpecification","valueRequired":true,"valueName":"search_term_string"}}],"inLanguage":"es"}]}},"acf":{"_content":[{"acf_fc_layout":"hero_low_profile","title":"Preguntas Habituales","summary":"\u00bfEst\u00e1s confundido con todos estos t\u00e9rminos como Space Marines o Troglodons? No te preocupes, \u00a1tenemos la soluci\u00f3n! Echa un vistazo a continuaci\u00f3n a las preguntas habituales y no olvides que si tienes m\u00e1s dudas, estamos s\u00f3lo a una llamada de distancia."},{"acf_fc_layout":"accordion","groups":[{"group_title":"Convertirte en vendedor","items":[{"item_title":"\u00bfCu\u00e1nto cuesta empezar?","item_content":"<p>Tenemos diversas ofertas de gamas, dependiendo de tus planes de negocio y de lo que quieras ofrecer a tus clientes. Hay un valor m\u00ednimo de venta para nuevas tiendas con diversas opciones de pago.<\/p>\n"},{"item_title":"\u00bfQu\u00e9 requisitos ten\u00e9is?","item_content":"<p>Empieza rellenando un formulario. Para trabajar con nosotros tendr\u00e1s que tener un negocio f\u00edsico de venta al p\u00fablico.<\/p>\n"},{"item_title":"\u00bfCu\u00e1nto tiempo se tarda en empezar a trabajar juntos?","item_content":"<p>Si rellenas la documentaci\u00f3n correctamente, podemos estar trabajando juntos en cuesti\u00f3n de d\u00edas.<\/p>\n"}]},{"group_title":"T\u00e9rminos y condiciones","items":[{"item_title":"\u00bfCuales son los t\u00e9rminos\/m\u00e1rgenes de venta?","item_content":"<p>Para conocer la mejor forma de maximizar tus ventas y establecer los m\u00e1rgenes y beneficios aplicables a tu caso, ponte en contacto con nosotros. Trabajaremos juntos para ayudarte con tus preguntas comerciales.<\/p>\n"},{"item_title":"\u00bfCu\u00e1les son las opciones de pago?","item_content":"<p>Ofrecemos muchas opciones, desde m\u00e9todos a pago a condiciones de cr\u00e9dito.<\/p>\n"},{"item_title":"\u00bfPuedo vender online?","item_content":"<p>Si tienes una tienda f\u00edsica que ofrezca los productos Games Workshop tienes la opci\u00f3n de vender online respetando los t\u00e9rminos espec\u00edficos.<\/p>\n"},{"item_title":"\u00bfPuedo tener vuestros productos si ya hay otra tienda que tenga estos productos en esta misma zona?","item_content":"<p>S\u00ed, no tenemos una pol\u00edtica de proximidad.<\/p>\n"}]},{"group_title":"Saber qu\u00e9 tener en stock","items":[{"item_title":"\u00bfQu\u00e9 deber\u00eda tener en stock?","item_content":"<p>Tenemos numerosos datos de venta que nos ayudan a elegir los mejores productos que coincidan con tu plan de negocio y tambi\u00e9n a maximizar las ventas para tu inversi\u00f3n, incluyendo una serie de gamas de productos m\u00e1s vendidos f\u00e1ciles de almacenar, apropiados para muchos formatos de negocio diferentes.<\/p>\n"}]},{"group_title":"Soporte adicional","items":[{"item_title":"\u00bfPuede venir alguien a mi tienda a realizar demostraciones y eventos?","item_content":"<p>Te ofrecemos apoyo para incentivar a la persona adecuada para que promueva Games Workshop en tu negocio.<\/p>\n"},{"item_title":"\u00bfQu\u00e9 recursos pon\u00e9is a mi disposici\u00f3n?","item_content":"<p>Ofrecemos apoyo f\u00edsico y digital, as\u00ed como material promocional. Publicitamos tu tienda en nuestra popular p\u00e1gina web, ofrecemos gestores de cuentas dedicados y otro apoyo que incluye el juego organizado.<\/p>\n"}]}]}]},"_links":{"self":[{"href":"https:\/\/trade.games-workshop.com\/es\/wp-json\/wp\/v2\/pages\/1365","targetHints":{"allow":["GET"]}}],"collection":[{"href":"https:\/\/trade.games-workshop.com\/es\/wp-json\/wp\/v2\/pages"}],"about":[{"href":"https:\/\/trade.games-workshop.com\/es\/wp-json\/wp\/v2\/types\/page"}],"author":[{"embeddable":true,"href":"https:\/\/trade.games-workshop.com\/es\/wp-json\/wp\/v2\/users\/1"}],"replies":[{"embeddable":true,"href":"https:\/\/trade.games-workshop.com\/es\/wp-json\/wp\/v2\/comments?post=1365"}],"version-history":[{"count":0,"href":"https:\/\/trade.games-workshop.com\/es\/wp-json\/wp\/v2\/pages\/1365\/revisions"}],"wp:attachment":[{"href":"https:\/\/trade.games-workshop.com\/es\/wp-json\/wp\/v2\/media?parent=1365"}],"curies":[{"name":"wp","href":"https:\/\/api.w.org\/{rel}","templated":true}]}}