{"id":4349,"date":"2019-05-10T15:40:25","date_gmt":"2019-05-10T14:40:25","guid":{"rendered":"https:\/\/trade.games-workshop.com\/start-here\/"},"modified":"2020-06-19T16:44:32","modified_gmt":"2020-06-19T15:44:32","slug":"start-here","status":"publish","type":"page","link":"https:\/\/trade.games-workshop.com\/es\/start-here\/","title":{"rendered":"Empieza aqu\u00ed"},"content":{"rendered":"","protected":false},"excerpt":{"rendered":"","protected":false},"author":30,"featured_media":0,"parent":0,"menu_order":0,"comment_status":"closed","ping_status":"closed","template":"","meta":{"footnotes":""},"class_list":["post-4349","page","type-page","status-publish","hentry"],"yoast_head":"<!-- This site is optimized with the Yoast SEO plugin v27.4 - https:\/\/yoast.com\/product\/yoast-seo-wordpress\/ -->\n<title>Empieza aqu\u00ed - Games Workshop Trade<\/title>\n<meta name=\"robots\" content=\"index, follow, max-snippet:-1, max-image-preview:large, max-video-preview:-1\" \/>\n<link rel=\"canonical\" href=\"https:\/\/trade.games-workshop.com\/es\/start-here\/\" \/>\n<meta property=\"og:locale\" content=\"es_ES\" \/>\n<meta property=\"og:type\" content=\"article\" \/>\n<meta property=\"og:title\" content=\"Empieza aqu\u00ed - Games Workshop Trade\" \/>\n<meta property=\"og:url\" content=\"https:\/\/trade.games-workshop.com\/es\/start-here\/\" \/>\n<meta property=\"og:site_name\" content=\"Games Workshop Trade\" \/>\n<meta property=\"article:modified_time\" content=\"2020-06-19T15:44:32+00:00\" \/>\n<meta name=\"twitter:card\" content=\"summary_large_image\" \/>\n<script type=\"application\/ld+json\" class=\"yoast-schema-graph\">{\"@context\":\"https:\\\/\\\/schema.org\",\"@graph\":[{\"@type\":\"WebPage\",\"@id\":\"https:\\\/\\\/trade.games-workshop.com\\\/es\\\/start-here\\\/\",\"url\":\"https:\\\/\\\/trade.games-workshop.com\\\/es\\\/start-here\\\/\",\"name\":\"Empieza aqu\u00ed - Games Workshop Trade\",\"isPartOf\":{\"@id\":\"https:\\\/\\\/trade.games-workshop.com\\\/#website\"},\"datePublished\":\"2019-05-10T14:40:25+00:00\",\"dateModified\":\"2020-06-19T15:44:32+00:00\",\"breadcrumb\":{\"@id\":\"https:\\\/\\\/trade.games-workshop.com\\\/es\\\/start-here\\\/#breadcrumb\"},\"inLanguage\":\"es\",\"potentialAction\":[{\"@type\":\"ReadAction\",\"target\":[\"https:\\\/\\\/trade.games-workshop.com\\\/es\\\/start-here\\\/\"]}]},{\"@type\":\"BreadcrumbList\",\"@id\":\"https:\\\/\\\/trade.games-workshop.com\\\/es\\\/start-here\\\/#breadcrumb\",\"itemListElement\":[{\"@type\":\"ListItem\",\"position\":1,\"name\":\"Home\",\"item\":\"https:\\\/\\\/trade.games-workshop.com\\\/es\\\/\"},{\"@type\":\"ListItem\",\"position\":2,\"name\":\"Empieza aqu\u00ed\"}]},{\"@type\":\"WebSite\",\"@id\":\"https:\\\/\\\/trade.games-workshop.com\\\/#website\",\"url\":\"https:\\\/\\\/trade.games-workshop.com\\\/\",\"name\":\"Games Workshop Trade\",\"description\":\"Games Workshop Trade\",\"potentialAction\":[{\"@type\":\"SearchAction\",\"target\":{\"@type\":\"EntryPoint\",\"urlTemplate\":\"https:\\\/\\\/trade.games-workshop.com\\\/?s={search_term_string}\"},\"query-input\":{\"@type\":\"PropertyValueSpecification\",\"valueRequired\":true,\"valueName\":\"search_term_string\"}}],\"inLanguage\":\"es\"}]}<\/script>\n<!-- \/ Yoast SEO plugin. -->","yoast_head_json":{"title":"Empieza aqu\u00ed - Games Workshop Trade","robots":{"index":"index","follow":"follow","max-snippet":"max-snippet:-1","max-image-preview":"max-image-preview:large","max-video-preview":"max-video-preview:-1"},"canonical":"https:\/\/trade.games-workshop.com\/es\/start-here\/","og_locale":"es_ES","og_type":"article","og_title":"Empieza aqu\u00ed - Games Workshop Trade","og_url":"https:\/\/trade.games-workshop.com\/es\/start-here\/","og_site_name":"Games Workshop Trade","article_modified_time":"2020-06-19T15:44:32+00:00","twitter_card":"summary_large_image","schema":{"@context":"https:\/\/schema.org","@graph":[{"@type":"WebPage","@id":"https:\/\/trade.games-workshop.com\/es\/start-here\/","url":"https:\/\/trade.games-workshop.com\/es\/start-here\/","name":"Empieza aqu\u00ed - Games Workshop Trade","isPartOf":{"@id":"https:\/\/trade.games-workshop.com\/#website"},"datePublished":"2019-05-10T14:40:25+00:00","dateModified":"2020-06-19T15:44:32+00:00","breadcrumb":{"@id":"https:\/\/trade.games-workshop.com\/es\/start-here\/#breadcrumb"},"inLanguage":"es","potentialAction":[{"@type":"ReadAction","target":["https:\/\/trade.games-workshop.com\/es\/start-here\/"]}]},{"@type":"BreadcrumbList","@id":"https:\/\/trade.games-workshop.com\/es\/start-here\/#breadcrumb","itemListElement":[{"@type":"ListItem","position":1,"name":"Home","item":"https:\/\/trade.games-workshop.com\/es\/"},{"@type":"ListItem","position":2,"name":"Empieza aqu\u00ed"}]},{"@type":"WebSite","@id":"https:\/\/trade.games-workshop.com\/#website","url":"https:\/\/trade.games-workshop.com\/","name":"Games Workshop Trade","description":"Games Workshop Trade","potentialAction":[{"@type":"SearchAction","target":{"@type":"EntryPoint","urlTemplate":"https:\/\/trade.games-workshop.com\/?s={search_term_string}"},"query-input":{"@type":"PropertyValueSpecification","valueRequired":true,"valueName":"search_term_string"}}],"inLanguage":"es"}]}},"acf":{"_content":[{"acf_fc_layout":"hero_standard","is_external":false,"page_link":"","link_url":"","link_text":"","image":{"ID":10728,"id":10728,"title":"StartHere3","filename":"StartHere3.jpg","filesize":82072,"url":"https:\/\/trade.games-workshop.com\/wp-content\/uploads\/2019\/05\/StartHere3.jpg","link":"https:\/\/trade.games-workshop.com\/es\/start-here\/starthere3-2\/","alt":"","author":"5","description":"","caption":"","name":"starthere3-2","status":"inherit","uploaded_to":4349,"date":"2019-05-17 06:06:52","modified":"2019-05-17 06:06:52","menu_order":0,"mime_type":"image\/jpeg","type":"image","subtype":"jpeg","icon":"https:\/\/trade.games-workshop.com\/wp-includes\/images\/media\/default.png","width":1440,"height":789,"sizes":{"thumbnail":"https:\/\/trade.games-workshop.com\/wp-content\/uploads\/2019\/05\/StartHere3-150x82.jpg","thumbnail-width":150,"thumbnail-height":82,"medium":"https:\/\/trade.games-workshop.com\/wp-content\/uploads\/2019\/05\/StartHere3-300x164.jpg","medium-width":300,"medium-height":164,"medium_large":"https:\/\/trade.games-workshop.com\/wp-content\/uploads\/2019\/05\/StartHere3-768x421.jpg","medium_large-width":768,"medium_large-height":421,"large":"https:\/\/trade.games-workshop.com\/wp-content\/uploads\/2019\/05\/StartHere3-1024x561.jpg","large-width":1024,"large-height":561,"1536x1536":"https:\/\/trade.games-workshop.com\/wp-content\/uploads\/2019\/05\/StartHere3.jpg","1536x1536-width":1440,"1536x1536-height":789,"2048x2048":"https:\/\/trade.games-workshop.com\/wp-content\/uploads\/2019\/05\/StartHere3.jpg","2048x2048-width":1440,"2048x2048-height":789,"Feature Image":"https:\/\/trade.games-workshop.com\/wp-content\/uploads\/2019\/05\/StartHere3-360x280.jpg","Feature Image-width":360,"Feature Image-height":280,"Grid":"https:\/\/trade.games-workshop.com\/wp-content\/uploads\/2019\/05\/StartHere3-240x200.jpg","Grid-width":240,"Grid-height":200,"Image (Component)":"https:\/\/trade.games-workshop.com\/wp-content\/uploads\/2019\/05\/StartHere3-800x500.jpg","Image (Component)-width":800,"Image (Component)-height":500,"Links Banner":"https:\/\/trade.games-workshop.com\/wp-content\/uploads\/2019\/05\/StartHere3-150x150.jpg","Links Banner-width":150,"Links Banner-height":150}},"title":"Un hobby mundial. Una marca mundial. Una comunidad de millones.","trigger_form":false},{"acf_fc_layout":"wysiwyg","content":"<p style=\"text-align: center;\">Warhammer es una marca reconocida mundialmente que ofrece una incre\u00edble variedad de juegos, miniaturas y accesorios. Nuestros productos, fabricados en el Reino Unido, se env\u00edan desde m\u00faltiples almacenes internacionales, lo que garantiza tiempos de entrega fant\u00e1sticos: Todo cuanto necesitas para deleitar a tus clientes con las \u00faltimas novedades. Cont\u00e1ctanos hoy para convertirte en un distribuidor oficial de Warhammer.<\/p>\n","trigger_form":true,"is_external":false,"page_link":"","link_url":"\/get-in-touch\/","link_text":"Crea una colaboraci\u00f3n duradera","justify":"center","background_colour":"white","title":"Todo lo que necesitas para deleitar a tus clientes"},{"acf_fc_layout":"hero_video","title":"","video":"<p><iframe style=\"position: absolute; top: 0px; right: 0px; bottom: 0px; left: 0px; width: 100%; height: 100%;\" src=\"\/\/players.brightcove.net\/5778310444001\/tEqh4qwjNN_default\/index.html?videoId=6036439021001\" allowfullscreen=\"allowfullscreen\"><\/iframe><\/p>\n","padding_top_percent":"56.25","image":false},{"acf_fc_layout":"image","image":{"ID":10798,"id":10798,"title":"InfographSPA","filename":"InfographSPA.jpg","filesize":282859,"url":"https:\/\/trade.games-workshop.com\/wp-content\/uploads\/2019\/05\/InfographSPA.jpg","link":"https:\/\/trade.games-workshop.com\/es\/start-here\/infographspa-2\/","alt":"","author":"5","description":"","caption":"","name":"infographspa-2","status":"inherit","uploaded_to":4349,"date":"2019-05-17 07:10:42","modified":"2019-05-17 07:10:42","menu_order":0,"mime_type":"image\/jpeg","type":"image","subtype":"jpeg","icon":"https:\/\/trade.games-workshop.com\/wp-includes\/images\/media\/default.png","width":1200,"height":1679,"sizes":{"thumbnail":"https:\/\/trade.games-workshop.com\/wp-content\/uploads\/2019\/05\/InfographSPA-107x150.jpg","thumbnail-width":107,"thumbnail-height":150,"medium":"https:\/\/trade.games-workshop.com\/wp-content\/uploads\/2019\/05\/InfographSPA-214x300.jpg","medium-width":214,"medium-height":300,"medium_large":"https:\/\/trade.games-workshop.com\/wp-content\/uploads\/2019\/05\/InfographSPA-768x1075.jpg","medium_large-width":768,"medium_large-height":1075,"large":"https:\/\/trade.games-workshop.com\/wp-content\/uploads\/2019\/05\/InfographSPA-732x1024.jpg","large-width":732,"large-height":1024,"1536x1536":"https:\/\/trade.games-workshop.com\/wp-content\/uploads\/2019\/05\/InfographSPA.jpg","1536x1536-width":1098,"1536x1536-height":1536,"2048x2048":"https:\/\/trade.games-workshop.com\/wp-content\/uploads\/2019\/05\/InfographSPA.jpg","2048x2048-width":1200,"2048x2048-height":1679,"Feature Image":"https:\/\/trade.games-workshop.com\/wp-content\/uploads\/2019\/05\/InfographSPA-360x280.jpg","Feature Image-width":360,"Feature Image-height":280,"Grid":"https:\/\/trade.games-workshop.com\/wp-content\/uploads\/2019\/05\/InfographSPA-240x200.jpg","Grid-width":240,"Grid-height":200,"Image (Component)":"https:\/\/trade.games-workshop.com\/wp-content\/uploads\/2019\/05\/InfographSPA-800x500.jpg","Image (Component)-width":800,"Image (Component)-height":500,"Links Banner":"https:\/\/trade.games-workshop.com\/wp-content\/uploads\/2019\/05\/InfographSPA-150x150.jpg","Links Banner-width":150,"Links Banner-height":150}},"bg_colour":"white","title":""},{"acf_fc_layout":"testimonials","trigger_form":true,"chose_form":"start","form_page":null,"link_text":"Convertirse en vendedor","link_url":"\/get-in-touch\/","testimonials":[{"content":"Todo el mundo con el que hablo en GW parece tan contento\u2026 Nuestras llamadas no s\u00f3lo son llamadas de negocios para entregarles mi dinero\u2026 Se interesan por nuestro negocio y se preocupan por lo que hacemos.","name":"Matt","company_name":"Quinns","location":"UK","background":false},{"content":"Durante los muchos a\u00f1os que llevo trabajado con GW, siempre han prestado atenci\u00f3n a lo que supon\u00eda un desaf\u00edo para nosotros en ese momento y han tratado de ayudarnos a crecer y superar ese desaf\u00edo. Para m\u00ed son como un miembro externo de nuestro equipo.","name":"Rob","company_name":"Gamer's Haven","location":"Colorado, US","background":false},{"content":"Los productos de Games Workshop atraen clientes a la tienda. Nuestras ventas han aumentado gracias a mi gerente de cuentas en Games Workshop.","name":"Adriano","company_name":"S-Games","location":"Austria","background":false},{"content":"Hace m\u00e1s de 20 a\u00f1os que vendemos juegos de Games Workshop, y gracias a ellos hemos podido transmitir a cientos de jugadores nuestra pasi\u00f3n por la fantas\u00eda, la ciencia ficci\u00f3n y, por supuesto, las miniaturas.","name":"Davide","company_name":"Fantamagus","location":"Italy","background":false},{"content":"GW ofrece nuevos productos cada semana y, gracias a su facilidad de entrega, podemos satisfacer todas las demandas de nuestros clientes.","name":"Romaric","company_name":" Jeu et Legendes","location":"France","background":false},{"content":"A lo largo de muchos a\u00f1os de cooperaci\u00f3n, Games Workshop ha demostrado ser un proveedor confiable, servicial y justo. Ofrece productos convincentes y de alta calidad en los que conf\u00edo a la hora de vender a mis propios clientes.","name":"Annina","company_name":"Tactica Games","location":"Switzerland","background":false},{"content":"Han pasado m\u00e1s de 20 a\u00f1os desde que empezamos a vender productos GW y hemos podido compartir nuestra pasi\u00f3n por la fantas\u00eda, la ciencia ficci\u00f3n y, obviamente, por las miniaturas a cientos de jugadores","name":"Davide","company_name":"Fantamagus ","location":"Milano IT","background":false},{"content":"Agradezco el contacto semanal de mi responsable comercial y la flexibilidad de los pedidos que puedo realizar","name":"Dimitrios ","company_name":"Total Galaxy ","location":"UK","background":false},{"content":"el trato semana con el comercial que no tengo con otras empresas con las que trabajo","name":"Team ","company_name":"Sortil\u00e8ges ","location":"Tours FR","background":false},{"content":"Sobre todo nos encantan los juegos de mesa y con GW hay una actualizaci\u00f3n constante con respecto a sus m\u00f3dulos","name":"Rudy ","company_name":"Stardust ","location":"Arles FR","background":false},{"content":"GW ofrece nuevos lanzamientos cada semana y gracias a su f\u00e1cil entrega podemos satisfacer todas las solicitudes de nuestros clientes","name":"Romaric ","company_name":"Jeux et L\u00e9gendes ","location":"Lannion FR\f","background":false},{"content":"Los mejores productos, el mejor servicio, los mejores consejos","name":"Markus","company_name":"Fantastic Empire","location":"Basel CH","background":false},{"content":"Games Workshop ha demostrado, a trav\u00e9s de muchos a\u00f1os trabajando juntos, ser un proveedor de confianza, cooperativo y justo. Me convencen sus productos de alta calidad y estoy feliz de poder ofrecerlos a mis clientes","name":"Annina ","company_name":"Tactica Games ","location":"Zurich CH","background":false}],"title":"Nuestros colaboradores dicen de nosotros\u2026","summary":"No te quedes s\u00f3lo con nuestra palabra. Miles de colaboradores satisfechos en todo el mundo pueden atestiguar las ventajas que ha supuesto para ellos tener a la venta productos de Warhammer. Te ofrecemos una muestra de lo que han dicho desde Colorado Springs a Z\u00fcrich."},{"acf_fc_layout":"wysiwyg_and_image","trigger_form":true,"chose_form":"start","form_page":null,"link_text":"Contacto","link_url":"\/get-in-touch\/","image":{"ID":10823,"id":10823,"title":"StartYourJourney3","filename":"StartYourJourney3.jpg","filesize":111808,"url":"https:\/\/trade.games-workshop.com\/wp-content\/uploads\/2019\/05\/StartYourJourney3.jpg","link":"https:\/\/trade.games-workshop.com\/es\/start-here\/startyourjourney3-2\/","alt":"","author":"5","description":"","caption":"","name":"startyourjourney3-2","status":"inherit","uploaded_to":4349,"date":"2019-05-17 07:44:14","modified":"2019-05-17 07:44:14","menu_order":0,"mime_type":"image\/jpeg","type":"image","subtype":"jpeg","icon":"https:\/\/trade.games-workshop.com\/wp-includes\/images\/media\/default.png","width":1341,"height":656,"sizes":{"thumbnail":"https:\/\/trade.games-workshop.com\/wp-content\/uploads\/2019\/05\/StartYourJourney3-150x73.jpg","thumbnail-width":150,"thumbnail-height":73,"medium":"https:\/\/trade.games-workshop.com\/wp-content\/uploads\/2019\/05\/StartYourJourney3-300x147.jpg","medium-width":300,"medium-height":147,"medium_large":"https:\/\/trade.games-workshop.com\/wp-content\/uploads\/2019\/05\/StartYourJourney3-768x376.jpg","medium_large-width":768,"medium_large-height":376,"large":"https:\/\/trade.games-workshop.com\/wp-content\/uploads\/2019\/05\/StartYourJourney3-1024x501.jpg","large-width":1024,"large-height":501,"1536x1536":"https:\/\/trade.games-workshop.com\/wp-content\/uploads\/2019\/05\/StartYourJourney3.jpg","1536x1536-width":1341,"1536x1536-height":656,"2048x2048":"https:\/\/trade.games-workshop.com\/wp-content\/uploads\/2019\/05\/StartYourJourney3.jpg","2048x2048-width":1341,"2048x2048-height":656,"Feature Image":"https:\/\/trade.games-workshop.com\/wp-content\/uploads\/2019\/05\/StartYourJourney3-360x280.jpg","Feature Image-width":360,"Feature Image-height":280,"Grid":"https:\/\/trade.games-workshop.com\/wp-content\/uploads\/2019\/05\/StartYourJourney3-240x200.jpg","Grid-width":240,"Grid-height":200,"Image (Component)":"https:\/\/trade.games-workshop.com\/wp-content\/uploads\/2019\/05\/StartYourJourney3-800x500.jpg","Image (Component)-width":800,"Image (Component)-height":500,"Links Banner":"https:\/\/trade.games-workshop.com\/wp-content\/uploads\/2019\/05\/StartYourJourney3-150x150.jpg","Links Banner-width":150,"Links Banner-height":150}},"title":"\u00a1Empieza hoy mismo tu viaje con Warhammer!","content":"<p>Con un apoyo fenomenal a una llamada de tel\u00e9fono de distancia y una amplia gama de productos, tenemos lo que necesitas para que tu negocio llegue a nuevos clientes.<\/p>\n"}]},"_links":{"self":[{"href":"https:\/\/trade.games-workshop.com\/es\/wp-json\/wp\/v2\/pages\/4349","targetHints":{"allow":["GET"]}}],"collection":[{"href":"https:\/\/trade.games-workshop.com\/es\/wp-json\/wp\/v2\/pages"}],"about":[{"href":"https:\/\/trade.games-workshop.com\/es\/wp-json\/wp\/v2\/types\/page"}],"author":[{"embeddable":true,"href":"https:\/\/trade.games-workshop.com\/es\/wp-json\/wp\/v2\/users\/30"}],"replies":[{"embeddable":true,"href":"https:\/\/trade.games-workshop.com\/es\/wp-json\/wp\/v2\/comments?post=4349"}],"version-history":[{"count":0,"href":"https:\/\/trade.games-workshop.com\/es\/wp-json\/wp\/v2\/pages\/4349\/revisions"}],"wp:attachment":[{"href":"https:\/\/trade.games-workshop.com\/es\/wp-json\/wp\/v2\/media?parent=4349"}],"curies":[{"name":"wp","href":"https:\/\/api.w.org\/{rel}","templated":true}]}}