{"id":26620,"date":"2019-02-14T23:46:16","date_gmt":"2019-02-14T23:46:16","guid":{"rendered":"http:\/\/trade.games-workshop.com\/common-questions\/"},"modified":"2021-03-23T16:23:52","modified_gmt":"2021-03-23T16:23:52","slug":"common-questions","status":"publish","type":"page","link":"https:\/\/trade.games-workshop.com\/fi\/common-questions\/","title":{"rendered":"Common Questions"},"content":{"rendered":"","protected":false},"excerpt":{"rendered":"","protected":false},"author":1,"featured_media":0,"parent":0,"menu_order":0,"comment_status":"closed","ping_status":"closed","template":"","meta":{"footnotes":""},"class_list":["post-26620","page","type-page","status-publish","hentry"],"yoast_head":"<!-- This site is optimized with the Yoast SEO plugin v27.4 - https:\/\/yoast.com\/product\/yoast-seo-wordpress\/ -->\n<title>Common Questions - Retailers&#039; Network<\/title>\n<meta name=\"robots\" content=\"index, follow, max-snippet:-1, max-image-preview:large, max-video-preview:-1\" \/>\n<link rel=\"canonical\" href=\"https:\/\/trade.games-workshop.com\/fi\/common-questions\/\" \/>\n<meta property=\"og:locale\" content=\"fi_FI\" \/>\n<meta property=\"og:type\" content=\"article\" \/>\n<meta property=\"og:title\" content=\"Common Questions - Retailers&#039; Network\" \/>\n<meta property=\"og:url\" content=\"https:\/\/trade.games-workshop.com\/fi\/common-questions\/\" \/>\n<meta property=\"og:site_name\" content=\"Retailers&#039; Network\" \/>\n<meta property=\"article:modified_time\" content=\"2021-03-23T16:23:52+00:00\" \/>\n<meta name=\"twitter:card\" content=\"summary_large_image\" \/>\n<script type=\"application\/ld+json\" class=\"yoast-schema-graph\">{\"@context\":\"https:\\\/\\\/schema.org\",\"@graph\":[{\"@type\":\"WebPage\",\"@id\":\"https:\\\/\\\/trade.games-workshop.com\\\/fi\\\/common-questions\\\/\",\"url\":\"https:\\\/\\\/trade.games-workshop.com\\\/fi\\\/common-questions\\\/\",\"name\":\"Common Questions - Retailers&#039; Network\",\"isPartOf\":{\"@id\":\"https:\\\/\\\/trade.games-workshop.com\\\/#website\"},\"datePublished\":\"2019-02-14T23:46:16+00:00\",\"dateModified\":\"2021-03-23T16:23:52+00:00\",\"breadcrumb\":{\"@id\":\"https:\\\/\\\/trade.games-workshop.com\\\/fi\\\/common-questions\\\/#breadcrumb\"},\"inLanguage\":\"fi\",\"potentialAction\":[{\"@type\":\"ReadAction\",\"target\":[\"https:\\\/\\\/trade.games-workshop.com\\\/fi\\\/common-questions\\\/\"]}]},{\"@type\":\"BreadcrumbList\",\"@id\":\"https:\\\/\\\/trade.games-workshop.com\\\/fi\\\/common-questions\\\/#breadcrumb\",\"itemListElement\":[{\"@type\":\"ListItem\",\"position\":1,\"name\":\"Home\",\"item\":\"https:\\\/\\\/trade.games-workshop.com\\\/fi\\\/\"},{\"@type\":\"ListItem\",\"position\":2,\"name\":\"Common Questions\"}]},{\"@type\":\"WebSite\",\"@id\":\"https:\\\/\\\/trade.games-workshop.com\\\/#website\",\"url\":\"https:\\\/\\\/trade.games-workshop.com\\\/\",\"name\":\"Retailers&#039; Network\",\"description\":\"Games Workshop Trade Site\",\"potentialAction\":[{\"@type\":\"SearchAction\",\"target\":{\"@type\":\"EntryPoint\",\"urlTemplate\":\"https:\\\/\\\/trade.games-workshop.com\\\/?s={search_term_string}\"},\"query-input\":{\"@type\":\"PropertyValueSpecification\",\"valueRequired\":true,\"valueName\":\"search_term_string\"}}],\"inLanguage\":\"fi\"}]}<\/script>\n<!-- \/ Yoast SEO plugin. -->","yoast_head_json":{"title":"Common Questions - Retailers&#039; Network","robots":{"index":"index","follow":"follow","max-snippet":"max-snippet:-1","max-image-preview":"max-image-preview:large","max-video-preview":"max-video-preview:-1"},"canonical":"https:\/\/trade.games-workshop.com\/fi\/common-questions\/","og_locale":"fi_FI","og_type":"article","og_title":"Common Questions - Retailers&#039; Network","og_url":"https:\/\/trade.games-workshop.com\/fi\/common-questions\/","og_site_name":"Retailers&#039; Network","article_modified_time":"2021-03-23T16:23:52+00:00","twitter_card":"summary_large_image","schema":{"@context":"https:\/\/schema.org","@graph":[{"@type":"WebPage","@id":"https:\/\/trade.games-workshop.com\/fi\/common-questions\/","url":"https:\/\/trade.games-workshop.com\/fi\/common-questions\/","name":"Common Questions - Retailers&#039; Network","isPartOf":{"@id":"https:\/\/trade.games-workshop.com\/#website"},"datePublished":"2019-02-14T23:46:16+00:00","dateModified":"2021-03-23T16:23:52+00:00","breadcrumb":{"@id":"https:\/\/trade.games-workshop.com\/fi\/common-questions\/#breadcrumb"},"inLanguage":"fi","potentialAction":[{"@type":"ReadAction","target":["https:\/\/trade.games-workshop.com\/fi\/common-questions\/"]}]},{"@type":"BreadcrumbList","@id":"https:\/\/trade.games-workshop.com\/fi\/common-questions\/#breadcrumb","itemListElement":[{"@type":"ListItem","position":1,"name":"Home","item":"https:\/\/trade.games-workshop.com\/fi\/"},{"@type":"ListItem","position":2,"name":"Common Questions"}]},{"@type":"WebSite","@id":"https:\/\/trade.games-workshop.com\/#website","url":"https:\/\/trade.games-workshop.com\/","name":"Retailers&#039; Network","description":"Games Workshop Trade Site","potentialAction":[{"@type":"SearchAction","target":{"@type":"EntryPoint","urlTemplate":"https:\/\/trade.games-workshop.com\/?s={search_term_string}"},"query-input":{"@type":"PropertyValueSpecification","valueRequired":true,"valueName":"search_term_string"}}],"inLanguage":"fi"}]}},"acf":{"_content":[{"acf_fc_layout":"hero_low_profile","title":"Yleisi\u00e4 kysymyksi\u00e4","summary":"H\u00e4mmennyitk\u00f6 Space Marineista ja Troglodoneista? Ei haittaa, meilt\u00e4 saat vastauksia! Katso useimmin kysytyt kysymykset alta, mutta muista, ett\u00e4 jos et l\u00f6yd\u00e4 tarvitsemaasi vastausta, olemme vain puhelin soiton p\u00e4\u00e4ss\u00e4."},{"acf_fc_layout":"accordion","groups":[{"group_title":"Ryhdy myyj\u00e4ksi","items":[{"item_title":"Miten paljon aloittaminen maksaa?","item_content":"<p>Meill\u00e4 on useita eri tarjouksia riippuen yrityksesi toimintasuunnitelmasta ja siit\u00e4, mit\u00e4 haluat tarjolle kauppaasi ja asiakkaillesi. Uusille j\u00e4lleenmyyjille on minimialoitusarvo, jolle on useita maksutapoja.<\/p>\n"},{"item_title":"Mit\u00e4 vaatimuksia teill\u00e4 on?","item_content":"<p>Aloita t\u00e4ytt\u00e4m\u00e4ll\u00e4 hakemus. Jotta voit tehd\u00e4 kauppaa kanssamme, sinulla tulee olla fyysinen liike, joka myy tuotteita laajalle yleis\u00f6lle.<\/p>\n"},{"item_title":"Kuinka kauan yhteisty\u00f6n aloittamisessa kest\u00e4\u00e4?","item_content":"<p>Onnistunut hakemus voi auttaa sinut alkuun vain muutamassa p\u00e4iv\u00e4ss\u00e4.<\/p>\n"}]},{"group_title":"K\u00e4ytt\u00f6ehdot","items":[{"item_title":"Mitk\u00e4 ovat teid\u00e4n kauppaehtonne\/-marginaalinne?","item_content":"<p>Paras tapa maksimoida myynnit ja saada marginaalit ja edut, jotka sopivat omaan tilanteeseesi, on ottaa meihin yhteytt\u00e4 \u2013 tehd\u00e4\u00e4n yhdess\u00e4 t\u00f6it\u00e4 kaupallisten kysymystesi parissa.<\/p>\n"},{"item_title":"Mitk\u00e4 ovat teid\u00e4n maksuvaihtoehtonne?","item_content":"<p>Tarjoamme useita vaihtoehtoja, my\u00f6s maksutapoja ja luottoehtoja.<\/p>\n"},{"item_title":"Voinko myyd\u00e4 verkossa?","item_content":"<p>Jos sinulla on fyysinen liike, jossa myyd\u00e4\u00e4n Games Workshopin tuotteita, niin voit my\u00f6s myyd\u00e4 niit\u00e4 verkossa tietyin ehdoin.<\/p>\n"},{"item_title":"Voinko pit\u00e4\u00e4 tuotteita varastossa, jos toinen j\u00e4lleenmyyj\u00e4 myy tuotteitanne samalla alueella?","item_content":"<p>Kyll\u00e4, meill\u00e4 ei ole et\u00e4isyysk\u00e4yt\u00e4nt\u00f6\u00e4.<\/p>\n"}]},{"group_title":"Varastointitietoutta","items":[{"item_title":"Mit\u00e4 minun pit\u00e4isi varastoida?","item_content":"<p>Meill\u00e4 on runsain m\u00e4\u00e4rin myyntitietoja, jotka auttavat sinua valitsemaan tarjolle parhaat tuotteet liikesuunnitelmasi mukaan ja maksimoimaan myynnin sijoituksellesi, mukaan lukien useita helposti varastoitavia bestseller-valikoimia, jotka sopivat useille eri myyntitavoille.<\/p>\n"}]},{"group_title":"Lis\u00e4tuki","items":[{"item_title":"Voiko joku tulla liikkeeseeni pit\u00e4m\u00e4\u00e4n esittelyj\u00e4 ja tapahtumia?","item_content":"<p>Tarjoamme tukea, jotta voit innostaa juuri oikean henkil\u00f6n markkinoimaan Games Workshopin tuotteita liikkeess\u00e4si.<\/p>\n"},{"item_title":"Mit\u00e4 resursseja teill\u00e4 on antaa minulle?","item_content":"<p>Tarjoamme niin fyysisen kuin digitaalisen tuen sek\u00e4 mainosmateriaaleja. Voimme mainostaa liikett\u00e4si hyvin suositulla verkkosivustollamme, tarjota omistautuneen, osaavan tilinhoitajan ja muuta tukea, kuten organisoidut pelit.<\/p>\n"}]}]}]},"_links":{"self":[{"href":"https:\/\/trade.games-workshop.com\/fi\/wp-json\/wp\/v2\/pages\/26620","targetHints":{"allow":["GET"]}}],"collection":[{"href":"https:\/\/trade.games-workshop.com\/fi\/wp-json\/wp\/v2\/pages"}],"about":[{"href":"https:\/\/trade.games-workshop.com\/fi\/wp-json\/wp\/v2\/types\/page"}],"author":[{"embeddable":true,"href":"https:\/\/trade.games-workshop.com\/fi\/wp-json\/wp\/v2\/users\/1"}],"replies":[{"embeddable":true,"href":"https:\/\/trade.games-workshop.com\/fi\/wp-json\/wp\/v2\/comments?post=26620"}],"version-history":[{"count":0,"href":"https:\/\/trade.games-workshop.com\/fi\/wp-json\/wp\/v2\/pages\/26620\/revisions"}],"wp:attachment":[{"href":"https:\/\/trade.games-workshop.com\/fi\/wp-json\/wp\/v2\/media?parent=26620"}],"curies":[{"name":"wp","href":"https:\/\/api.w.org\/{rel}","templated":true}]}}