{"id":26667,"date":"2019-05-10T15:58:43","date_gmt":"2019-05-10T14:58:43","guid":{"rendered":"http:\/\/trade.games-workshop.com\/get-in-touch\/"},"modified":"2021-03-23T16:24:03","modified_gmt":"2021-03-23T16:24:03","slug":"get-in-touch","status":"publish","type":"page","link":"https:\/\/trade.games-workshop.com\/fi\/get-in-touch\/","title":{"rendered":"Get In Touch"},"content":{"rendered":"","protected":false},"excerpt":{"rendered":"","protected":false},"author":30,"featured_media":0,"parent":0,"menu_order":0,"comment_status":"closed","ping_status":"closed","template":"","meta":{"footnotes":""},"class_list":["post-26667","page","type-page","status-publish","hentry"],"yoast_head":"<!-- This site is optimized with the Yoast SEO plugin v27.4 - https:\/\/yoast.com\/product\/yoast-seo-wordpress\/ -->\n<title>Get In Touch - Retailers&#039; Network<\/title>\n<meta name=\"robots\" content=\"index, follow, max-snippet:-1, max-image-preview:large, max-video-preview:-1\" \/>\n<link rel=\"canonical\" href=\"https:\/\/trade.games-workshop.com\/fi\/get-in-touch\/\" \/>\n<meta property=\"og:locale\" content=\"fi_FI\" \/>\n<meta property=\"og:type\" content=\"article\" \/>\n<meta property=\"og:title\" content=\"Get In Touch - Retailers&#039; Network\" \/>\n<meta property=\"og:url\" content=\"https:\/\/trade.games-workshop.com\/fi\/get-in-touch\/\" \/>\n<meta property=\"og:site_name\" content=\"Retailers&#039; Network\" \/>\n<meta property=\"article:modified_time\" content=\"2021-03-23T16:24:03+00:00\" \/>\n<meta name=\"twitter:card\" content=\"summary_large_image\" \/>\n<script type=\"application\/ld+json\" class=\"yoast-schema-graph\">{\"@context\":\"https:\\\/\\\/schema.org\",\"@graph\":[{\"@type\":\"WebPage\",\"@id\":\"https:\\\/\\\/trade.games-workshop.com\\\/fi\\\/get-in-touch\\\/\",\"url\":\"https:\\\/\\\/trade.games-workshop.com\\\/fi\\\/get-in-touch\\\/\",\"name\":\"Get In Touch - Retailers&#039; Network\",\"isPartOf\":{\"@id\":\"https:\\\/\\\/trade.games-workshop.com\\\/#website\"},\"datePublished\":\"2019-05-10T14:58:43+00:00\",\"dateModified\":\"2021-03-23T16:24:03+00:00\",\"breadcrumb\":{\"@id\":\"https:\\\/\\\/trade.games-workshop.com\\\/fi\\\/get-in-touch\\\/#breadcrumb\"},\"inLanguage\":\"fi\",\"potentialAction\":[{\"@type\":\"ReadAction\",\"target\":[\"https:\\\/\\\/trade.games-workshop.com\\\/fi\\\/get-in-touch\\\/\"]}]},{\"@type\":\"BreadcrumbList\",\"@id\":\"https:\\\/\\\/trade.games-workshop.com\\\/fi\\\/get-in-touch\\\/#breadcrumb\",\"itemListElement\":[{\"@type\":\"ListItem\",\"position\":1,\"name\":\"Home\",\"item\":\"https:\\\/\\\/trade.games-workshop.com\\\/fi\\\/\"},{\"@type\":\"ListItem\",\"position\":2,\"name\":\"Get In Touch\"}]},{\"@type\":\"WebSite\",\"@id\":\"https:\\\/\\\/trade.games-workshop.com\\\/#website\",\"url\":\"https:\\\/\\\/trade.games-workshop.com\\\/\",\"name\":\"Retailers&#039; Network\",\"description\":\"Games Workshop Trade Site\",\"potentialAction\":[{\"@type\":\"SearchAction\",\"target\":{\"@type\":\"EntryPoint\",\"urlTemplate\":\"https:\\\/\\\/trade.games-workshop.com\\\/?s={search_term_string}\"},\"query-input\":{\"@type\":\"PropertyValueSpecification\",\"valueRequired\":true,\"valueName\":\"search_term_string\"}}],\"inLanguage\":\"fi\"}]}<\/script>\n<!-- \/ Yoast SEO plugin. -->","yoast_head_json":{"title":"Get In Touch - Retailers&#039; Network","robots":{"index":"index","follow":"follow","max-snippet":"max-snippet:-1","max-image-preview":"max-image-preview:large","max-video-preview":"max-video-preview:-1"},"canonical":"https:\/\/trade.games-workshop.com\/fi\/get-in-touch\/","og_locale":"fi_FI","og_type":"article","og_title":"Get In Touch - Retailers&#039; Network","og_url":"https:\/\/trade.games-workshop.com\/fi\/get-in-touch\/","og_site_name":"Retailers&#039; Network","article_modified_time":"2021-03-23T16:24:03+00:00","twitter_card":"summary_large_image","schema":{"@context":"https:\/\/schema.org","@graph":[{"@type":"WebPage","@id":"https:\/\/trade.games-workshop.com\/fi\/get-in-touch\/","url":"https:\/\/trade.games-workshop.com\/fi\/get-in-touch\/","name":"Get In Touch - Retailers&#039; Network","isPartOf":{"@id":"https:\/\/trade.games-workshop.com\/#website"},"datePublished":"2019-05-10T14:58:43+00:00","dateModified":"2021-03-23T16:24:03+00:00","breadcrumb":{"@id":"https:\/\/trade.games-workshop.com\/fi\/get-in-touch\/#breadcrumb"},"inLanguage":"fi","potentialAction":[{"@type":"ReadAction","target":["https:\/\/trade.games-workshop.com\/fi\/get-in-touch\/"]}]},{"@type":"BreadcrumbList","@id":"https:\/\/trade.games-workshop.com\/fi\/get-in-touch\/#breadcrumb","itemListElement":[{"@type":"ListItem","position":1,"name":"Home","item":"https:\/\/trade.games-workshop.com\/fi\/"},{"@type":"ListItem","position":2,"name":"Get In Touch"}]},{"@type":"WebSite","@id":"https:\/\/trade.games-workshop.com\/#website","url":"https:\/\/trade.games-workshop.com\/","name":"Retailers&#039; Network","description":"Games Workshop Trade Site","potentialAction":[{"@type":"SearchAction","target":{"@type":"EntryPoint","urlTemplate":"https:\/\/trade.games-workshop.com\/?s={search_term_string}"},"query-input":{"@type":"PropertyValueSpecification","valueRequired":true,"valueName":"search_term_string"}}],"inLanguage":"fi"}]}},"acf":{"_content":[{"acf_fc_layout":"hero_low_profile","title":"Ota yhteytt\u00e4","summary":"Warhammer-kumppanuutesi alkaa t\u00e4st\u00e4. T\u00e4yt\u00e4 alla oleva yksinkertainen kaavake, ja otamme sinuun mielell\u00e4mme yhteytt\u00e4 sinulle sopivana hetken\u00e4."},{"acf_fc_layout":"contact"}]},"_links":{"self":[{"href":"https:\/\/trade.games-workshop.com\/fi\/wp-json\/wp\/v2\/pages\/26667","targetHints":{"allow":["GET"]}}],"collection":[{"href":"https:\/\/trade.games-workshop.com\/fi\/wp-json\/wp\/v2\/pages"}],"about":[{"href":"https:\/\/trade.games-workshop.com\/fi\/wp-json\/wp\/v2\/types\/page"}],"author":[{"embeddable":true,"href":"https:\/\/trade.games-workshop.com\/fi\/wp-json\/wp\/v2\/users\/30"}],"replies":[{"embeddable":true,"href":"https:\/\/trade.games-workshop.com\/fi\/wp-json\/wp\/v2\/comments?post=26667"}],"version-history":[{"count":0,"href":"https:\/\/trade.games-workshop.com\/fi\/wp-json\/wp\/v2\/pages\/26667\/revisions"}],"wp:attachment":[{"href":"https:\/\/trade.games-workshop.com\/fi\/wp-json\/wp\/v2\/media?parent=26667"}],"curies":[{"name":"wp","href":"https:\/\/api.w.org\/{rel}","templated":true}]}}