{"id":26669,"date":"2019-05-16T13:15:26","date_gmt":"2019-05-16T12:15:26","guid":{"rendered":"http:\/\/trade.games-workshop.com\/privacy-notice\/"},"modified":"2021-03-23T16:24:13","modified_gmt":"2021-03-23T16:24:13","slug":"privacy-notice","status":"publish","type":"page","link":"https:\/\/trade.games-workshop.com\/fi\/privacy-notice\/","title":{"rendered":"Privacy Notice"},"content":{"rendered":"","protected":false},"excerpt":{"rendered":"","protected":false},"author":30,"featured_media":0,"parent":0,"menu_order":0,"comment_status":"closed","ping_status":"closed","template":"","meta":{"footnotes":""},"class_list":["post-26669","page","type-page","status-publish","hentry"],"yoast_head":"<!-- This site is optimized with the Yoast SEO plugin v27.4 - https:\/\/yoast.com\/product\/yoast-seo-wordpress\/ -->\n<title>Privacy Notice - Retailers&#039; Network<\/title>\n<meta name=\"robots\" content=\"index, follow, max-snippet:-1, max-image-preview:large, max-video-preview:-1\" \/>\n<link rel=\"canonical\" href=\"https:\/\/trade.games-workshop.com\/fi\/privacy-notice\/\" \/>\n<meta property=\"og:locale\" content=\"fi_FI\" \/>\n<meta property=\"og:type\" content=\"article\" \/>\n<meta property=\"og:title\" content=\"Privacy Notice - Retailers&#039; Network\" \/>\n<meta property=\"og:url\" content=\"https:\/\/trade.games-workshop.com\/fi\/privacy-notice\/\" \/>\n<meta property=\"og:site_name\" content=\"Retailers&#039; Network\" \/>\n<meta property=\"article:modified_time\" content=\"2021-03-23T16:24:13+00:00\" \/>\n<meta name=\"twitter:card\" content=\"summary_large_image\" \/>\n<script type=\"application\/ld+json\" class=\"yoast-schema-graph\">{\"@context\":\"https:\\\/\\\/schema.org\",\"@graph\":[{\"@type\":\"WebPage\",\"@id\":\"https:\\\/\\\/trade.games-workshop.com\\\/fi\\\/privacy-notice\\\/\",\"url\":\"https:\\\/\\\/trade.games-workshop.com\\\/fi\\\/privacy-notice\\\/\",\"name\":\"Privacy Notice - Retailers&#039; Network\",\"isPartOf\":{\"@id\":\"https:\\\/\\\/trade.games-workshop.com\\\/#website\"},\"datePublished\":\"2019-05-16T12:15:26+00:00\",\"dateModified\":\"2021-03-23T16:24:13+00:00\",\"breadcrumb\":{\"@id\":\"https:\\\/\\\/trade.games-workshop.com\\\/fi\\\/privacy-notice\\\/#breadcrumb\"},\"inLanguage\":\"fi\",\"potentialAction\":[{\"@type\":\"ReadAction\",\"target\":[\"https:\\\/\\\/trade.games-workshop.com\\\/fi\\\/privacy-notice\\\/\"]}]},{\"@type\":\"BreadcrumbList\",\"@id\":\"https:\\\/\\\/trade.games-workshop.com\\\/fi\\\/privacy-notice\\\/#breadcrumb\",\"itemListElement\":[{\"@type\":\"ListItem\",\"position\":1,\"name\":\"Home\",\"item\":\"https:\\\/\\\/trade.games-workshop.com\\\/fi\\\/\"},{\"@type\":\"ListItem\",\"position\":2,\"name\":\"Privacy Notice\"}]},{\"@type\":\"WebSite\",\"@id\":\"https:\\\/\\\/trade.games-workshop.com\\\/#website\",\"url\":\"https:\\\/\\\/trade.games-workshop.com\\\/\",\"name\":\"Retailers&#039; Network\",\"description\":\"Games Workshop Trade Site\",\"potentialAction\":[{\"@type\":\"SearchAction\",\"target\":{\"@type\":\"EntryPoint\",\"urlTemplate\":\"https:\\\/\\\/trade.games-workshop.com\\\/?s={search_term_string}\"},\"query-input\":{\"@type\":\"PropertyValueSpecification\",\"valueRequired\":true,\"valueName\":\"search_term_string\"}}],\"inLanguage\":\"fi\"}]}<\/script>\n<!-- \/ Yoast SEO plugin. -->","yoast_head_json":{"title":"Privacy Notice - Retailers&#039; Network","robots":{"index":"index","follow":"follow","max-snippet":"max-snippet:-1","max-image-preview":"max-image-preview:large","max-video-preview":"max-video-preview:-1"},"canonical":"https:\/\/trade.games-workshop.com\/fi\/privacy-notice\/","og_locale":"fi_FI","og_type":"article","og_title":"Privacy Notice - Retailers&#039; Network","og_url":"https:\/\/trade.games-workshop.com\/fi\/privacy-notice\/","og_site_name":"Retailers&#039; Network","article_modified_time":"2021-03-23T16:24:13+00:00","twitter_card":"summary_large_image","schema":{"@context":"https:\/\/schema.org","@graph":[{"@type":"WebPage","@id":"https:\/\/trade.games-workshop.com\/fi\/privacy-notice\/","url":"https:\/\/trade.games-workshop.com\/fi\/privacy-notice\/","name":"Privacy Notice - Retailers&#039; Network","isPartOf":{"@id":"https:\/\/trade.games-workshop.com\/#website"},"datePublished":"2019-05-16T12:15:26+00:00","dateModified":"2021-03-23T16:24:13+00:00","breadcrumb":{"@id":"https:\/\/trade.games-workshop.com\/fi\/privacy-notice\/#breadcrumb"},"inLanguage":"fi","potentialAction":[{"@type":"ReadAction","target":["https:\/\/trade.games-workshop.com\/fi\/privacy-notice\/"]}]},{"@type":"BreadcrumbList","@id":"https:\/\/trade.games-workshop.com\/fi\/privacy-notice\/#breadcrumb","itemListElement":[{"@type":"ListItem","position":1,"name":"Home","item":"https:\/\/trade.games-workshop.com\/fi\/"},{"@type":"ListItem","position":2,"name":"Privacy Notice"}]},{"@type":"WebSite","@id":"https:\/\/trade.games-workshop.com\/#website","url":"https:\/\/trade.games-workshop.com\/","name":"Retailers&#039; Network","description":"Games Workshop Trade Site","potentialAction":[{"@type":"SearchAction","target":{"@type":"EntryPoint","urlTemplate":"https:\/\/trade.games-workshop.com\/?s={search_term_string}"},"query-input":{"@type":"PropertyValueSpecification","valueRequired":true,"valueName":"search_term_string"}}],"inLanguage":"fi"}]}},"acf":{"_content":[{"acf_fc_layout":"wysiwyg","content":"<p>Games Workshop on sitoutunut suojelemaan sen kauppatilien ja niiden ty\u00f6ntekij\u00f6iden yksityisyytt\u00e4. T\u00e4ss\u00e4 tietosuojak\u00e4yt\u00e4nn\u00f6ss\u00e4 kuvataan, miten ker\u00e4\u00e4mme ja k\u00e4yt\u00e4mme kauppatilien ja niiden ty\u00f6ntekij\u00f6iden henkil\u00f6tietoja. T\u00e4m\u00e4 k\u00e4yt\u00e4nt\u00f6 koskee kaikkia mahdollisia, nykyisi\u00e4 ja entisi\u00e4 kauppatilej\u00e4 ja niiden ty\u00f6ntekij\u00f6it\u00e4.<\/p>\n<p>Jos olet antanut meille tietoja ty\u00f6ntekij\u00f6ist\u00e4si, vahvistat, ett\u00e4 olet antanut heille kopion t\u00e4st\u00e4 tietosuojak\u00e4yt\u00e4nn\u00f6st\u00e4 ja ett\u00e4 olet ilmoittanut heille identiteettimme, ne tarkoitukset, joihin henkil\u00f6tietoja k\u00e4sitell\u00e4\u00e4n ja ett\u00e4 olet hankkinut heid\u00e4n lupansa siihen, ett\u00e4 k\u00e4sittelemme tietoja. T\u00e4m\u00e4 k\u00e4yt\u00e4nt\u00f6 koskee kauppatilej\u00e4 ja niiden ty\u00f6ntekij\u00f6it\u00e4.<\/p>\n<p>Ker\u00e4ttyjen henkil\u00f6tietojen hallinnoitsija on Games Workshop Limited, Willow Road, Nottingham, NG7 2WS, Yhdistynyt kuningaskunta.<\/p>\n<p>Ole hyv\u00e4 ja lue ja t\u00e4m\u00e4 k\u00e4yt\u00e4nt\u00f6 huolellisesti, jotta ymm\u00e4rr\u00e4t, miten ja miksi k\u00e4yt\u00e4mme kauppatilien ja niiden ty\u00f6ntekij\u00f6iden henkil\u00f6tietoja.<\/p>\n","trigger_form":false,"is_external":false,"page_link":"","link_url":"","link_text":"","justify":"center","background_colour":"white","title":"Kauppatilin tietosuojak\u00e4yt\u00e4nt\u00f6 \u2013 toukokuu 2019"},{"acf_fc_layout":"accordion","groups":[{"group_title":"1. Tiedot, joita voimme s\u00e4ilytt\u00e4\u00e4 sinusta","items":[{"item_title":"","item_content":"<p>Voimme ker\u00e4t\u00e4, s\u00e4ilytt\u00e4\u00e4 ja k\u00e4ytt\u00e4\u00e4 seuraaviin kategorioihin kuuluvia henkil\u00f6tietojasi:<\/p>\n<ul>\n<li>henkil\u00f6tiedot, kuten nimi, titteli, osoite, puhelinnumerot ja henkil\u00f6kohtaiset s\u00e4hk\u00f6postiosoitteet<\/li>\n<li>yrityksen tiedot, kuten nimi ja osoite<\/li>\n<li>tilinumero<\/li>\n<li>luottotarkistuksen tulokset ja luottoraja<\/li>\n<li>puhelutiedot, kuten puheluiden tallenteet, puhelinnumero ja puhelun kesto.<\/li>\n<\/ul>\n"}]},{"group_title":"2. Miten henkil\u00f6tietojasi ker\u00e4t\u00e4\u00e4n?","items":[{"item_title":"","item_content":"<p>Ker\u00e4\u00e4mme tietoja sinusta alkutiedustelujen aikana ja tilin luomisprosessissa joko suoraan sinulta tai joskus jostain muusta l\u00e4hteest\u00e4, kuten luottoyrityksilt\u00e4.<\/p>\n<p>Ker\u00e4\u00e4mme lis\u00e4tietoja sinusta liikesuhteemme aikana.<\/p>\n"}]},{"group_title":"3. Miksi ker\u00e4\u00e4mme henkil\u00f6tietojasi?","items":[{"item_title":"","item_content":"<p>K\u00e4sittelemme henkil\u00f6tietojasi seuraavissa tilanteissa:<\/p>\n<ul>\n<li>kauppatilihakemuksia k\u00e4sitelless\u00e4mme ja harkitessamme<\/li>\n<li>k\u00e4sitelless\u00e4mme mahdolliseen kauppatiliin liittyvi\u00e4 kyselyit\u00e4<\/li>\n<li>luodessamme kauppatilej\u00e4 sis\u00e4isiin j\u00e4rjestelmiimme<\/li>\n<li>tallentaessamme kauppatilien allekirjoitettuja sopimuksia<\/li>\n<li>p\u00e4\u00e4tt\u00e4\u00e4ksemme ja hallitaksemme kauppatilien luottorajoituksia<\/li>\n<li>kunnioittaaksemme sopimuksen mukaisia vaatimuksia kauppatilin kanssa ja ty\u00f6skennell\u00e4ksemme kauppatilin kanssa sopimuksen mukaisissa tarkoituksissa<\/li>\n<li>hallinnoidaksemme myyj\u00e4ohjelman etuja<\/li>\n<li>n\u00e4ytt\u00e4\u00e4ksemme tietosi \u201dliikehaussa\u201d verkkosivustollamme<\/li>\n<li>laskuttaaksemme, yll\u00e4pit\u00e4\u00e4ksemme maksutietoja ja peri\u00e4ksemme my\u00f6h\u00e4styneit\u00e4 maksuja<\/li>\n<li>s\u00e4ilytt\u00e4\u00e4ksemme tiedot kauppatilille toimitetuista tuotteista<\/li>\n<li>analysoidaksemme kauppatilin suorituksia<\/li>\n<li>k\u00e4sitell\u00e4ksemme ja ratkaistaksemme erimielisyyksi\u00e4<\/li>\n<li>kouluttaaksemme henkil\u00f6kuntaa.<\/li>\n<\/ul>\n<p>Oikeusperusta yll\u00e4 kuvattujen henkil\u00f6tietojen ker\u00e4\u00e4miseen ja k\u00e4ytt\u00e4miseen riippuu kyseess\u00e4 olevasta henkil\u00f6tiedosta ja kontekstista, jossa ker\u00e4\u00e4mme sen, kuten (i) suorittaaksemme velvoitteemme kauppatilin kanssa tehdyn sopimuksen mukaisesti (tai solmiaksemme sopimuksen kauppatilin kanssa), (ii) voidaksemme noudattaa laillisia velvoitteitamme tai (iii) kun k\u00e4sittely on oikeutettujen etujemme mukaista eiv\u00e4tk\u00e4 sinun oikeutesi kumoa sit\u00e4.<\/p>\n<p>Jos ker\u00e4\u00e4mme ja k\u00e4yt\u00e4mme henkil\u00f6tietojasi oikeutettujen etujemme (tai kolmannen osapuolen etujen) yhteydess\u00e4, n\u00e4m\u00e4 edut ovat yleens\u00e4 laillisia kaupallisia etujamme myyntianalyysia ja -strategiaa ajatellen tai luottoriskien hallinnoimiseksi. Meill\u00e4 voi olla muita oikeutettuja etuja ja jos soveliasta, teemme sinulle asianmukaisina hetkin\u00e4 selv\u00e4ksi, mit\u00e4 n\u00e4m\u00e4 edut ovat.<\/p>\n<p>Jos sinulla on kysytt\u00e4v\u00e4\u00e4 tai tarvitset lis\u00e4tietoja oikeusperusteista, joiden mukaan ker\u00e4\u00e4mme ja k\u00e4yt\u00e4mme henkil\u00f6tietojasi, ota meihin yhteytt\u00e4 (ks. osa 13).<\/p>\n"}]},{"group_title":"4. Mit\u00e4 jos et voi toimittaa henkil\u00f6tietoja?","items":[{"item_title":"","item_content":"<p>Jos et voi toimittaa tiettyj\u00e4 pyyt\u00e4mi\u00e4mme tietoja, emme v\u00e4ltt\u00e4m\u00e4tt\u00e4 voi toteuttaa sopimusta, jonka olemme tehneet kanssasi tai emme pysty t\u00e4ytt\u00e4m\u00e4\u00e4n lainmukaisia vaatimuksiamme.<\/p>\n"}]},{"group_title":"5. Mit\u00e4 jos k\u00e4yt\u00e4mme tietojasi toiseen tarkoitukseen?","items":[{"item_title":"","item_content":"<p>K\u00e4yt\u00e4mme henkil\u00f6tietojasi vain siihen tarkoitukseen, johon niit\u00e4 on ker\u00e4tty, ellei meid\u00e4n ole kohtuullisuuden mukaisesti k\u00e4ytett\u00e4v\u00e4 niit\u00e4 toiseen syyhyn, joka on yhteensopiva alkuper\u00e4isen tarkoituksen kanssa. Jos meid\u00e4n on k\u00e4ytett\u00e4v\u00e4 henkil\u00f6tietojasi tarkoitukseen, joka ei liity aiempaan, ilmoitamme siit\u00e4 sinulle ja selit\u00e4mme oikeusperusteen, joka oikeuttaa sen.<\/p>\n<p>Otathan huomioon, ett\u00e4 saatamme k\u00e4sitell\u00e4 henkil\u00f6tietojasi ilman, ett\u00e4 tied\u00e4t siit\u00e4 tai hyv\u00e4ksyt sen, kun laki niin vaatii tai sallii.<\/p>\n"}]},{"group_title":"6. Ovatko tietosi turvassa?","items":[{"item_title":"","item_content":"<p>Olemme ottaneet k\u00e4ytt\u00f6\u00f6n soveliaat tekniset ja organisatoriset toimet est\u00e4\u00e4ksemme henkil\u00f6tietojesi katoamisen vahingossa, k\u00e4yt\u00f6n, muuttamisen ja paljastamisen. Toimenpiteemme on tarkoitettu antamaan soveliaan turvallisuustason henkil\u00f6tietojesi k\u00e4sittelyn riskiin n\u00e4hden. Toimenpiteit\u00e4 ovat:<\/p>\n<ul>\n<li>Sijaintipaikkojen p\u00e4\u00e4syn hallinta \u2013 vain k\u00e4ytt\u00f6oikeuden saaneet henkil\u00f6kunnanj\u00e4senet voivat tulla tiloihin, rakennuksiin ja huoneisiin, joissa tietoja k\u00e4sitell\u00e4\u00e4n.<\/li>\n<li>IT-k\u00e4ytt\u00f6oikeushallinta \u2013 vain k\u00e4ytt\u00f6oikeuden saaneet henkil\u00f6kunnanj\u00e4senet voivat p\u00e4\u00e4st\u00e4 k\u00e4siksi henkil\u00f6tietoihisi, jotka on tallennettu s\u00e4hk\u00f6isesti IT-j\u00e4rjestelmiimme.<\/li>\n<li>IT-turvallisuushallinta \u2013 k\u00e4yt\u00e4mme soveliasta teknologiaa ja turvallisuustoimia, jotta voimme varmistaa henkil\u00f6tietojesi turvallisen s\u00e4ilytyksen.<\/li>\n<li>K\u00e4yt\u00e4nn\u00f6t ja toimenpiteet \u2013 kattavat tietosuoja- ja IT-turvallisuusk\u00e4yt\u00e4nn\u00f6t ja toimenpiteet, jotka m\u00e4\u00e4ritt\u00e4v\u00e4t, miten henkil\u00f6st\u00f6n tulee k\u00e4sitell\u00e4 tietojasi.<\/li>\n<li>Koulutus \u2013 jatkuvan tietosuoja- ja IT-turvallisuuskoulutuksen pit\u00e4minen kaikille tietojasi k\u00e4sitteleville henkil\u00f6st\u00f6n j\u00e4senille.<\/li>\n<\/ul>\n"}]},{"group_title":"7. Kenen kanssa saatamme jakaa henkil\u00f6tietojasi?","items":[{"item_title":"","item_content":"<p>Voimme jakaa henkil\u00f6tietojasi seuraavissa tilanteissa:<\/p>\n<ul>\n<li>Palveluntarjoajat<\/li>\n<\/ul>\n<p>Jaamme henkil\u00f6tietojasi meille palveluja tarjoavien kolmansien osapuolten kanssa. Kaikki seuraavat toimet vaativat henkil\u00f6tietojen k\u00e4sittely\u00e4 ja kolmannen osapuolen palveluntarjoaja suorittaa ne: verkkosivuston is\u00e4nn\u00f6inti, luottoviitehaut, asiakkuuksien hallinta -alustan is\u00e4nn\u00f6inti ja huolto, s\u00e4hk\u00f6posti- ja jakelupalvelut, tietokannan ja s\u00e4hk\u00f6postilistan hallinnointipalvelut, hallinnointipalvelut, soitontallennusj\u00e4rjestelm\u00e4n huolto, IT-palvelun tarjoajat, asiakirjojen ja tiedon yhteisty\u00f6 ja jakaminen, lakineuvonta. Lis\u00e4tietoja kolmannen osapuolen palveluntarjoajistamme on saatavana erikseen pyydett\u00e4ess\u00e4. Otathan meihin yhteytt\u00e4 (osa 13), jos haluat lis\u00e4tietoja.<\/p>\n<p>Kaikkien palveluntarjoajien on teht\u00e4v\u00e4 soveliaita turvallisuustoimia suojellaksesi henkil\u00f6tietojasi. Emme anna kolmansien osapuolten palveluntarjoajien k\u00e4sitell\u00e4 henkil\u00f6tietojasi omiin tarkoituksiinsa. Annamme heid\u00e4n ainoastaan k\u00e4sitell\u00e4 henkil\u00f6tietojasi tiettyyn tarkoitukseen ohjeidemme mukaan.<\/p>\n<ul>\n<li>Games Workshop -yhtym\u00e4<\/li>\n<\/ul>\n<p>Saatamme jakaa henkil\u00f6tietosi my\u00f6s muille yhtym\u00e4n yrityksille osana s\u00e4\u00e4nn\u00f6llisi\u00e4 yrityksen suoritusta koskevia raportointitoimiamme, yrityksen uudelleenj\u00e4rjestelyn yhteydess\u00e4 tai j\u00e4rjestelm\u00e4huollon tukena.<\/p>\n<ul>\n<li>Myynti tai uudelleenj\u00e4rjestely<\/li>\n<\/ul>\n<p>Saatamme jakaa henkil\u00f6tietojasi yrityksen mahdollisen myynnin tai uudelleenj\u00e4rjestelyn takia sill\u00e4 edellytyksell\u00e4, ett\u00e4 ilmoitamme ostajalle, ett\u00e4 sen tulee k\u00e4ytt\u00e4\u00e4 henkil\u00f6tietojasi ainoastaan t\u00e4ss\u00e4 k\u00e4yt\u00e4nn\u00f6ss\u00e4 mainittuihin tarkoituksiin.<\/p>\n<ul>\n<li>Laki, lailliset oikeudet ja t\u00e4rke\u00e4t edut<\/li>\n<\/ul>\n<p>Saatamme my\u00f6s jakaa tietojasi lainvalvontaviranomaisen, s\u00e4\u00e4telyviranomaisen, hallituksen viraston, oikeuden tai muun kolmannen osapuolen kanssa, kun uskomme sen olevan tarpeen (i) asiaa koskevan lain mukaisesti, (ii) k\u00e4ytt\u00e4\u00e4ksemme, vakiinnuttaaksemme tai puolustaaksemme laillisia oikeuksiamme tai (iii) suojataksemme t\u00e4rkeit\u00e4 etujamme tai jonkun henkil\u00f6n etuja.<\/p>\n"}]},{"group_title":"8. Siirr\u00e4ttek\u00f6 tietojani Euroopan unionin ulkopuolelle?","items":[{"item_title":"","item_content":"<p>Voimme siirt\u00e4\u00e4 henkil\u00f6tietojasi Euroopan talousalueen (<strong>EEA<\/strong>) ulkopuolelle. Siirr\u00e4mme henkil\u00f6tietojasi EEA:n ulkopuolelle vain riitt\u00e4vien suojaustoimenpiteiden ollessa olemassa. Varmistaaksemme, ett\u00e4 henkil\u00f6tietosi saavat riitt\u00e4v\u00e4n suojauksen EEA:n ulkopuolelle, k\u00e4yt\u00e4mme seuraavia suojaustoimenpiteit\u00e4:<\/p>\n<ul>\n<li>Siirr\u00e4mme Euroopan komission hyv\u00e4ksymiin maihin.<\/li>\n<li>K\u00e4yt\u00e4mme mallisopimuslausekkeita, jotka Euroopan komissio on hyv\u00e4ksynyt.<\/li>\n<li>Vaadimme niiden yritysten, joille siirr\u00e4mme tietoja Yhdysvaltoihin, olevan mukana EU:n ja Yhdysvaltojen Privacy Shield -j\u00e4rjestelyss\u00e4.<\/li>\n<\/ul>\n<p>Lis\u00e4tietoja suojausmenetelmist\u00e4 EEA:n ulkopuolella on saatavana erikseen pyydett\u00e4ess\u00e4. Otathan meihin yhteytt\u00e4 (osa 13), jos haluat lis\u00e4tietoja.<\/p>\n"}]},{"group_title":"9. Miten kauan s\u00e4ilyt\u00e4mme tietojasi?","items":[{"item_title":"","item_content":"<p>S\u00e4ilyt\u00e4mme tietojasi vain niin kauan kuin tarpeellista edell\u00e4 kuvattuihin tarkoituksiin, muun muassa t\u00e4ytt\u00e4\u00e4ksemme kaikki oikeudelliset, kirjanpidolliset ja raportointiin liittyv\u00e4t vaatimukset.<\/p>\n<p>Enimpien tietojesi kohdalla t\u00e4m\u00e4 tarkoittaa kanssamme sovitun sopimuksen kestoa ja sen j\u00e4lkeist\u00e4 6 vuoden ajanjaksoa.<\/p>\n<p>Kun meill\u00e4 ei ole lainmukaisia liiketoimintaan liittyvi\u00e4 syit\u00e4 k\u00e4sitell\u00e4 henkil\u00f6tietojasi, me joko poistamme tai anonymisoimme ne tai, jos se ei ole mahdollista (esimerkiksi, jos tietosi on tallennettu varmuuskopiointiarkistoon), varastoimme henkil\u00f6tietosi turvallisesti ja erist\u00e4mme ne, niin ettei niit\u00e4 k\u00e4sitell\u00e4 en\u00e4\u00e4, kunnes niiden poistaminen on mahdollista.<\/p>\n<p>P\u00e4\u00e4tell\u00e4ksemme soveliaan henkil\u00f6tietojen s\u00e4ilytysajan, otamme huomioon henkil\u00f6tietojen m\u00e4\u00e4r\u00e4n, luonteen ja arkaluonteisuuden, mahdollisen ilman oikeuksia tapahtuvan k\u00e4yt\u00f6n ja paljastumisen potentiaalisesti aiheuttamat haitat, k\u00e4sittelysyyn, sen, josko voimme saavuttaa kyseiset tavoitteet muilla keinoin, ja soveltuvat lain vaatimukset.<\/p>\n<p>Jossain tilanteissa saatamme anonymisoida henkil\u00f6tietosi niin, ettei niit\u00e4 voida en\u00e4\u00e4 yhdist\u00e4\u00e4 sinuun. T\u00e4llaisessa tapauksessa k\u00e4yt\u00e4mme kyseisi\u00e4 tietoja ilman ilmoitusta sinulle.<\/p>\n"}]},{"group_title":"10. Mit\u00e4 oikeuksia sinulla on koskien henkil\u00f6kohtaisia tietojasi?","items":[{"item_title":"","item_content":"<p>Tietyiss\u00e4 tapauksissa sinulla on lain mukaan oikeus:<\/p>\n<ul>\n<li>pyyt\u00e4\u00e4 kopiota henkil\u00f6tiedoista, joita s\u00e4ilyt\u00e4mme sinusta<\/li>\n<li>pyyt\u00e4\u00e4 korjausta puutteellisiin tai virheellisiin tietoihin, joita s\u00e4ilyt\u00e4mme sinusta<\/li>\n<li>pyyt\u00e4\u00e4 meit\u00e4 poistamaan tiedot, kun niiden jatkuvalle k\u00e4sittelylle ei ole hyv\u00e4\u00e4 syyt\u00e4<\/li>\n<li>esitt\u00e4\u00e4 vastalause tietojesi k\u00e4sittelyst\u00e4, kun meill\u00e4 on oikeutettu etu k\u00e4sitell\u00e4 tietojasi<\/li>\n<li>peruuttaa suostumuksesi milloin tahansa, kun suostumuksellasi k\u00e4sittelemme tietojasi tiettyyn tarkoitukseen<\/li>\n<li>pyyt\u00e4\u00e4 rajoitusta, jotta lopetamme henkil\u00f6tietojesi k\u00e4sittelemisen<\/li>\n<li>pyyt\u00e4\u00e4 henkil\u00f6tietojesi siirtoa toiselle osapuolelle, jonka olet ilmoittanut meille.<\/li>\n<\/ul>\n<p>Jos haluat k\u00e4ytt\u00e4\u00e4 n\u00e4it\u00e4 oikeuksiasi, ota meihin yhteytt\u00e4 (osa 13).<\/p>\n<p>Sinun ei tarvitse maksaa mit\u00e4\u00e4n k\u00e4ytt\u00e4\u00e4ksesi oikeuksiasi, mutta saatamme veloittaa kohtuullisen summan, jos pyynt\u00f6si on perusteeton tai liiallinen. Vaihtoehtoisesti saatamme kielt\u00e4yty\u00e4 suorittamasta pyynt\u00f6\u00e4 kyseisiss\u00e4 tilanteissa.<\/p>\n<p>Huomioithan, ett\u00e4 saatamme joutua pyyt\u00e4m\u00e4\u00e4n sinulta tietoja henkil\u00f6llisyytesi ja sen, onko sinulla oikeus n\u00e4ihin oikeuksiin, varmistamiseksi.<\/p>\n<p>Jos et ole tyytyv\u00e4inen siihen, miten k\u00e4sittelemme henkil\u00f6tietojasi, sinulla on oikeus valittaa asianomaiselle valvovalle viranomaiselle. Katso <a href=\"http:\/\/ec.europa.eu\/newsroom\/article29\/item-detail.cfm?item_id=612080\" target=\"_blank\" rel=\"\u201dnoopener\u201d\">t\u00e4\u00e4lt\u00e4<\/a> asianmukaiset yhteystiedot.<\/p>\n"}]},{"group_title":"11. Mit\u00e4 me pyyd\u00e4mme sinulta?","items":[{"item_title":"","item_content":"<p>On t\u00e4rke\u00e4\u00e4, ett\u00e4 henkil\u00f6tiedot, joita meille on sinusta, ovat oikein ja ajan tasalla. Ilmoita meille v\u00e4litt\u00f6m\u00e4sti muutoksista henkil\u00f6tietoihisi, joita meill\u00e4 on sinusta.<\/p>\n"}]},{"group_title":"12. Tietosuojak\u00e4yt\u00e4nn\u00f6n muutokset","items":[{"item_title":"","item_content":"<p>Voimme p\u00e4ivitt\u00e4\u00e4 t\u00e4t\u00e4 k\u00e4yt\u00e4nt\u00f6\u00e4 aika ajoin. Kun p\u00e4ivit\u00e4mme k\u00e4yt\u00e4nt\u00f6\u00e4, ilmoitamme siit\u00e4 sinulle soveliaalla tavalla, mik\u00e4 vastaa muutosten merkityksellisyytt\u00e4. Pyyd\u00e4mme hyv\u00e4ksynt\u00e4\u00e4si tietosuojak\u00e4yt\u00e4nn\u00f6n merkitt\u00e4ville muutoksille, kun laki vaatii niin.<\/p>\n<p>N\u00e4et, milloin t\u00e4t\u00e4 k\u00e4yt\u00e4nt\u00f6\u00e4 on viimeksi p\u00e4ivitetty, katsomalla p\u00e4iv\u00e4m\u00e4\u00e4r\u00e4\u00e4 t\u00e4m\u00e4n k\u00e4yt\u00e4nn\u00f6n alussa.<\/p>\n"}]},{"group_title":"13. Ota meihin yhteytt\u00e4","items":[{"item_title":"","item_content":"<p>T\u00e4t\u00e4 ilmoitusta valvoo Games Workshop -ryhm\u00e4n tietosuojajohtaja. Jos sinulla on kysytt\u00e4v\u00e4\u00e4, valituksia tai pyynt\u00f6j\u00e4, ota yhteytt\u00e4 tietosuojajohtajaamme s\u00e4hk\u00f6postitse: <a href=\"mailto:privacy@gwplc.com\"><strong>privacy@gwplc.com<\/strong><\/a>.<\/p>\n"}]}]}]},"_links":{"self":[{"href":"https:\/\/trade.games-workshop.com\/fi\/wp-json\/wp\/v2\/pages\/26669","targetHints":{"allow":["GET"]}}],"collection":[{"href":"https:\/\/trade.games-workshop.com\/fi\/wp-json\/wp\/v2\/pages"}],"about":[{"href":"https:\/\/trade.games-workshop.com\/fi\/wp-json\/wp\/v2\/types\/page"}],"author":[{"embeddable":true,"href":"https:\/\/trade.games-workshop.com\/fi\/wp-json\/wp\/v2\/users\/30"}],"replies":[{"embeddable":true,"href":"https:\/\/trade.games-workshop.com\/fi\/wp-json\/wp\/v2\/comments?post=26669"}],"version-history":[{"count":0,"href":"https:\/\/trade.games-workshop.com\/fi\/wp-json\/wp\/v2\/pages\/26669\/revisions"}],"wp:attachment":[{"href":"https:\/\/trade.games-workshop.com\/fi\/wp-json\/wp\/v2\/media?parent=26669"}],"curies":[{"name":"wp","href":"https:\/\/api.w.org\/{rel}","templated":true}]}}