{"id":1353,"date":"2019-02-14T23:46:16","date_gmt":"2019-02-14T23:46:16","guid":{"rendered":"https:\/\/trade.games-workshop.com\/common-questions\/"},"modified":"2019-05-12T11:21:29","modified_gmt":"2019-05-12T10:21:29","slug":"common-questions","status":"publish","type":"page","link":"https:\/\/trade.games-workshop.com\/fr\/common-questions\/","title":{"rendered":"Questions courantes"},"content":{"rendered":"","protected":false},"excerpt":{"rendered":"","protected":false},"author":1,"featured_media":0,"parent":0,"menu_order":0,"comment_status":"closed","ping_status":"closed","template":"","meta":{"footnotes":""},"class_list":["post-1353","page","type-page","status-publish","hentry"],"yoast_head":"<!-- This site is optimized with the Yoast SEO plugin v27.4 - https:\/\/yoast.com\/product\/yoast-seo-wordpress\/ -->\n<title>Questions courantes - Retailers&#039; Network<\/title>\n<meta name=\"robots\" content=\"index, follow, max-snippet:-1, max-image-preview:large, max-video-preview:-1\" \/>\n<link rel=\"canonical\" href=\"https:\/\/trade.games-workshop.com\/fr\/common-questions\/\" \/>\n<meta property=\"og:locale\" content=\"fr_FR\" \/>\n<meta property=\"og:type\" content=\"article\" \/>\n<meta property=\"og:title\" content=\"Questions courantes - Retailers&#039; Network\" \/>\n<meta property=\"og:url\" content=\"https:\/\/trade.games-workshop.com\/fr\/common-questions\/\" \/>\n<meta property=\"og:site_name\" content=\"Retailers&#039; Network\" \/>\n<meta property=\"article:modified_time\" content=\"2019-05-12T10:21:29+00:00\" \/>\n<meta name=\"twitter:card\" content=\"summary_large_image\" \/>\n<script type=\"application\/ld+json\" class=\"yoast-schema-graph\">{\"@context\":\"https:\\\/\\\/schema.org\",\"@graph\":[{\"@type\":\"WebPage\",\"@id\":\"https:\\\/\\\/trade.games-workshop.com\\\/fr\\\/common-questions\\\/\",\"url\":\"https:\\\/\\\/trade.games-workshop.com\\\/fr\\\/common-questions\\\/\",\"name\":\"Questions courantes - Retailers&#039; Network\",\"isPartOf\":{\"@id\":\"https:\\\/\\\/trade.games-workshop.com\\\/#website\"},\"datePublished\":\"2019-02-14T23:46:16+00:00\",\"dateModified\":\"2019-05-12T10:21:29+00:00\",\"breadcrumb\":{\"@id\":\"https:\\\/\\\/trade.games-workshop.com\\\/fr\\\/common-questions\\\/#breadcrumb\"},\"inLanguage\":\"fr-FR\",\"potentialAction\":[{\"@type\":\"ReadAction\",\"target\":[\"https:\\\/\\\/trade.games-workshop.com\\\/fr\\\/common-questions\\\/\"]}]},{\"@type\":\"BreadcrumbList\",\"@id\":\"https:\\\/\\\/trade.games-workshop.com\\\/fr\\\/common-questions\\\/#breadcrumb\",\"itemListElement\":[{\"@type\":\"ListItem\",\"position\":1,\"name\":\"Home\",\"item\":\"https:\\\/\\\/trade.games-workshop.com\\\/fr\\\/\"},{\"@type\":\"ListItem\",\"position\":2,\"name\":\"Questions courantes\"}]},{\"@type\":\"WebSite\",\"@id\":\"https:\\\/\\\/trade.games-workshop.com\\\/#website\",\"url\":\"https:\\\/\\\/trade.games-workshop.com\\\/\",\"name\":\"Retailers&#039; Network\",\"description\":\"Games Workshop Trade Site\",\"potentialAction\":[{\"@type\":\"SearchAction\",\"target\":{\"@type\":\"EntryPoint\",\"urlTemplate\":\"https:\\\/\\\/trade.games-workshop.com\\\/?s={search_term_string}\"},\"query-input\":{\"@type\":\"PropertyValueSpecification\",\"valueRequired\":true,\"valueName\":\"search_term_string\"}}],\"inLanguage\":\"fr-FR\"}]}<\/script>\n<!-- \/ Yoast SEO plugin. -->","yoast_head_json":{"title":"Questions courantes - Retailers&#039; Network","robots":{"index":"index","follow":"follow","max-snippet":"max-snippet:-1","max-image-preview":"max-image-preview:large","max-video-preview":"max-video-preview:-1"},"canonical":"https:\/\/trade.games-workshop.com\/fr\/common-questions\/","og_locale":"fr_FR","og_type":"article","og_title":"Questions courantes - Retailers&#039; Network","og_url":"https:\/\/trade.games-workshop.com\/fr\/common-questions\/","og_site_name":"Retailers&#039; Network","article_modified_time":"2019-05-12T10:21:29+00:00","twitter_card":"summary_large_image","schema":{"@context":"https:\/\/schema.org","@graph":[{"@type":"WebPage","@id":"https:\/\/trade.games-workshop.com\/fr\/common-questions\/","url":"https:\/\/trade.games-workshop.com\/fr\/common-questions\/","name":"Questions courantes - Retailers&#039; Network","isPartOf":{"@id":"https:\/\/trade.games-workshop.com\/#website"},"datePublished":"2019-02-14T23:46:16+00:00","dateModified":"2019-05-12T10:21:29+00:00","breadcrumb":{"@id":"https:\/\/trade.games-workshop.com\/fr\/common-questions\/#breadcrumb"},"inLanguage":"fr-FR","potentialAction":[{"@type":"ReadAction","target":["https:\/\/trade.games-workshop.com\/fr\/common-questions\/"]}]},{"@type":"BreadcrumbList","@id":"https:\/\/trade.games-workshop.com\/fr\/common-questions\/#breadcrumb","itemListElement":[{"@type":"ListItem","position":1,"name":"Home","item":"https:\/\/trade.games-workshop.com\/fr\/"},{"@type":"ListItem","position":2,"name":"Questions courantes"}]},{"@type":"WebSite","@id":"https:\/\/trade.games-workshop.com\/#website","url":"https:\/\/trade.games-workshop.com\/","name":"Retailers&#039; Network","description":"Games Workshop Trade Site","potentialAction":[{"@type":"SearchAction","target":{"@type":"EntryPoint","urlTemplate":"https:\/\/trade.games-workshop.com\/?s={search_term_string}"},"query-input":{"@type":"PropertyValueSpecification","valueRequired":true,"valueName":"search_term_string"}}],"inLanguage":"fr-FR"}]}},"acf":{"_content":[{"acf_fc_layout":"hero_low_profile","title":"Questions courantes","summary":"Ces histoires de Space Marines et de Troglodons vous semblent confuses? Pas de souci, nous avons les r\u00e9ponses! Consultez ci-dessous les questions les plus courantes,\u00a0et n'oubliez pas que si vous ne trouvez pas de r\u00e9ponse aux v\u00f4tres, nous sommes joignables par t\u00e9l\u00e9phone. "},{"acf_fc_layout":"accordion","groups":[{"group_title":"Devenir d\u00e9taillant","items":[{"item_title":"Combien cela co\u00fbte-t-il pour se lancer?","item_content":"<p>Nous avons des offres tr\u00e8s vari\u00e9es, selon votre projet d&rsquo;activit\u00e9 et ce que vous souhaitez proposer \u00e0 vos clients. Il y a une valeur d&rsquo;implantation minimale pour les nouveaux d\u00e9taillants, avec diff\u00e9rentes options de paiement.<\/p>\n"},{"item_title":"Quelles sont vos exigences?","item_content":"<p>Tout d&rsquo;abord, vous devez remplir une demande. Pour faire affaire avec nous, il vous faut un point de vente physique ouvert au public.<\/p>\n"},{"item_title":"Combien de temps faut-il pour commencer \u00e0 travailler ensemble?","item_content":"<p>Suite \u00e0 une demande appuy\u00e9e par une documentation compl\u00e8te, c&rsquo;est juste une question de jours.<\/p>\n"}]},{"group_title":"Terms & Conditions","items":[{"item_title":"Quels sont vos termes commerciaux et vos marges?","item_content":"<p>Le meilleur moyen de maximiser vos ventes, et d&rsquo;\u00e9tablir les marges et b\u00e9n\u00e9fices applicables \u00e0 votre cas de figure, est de nous contacter \u2013 nous traiterons ensemble vos questions d&rsquo;ordre commercial.<\/p>\n"},{"item_title":"Quelles sont vos options de paiement?","item_content":"<p>Nous proposons tout un \u00e9ventail de m\u00e9thodes de paiement et de modalit\u00e9s de cr\u00e9dit.<\/p>\n"},{"item_title":"Puis-je vendre en ligne?","item_content":"<p>Si vous avez un magasin physique qui r\u00e9f\u00e9rence des produits Games Workshop, vous avez la possibilit\u00e9 de vendre \u00e9galement en ligne, selon des modalit\u00e9s sp\u00e9cifiques.<\/p>\n"},{"item_title":"Puis-je proposer vos produits si un autre revendeur le fait d\u00e9j\u00e0 dans mon voisinage?","item_content":"<p>Oui, nous n&rsquo;avons pas de politique de proximit\u00e9.<\/p>\n"}]},{"group_title":"Savoir quoi r\u00e9f\u00e9rencer","items":[{"item_title":"Que devrais-je avoir en inventaire?","item_content":"<p>Gr\u00e2ce \u00e0 nos nombreuses donn\u00e9es sur les ventes, nous pouvons vous aider \u00e0 s\u00e9lectionner l&rsquo;offre de produits la plus adapt\u00e9e \u00e0 votre projet commercial afin de maximiser les ventes par rapport \u00e0 votre investissement, ce qui comprend des gammes \u00e0 succ\u00e8s faciles \u00e0 r\u00e9f\u00e9rencer, qui conviennent \u00e0 de nombreux formats de vente au d\u00e9tail.<\/p>\n"}]},{"group_title":"Support additionnel","items":[{"item_title":"Est-ce que quelqu'un peut venir dans mon magasin pour g\u00e9rer des d\u00e9monstrations et des \u00e9v\u00e9nements?","item_content":"<p>Nous proposons du support pour vous aider \u00e0 motiver la personne adapt\u00e9e \u00e0 promouvoir Games Workshop dans votre magasin.<\/p>\n"},{"item_title":"Quelles ressources me proposez-vous?","item_content":"<p>Nous proposons du support physique et num\u00e9rique ainsi que des documents promotionnels. Nous pouvons r\u00e9f\u00e9rencer votre magasin sur notre site web tr\u00e8s fr\u00e9quent\u00e9, nos gestionnaires de comptes sont aussi d\u00e9vou\u00e9s que comp\u00e9tents, et nous proposons entre autres du soutien au jeu organis\u00e9.<\/p>\n"}]}]}]},"_links":{"self":[{"href":"https:\/\/trade.games-workshop.com\/fr\/wp-json\/wp\/v2\/pages\/1353","targetHints":{"allow":["GET"]}}],"collection":[{"href":"https:\/\/trade.games-workshop.com\/fr\/wp-json\/wp\/v2\/pages"}],"about":[{"href":"https:\/\/trade.games-workshop.com\/fr\/wp-json\/wp\/v2\/types\/page"}],"author":[{"embeddable":true,"href":"https:\/\/trade.games-workshop.com\/fr\/wp-json\/wp\/v2\/users\/1"}],"replies":[{"embeddable":true,"href":"https:\/\/trade.games-workshop.com\/fr\/wp-json\/wp\/v2\/comments?post=1353"}],"version-history":[{"count":0,"href":"https:\/\/trade.games-workshop.com\/fr\/wp-json\/wp\/v2\/pages\/1353\/revisions"}],"wp:attachment":[{"href":"https:\/\/trade.games-workshop.com\/fr\/wp-json\/wp\/v2\/media?parent=1353"}],"curies":[{"name":"wp","href":"https:\/\/api.w.org\/{rel}","templated":true}]}}