{"id":4346,"date":"2019-05-10T15:40:25","date_gmt":"2019-05-10T14:40:25","guid":{"rendered":"https:\/\/trade.games-workshop.com\/start-here\/"},"modified":"2020-06-19T16:42:12","modified_gmt":"2020-06-19T15:42:12","slug":"start-here","status":"publish","type":"page","link":"https:\/\/trade.games-workshop.com\/fr\/start-here\/","title":{"rendered":"Commencer ici"},"content":{"rendered":"","protected":false},"excerpt":{"rendered":"","protected":false},"author":30,"featured_media":0,"parent":0,"menu_order":0,"comment_status":"closed","ping_status":"closed","template":"","meta":{"footnotes":""},"class_list":["post-4346","page","type-page","status-publish","hentry"],"yoast_head":"<!-- This site is optimized with the Yoast SEO plugin v27.4 - https:\/\/yoast.com\/product\/yoast-seo-wordpress\/ -->\n<title>Commencer ici - Retailers&#039; Network<\/title>\n<meta name=\"robots\" content=\"index, follow, max-snippet:-1, max-image-preview:large, max-video-preview:-1\" \/>\n<link rel=\"canonical\" href=\"https:\/\/trade.games-workshop.com\/fr\/start-here\/\" \/>\n<meta property=\"og:locale\" content=\"fr_FR\" \/>\n<meta property=\"og:type\" content=\"article\" \/>\n<meta property=\"og:title\" content=\"Commencer ici - Retailers&#039; Network\" \/>\n<meta property=\"og:url\" content=\"https:\/\/trade.games-workshop.com\/fr\/start-here\/\" \/>\n<meta property=\"og:site_name\" content=\"Retailers&#039; Network\" \/>\n<meta property=\"article:modified_time\" content=\"2020-06-19T15:42:12+00:00\" \/>\n<meta name=\"twitter:card\" content=\"summary_large_image\" \/>\n<script type=\"application\/ld+json\" class=\"yoast-schema-graph\">{\"@context\":\"https:\\\/\\\/schema.org\",\"@graph\":[{\"@type\":\"WebPage\",\"@id\":\"https:\\\/\\\/trade.games-workshop.com\\\/fr\\\/start-here\\\/\",\"url\":\"https:\\\/\\\/trade.games-workshop.com\\\/fr\\\/start-here\\\/\",\"name\":\"Commencer ici - Retailers&#039; Network\",\"isPartOf\":{\"@id\":\"https:\\\/\\\/trade.games-workshop.com\\\/#website\"},\"datePublished\":\"2019-05-10T14:40:25+00:00\",\"dateModified\":\"2020-06-19T15:42:12+00:00\",\"breadcrumb\":{\"@id\":\"https:\\\/\\\/trade.games-workshop.com\\\/fr\\\/start-here\\\/#breadcrumb\"},\"inLanguage\":\"fr-FR\",\"potentialAction\":[{\"@type\":\"ReadAction\",\"target\":[\"https:\\\/\\\/trade.games-workshop.com\\\/fr\\\/start-here\\\/\"]}]},{\"@type\":\"BreadcrumbList\",\"@id\":\"https:\\\/\\\/trade.games-workshop.com\\\/fr\\\/start-here\\\/#breadcrumb\",\"itemListElement\":[{\"@type\":\"ListItem\",\"position\":1,\"name\":\"Home\",\"item\":\"https:\\\/\\\/trade.games-workshop.com\\\/fr\\\/\"},{\"@type\":\"ListItem\",\"position\":2,\"name\":\"Commencer ici\"}]},{\"@type\":\"WebSite\",\"@id\":\"https:\\\/\\\/trade.games-workshop.com\\\/#website\",\"url\":\"https:\\\/\\\/trade.games-workshop.com\\\/\",\"name\":\"Retailers&#039; Network\",\"description\":\"Games Workshop Trade Site\",\"potentialAction\":[{\"@type\":\"SearchAction\",\"target\":{\"@type\":\"EntryPoint\",\"urlTemplate\":\"https:\\\/\\\/trade.games-workshop.com\\\/?s={search_term_string}\"},\"query-input\":{\"@type\":\"PropertyValueSpecification\",\"valueRequired\":true,\"valueName\":\"search_term_string\"}}],\"inLanguage\":\"fr-FR\"}]}<\/script>\n<!-- \/ Yoast SEO plugin. -->","yoast_head_json":{"title":"Commencer ici - Retailers&#039; Network","robots":{"index":"index","follow":"follow","max-snippet":"max-snippet:-1","max-image-preview":"max-image-preview:large","max-video-preview":"max-video-preview:-1"},"canonical":"https:\/\/trade.games-workshop.com\/fr\/start-here\/","og_locale":"fr_FR","og_type":"article","og_title":"Commencer ici - Retailers&#039; Network","og_url":"https:\/\/trade.games-workshop.com\/fr\/start-here\/","og_site_name":"Retailers&#039; Network","article_modified_time":"2020-06-19T15:42:12+00:00","twitter_card":"summary_large_image","schema":{"@context":"https:\/\/schema.org","@graph":[{"@type":"WebPage","@id":"https:\/\/trade.games-workshop.com\/fr\/start-here\/","url":"https:\/\/trade.games-workshop.com\/fr\/start-here\/","name":"Commencer ici - Retailers&#039; Network","isPartOf":{"@id":"https:\/\/trade.games-workshop.com\/#website"},"datePublished":"2019-05-10T14:40:25+00:00","dateModified":"2020-06-19T15:42:12+00:00","breadcrumb":{"@id":"https:\/\/trade.games-workshop.com\/fr\/start-here\/#breadcrumb"},"inLanguage":"fr-FR","potentialAction":[{"@type":"ReadAction","target":["https:\/\/trade.games-workshop.com\/fr\/start-here\/"]}]},{"@type":"BreadcrumbList","@id":"https:\/\/trade.games-workshop.com\/fr\/start-here\/#breadcrumb","itemListElement":[{"@type":"ListItem","position":1,"name":"Home","item":"https:\/\/trade.games-workshop.com\/fr\/"},{"@type":"ListItem","position":2,"name":"Commencer ici"}]},{"@type":"WebSite","@id":"https:\/\/trade.games-workshop.com\/#website","url":"https:\/\/trade.games-workshop.com\/","name":"Retailers&#039; Network","description":"Games Workshop Trade Site","potentialAction":[{"@type":"SearchAction","target":{"@type":"EntryPoint","urlTemplate":"https:\/\/trade.games-workshop.com\/?s={search_term_string}"},"query-input":{"@type":"PropertyValueSpecification","valueRequired":true,"valueName":"search_term_string"}}],"inLanguage":"fr-FR"}]}},"acf":{"_content":[{"acf_fc_layout":"hero_standard","is_external":false,"page_link":"","link_url":"","link_text":"","image":{"ID":10725,"id":10725,"title":"StartHere3","filename":"StartHere3.jpg","filesize":82072,"url":"https:\/\/trade.games-workshop.com\/wp-content\/uploads\/2019\/05\/StartHere3.jpg","link":"https:\/\/trade.games-workshop.com\/fr\/start-here\/starthere3-2\/","alt":"","author":"5","description":"","caption":"","name":"starthere3-2","status":"inherit","uploaded_to":4346,"date":"2019-05-17 06:06:52","modified":"2019-05-17 06:06:52","menu_order":0,"mime_type":"image\/jpeg","type":"image","subtype":"jpeg","icon":"https:\/\/trade.games-workshop.com\/wp-includes\/images\/media\/default.png","width":1440,"height":789,"sizes":{"thumbnail":"https:\/\/trade.games-workshop.com\/wp-content\/uploads\/2019\/05\/StartHere3-150x82.jpg","thumbnail-width":150,"thumbnail-height":82,"medium":"https:\/\/trade.games-workshop.com\/wp-content\/uploads\/2019\/05\/StartHere3-300x164.jpg","medium-width":300,"medium-height":164,"medium_large":"https:\/\/trade.games-workshop.com\/wp-content\/uploads\/2019\/05\/StartHere3-768x421.jpg","medium_large-width":768,"medium_large-height":421,"large":"https:\/\/trade.games-workshop.com\/wp-content\/uploads\/2019\/05\/StartHere3-1024x561.jpg","large-width":1024,"large-height":561,"1536x1536":"https:\/\/trade.games-workshop.com\/wp-content\/uploads\/2019\/05\/StartHere3.jpg","1536x1536-width":1440,"1536x1536-height":789,"2048x2048":"https:\/\/trade.games-workshop.com\/wp-content\/uploads\/2019\/05\/StartHere3.jpg","2048x2048-width":1440,"2048x2048-height":789,"Feature Image":"https:\/\/trade.games-workshop.com\/wp-content\/uploads\/2019\/05\/StartHere3-360x280.jpg","Feature Image-width":360,"Feature Image-height":280,"Grid":"https:\/\/trade.games-workshop.com\/wp-content\/uploads\/2019\/05\/StartHere3-240x200.jpg","Grid-width":240,"Grid-height":200,"Image (Component)":"https:\/\/trade.games-workshop.com\/wp-content\/uploads\/2019\/05\/StartHere3-800x500.jpg","Image (Component)-width":800,"Image (Component)-height":500,"Links Banner":"https:\/\/trade.games-workshop.com\/wp-content\/uploads\/2019\/05\/StartHere3-150x150.jpg","Links Banner-width":150,"Links Banner-height":150}},"title":"Un hobby mondial. Une marque globale. Une communaut\u00e9 de millions de membres.","trigger_form":false},{"acf_fc_layout":"wysiwyg","content":"<p style=\"text-align: center;\">Warhammer est une marque mondialement connue, forte d&rsquo;une gamme incroyable de jeux, de figurines et d&rsquo;accessoires. Nos produits, fabriqu\u00e9s au Royaume-Uni, sont distribu\u00e9s via plusieurs entrep\u00f4ts internationaux, qui garantissent d&rsquo;excellents d\u00e9lais de livraison \u2013 tout ce qu&rsquo;il faut pour ravir vos clients avec les derniers produits. Contactez-nous d\u00e8s aujourd&rsquo;hui pour devenir un d\u00e9taillant officiel de Warhammer.<\/p>\n","trigger_form":true,"is_external":false,"page_link":"","link_url":"\/get-in-touch\/","link_text":"Cr\u00e9er un partenariat durable","justify":"center","background_colour":"white","title":"Tout ce qu'il faut pour ravir vos clients"},{"acf_fc_layout":"hero_video","title":"","video":"<p><iframe style=\"position: absolute; top: 0px; right: 0px; bottom: 0px; left: 0px; width: 100%; height: 100%;\" src=\"\/\/players.brightcove.net\/5778310444001\/tEqh4qwjNN_default\/index.html?videoId=6036446198001\" allowfullscreen=\"allowfullscreen\"><\/iframe><\/p>\n","padding_top_percent":"56.25","image":false},{"acf_fc_layout":"image","image":{"ID":10779,"id":10779,"title":"InfographFRE","filename":"InfographFRE.jpg","filesize":283013,"url":"https:\/\/trade.games-workshop.com\/wp-content\/uploads\/2019\/05\/InfographFRE.jpg","link":"https:\/\/trade.games-workshop.com\/fr\/start-here\/infographfre\/","alt":"","author":"5","description":"","caption":"","name":"infographfre","status":"inherit","uploaded_to":4346,"date":"2019-05-17 07:09:06","modified":"2019-05-17 07:09:06","menu_order":0,"mime_type":"image\/jpeg","type":"image","subtype":"jpeg","icon":"https:\/\/trade.games-workshop.com\/wp-includes\/images\/media\/default.png","width":1200,"height":1679,"sizes":{"thumbnail":"https:\/\/trade.games-workshop.com\/wp-content\/uploads\/2019\/05\/InfographFRE-107x150.jpg","thumbnail-width":107,"thumbnail-height":150,"medium":"https:\/\/trade.games-workshop.com\/wp-content\/uploads\/2019\/05\/InfographFRE-214x300.jpg","medium-width":214,"medium-height":300,"medium_large":"https:\/\/trade.games-workshop.com\/wp-content\/uploads\/2019\/05\/InfographFRE-768x1075.jpg","medium_large-width":768,"medium_large-height":1075,"large":"https:\/\/trade.games-workshop.com\/wp-content\/uploads\/2019\/05\/InfographFRE-732x1024.jpg","large-width":732,"large-height":1024,"1536x1536":"https:\/\/trade.games-workshop.com\/wp-content\/uploads\/2019\/05\/InfographFRE.jpg","1536x1536-width":1098,"1536x1536-height":1536,"2048x2048":"https:\/\/trade.games-workshop.com\/wp-content\/uploads\/2019\/05\/InfographFRE.jpg","2048x2048-width":1200,"2048x2048-height":1679,"Feature Image":"https:\/\/trade.games-workshop.com\/wp-content\/uploads\/2019\/05\/InfographFRE-360x280.jpg","Feature Image-width":360,"Feature Image-height":280,"Grid":"https:\/\/trade.games-workshop.com\/wp-content\/uploads\/2019\/05\/InfographFRE-240x200.jpg","Grid-width":240,"Grid-height":200,"Image (Component)":"https:\/\/trade.games-workshop.com\/wp-content\/uploads\/2019\/05\/InfographFRE-800x500.jpg","Image (Component)-width":800,"Image (Component)-height":500,"Links Banner":"https:\/\/trade.games-workshop.com\/wp-content\/uploads\/2019\/05\/InfographFRE-150x150.jpg","Links Banner-width":150,"Links Banner-height":150}},"bg_colour":"white","title":""},{"acf_fc_layout":"testimonials","trigger_form":true,"chose_form":"start","form_page":null,"link_text":"Devenir D\u00e9taillant","link_url":"\/get-in-touch\/","testimonials":[{"content":"Tous mes interlocuteurs de chez GW semblent si heureux\u2026 ils ne m'appellent pas seulement pour me prendre de l'argent\u2026 [ils] s'int\u00e9ressent vraiment \u00e0 notre activit\u00e9 et se soucient de ce qu'on fait.","name":"Matt","company_name":"Quinns","location":"UK","background":false},{"content":"Au cours de mes nombreuses ann\u00e9es \u00e0 travailler avec GW, ils ont toujours \u00e9cout\u00e9 ce qui nous pr\u00e9occupait pour nous aider \u00e0 passer le cap. Pour moi c'est comme avoir un coll\u00e8gue \u00e0 distance.","name":"Rob","company_name":"Gamer's Haven","location":"Colorado, US","background":false},{"content":"Les produits Games Workshop vont venir des clients au magasin. Gr\u00e2ce \u00e0 ma gestionnaire de compte Games Workshop, nos ventes ont augment\u00e9.","name":"Adriano","company_name":"S-Games","location":"Austria","background":false},{"content":"Cela fait plus de 20 ans que nous vendons des jeux Games Workshop, et gr\u00e2ce \u00e0 eux nous avons pu transmettre notre passion de la fantasy, de la SF, et bien s\u00fbr des figurines \u00e0 des centaines de joueurs.","name":"Davide","company_name":"Fantamagus","location":"Italy","background":false},{"content":"Au fil de nos ann\u00e9es de coop\u00e9ration, Games Workshop s'est av\u00e9r\u00e9 \u00eatre un fournisseur fiable, correct et arrangeant. Ils proposent des produits de qualit\u00e9, convaincants, que je vend en toute confiance \u00e0 mes propres clients.","name":"Annina","company_name":"Tactica Games","location":"Switzerland","background":false},{"content":"GW propose des nouveaut\u00e9s toutes les semaines et gr\u00e2ce \u00e0 leur facilit\u00e9 de livraison, nous pouvons satisfaire toutes les demandes de nos clients","name":"Romaric","company_name":"Jeu et Legende","location":"France","background":false},{"content":"J'aime le contact hebdomadaire avec mon conseiller commercial et la flexibilit\u00e9 pour passer des commandes.","name":"Dimitrios","company_name":"Total Galaxy","location":"UK","background":false},{"content":"Le support que j'ai chaque semaine, je ne le retrouve pas avec les autres compagnies avec lesquelles je travaille","name":"Team","company_name":"Sortil\u00e8ges","location":"Tours, FR","background":false},{"content":"Nous aimons les jeux par-dessus tout et avec GW, i y a un renouvellement perp\u00e9tuel de leurs gammes","name":"Rudy","company_name":"Stardust","location":"Arles, FR","background":false},{"content":"GW propose des nouveaut\u00e9s toutes les semaines et gr\u00e2ce \u00e0 leur facilit\u00e9 de livraison, nous pouvons satisfaire toutes les demandes de nos clients","name":"Romaric ","company_name":"Jeux et \u00a0L\u00e9gendes","location":"Lannion, FR","background":false},{"content":"Top Produkte, Top Service, Top Beratung","name":"Markus ","company_name":"Fantastic Empire","location":"Basel CH","background":false},{"content":"Games Workshop a fait ses preuves pendant de nombreuses ann\u00e9es de collaboration pour devenir un fournisseur fiable, coop\u00e9ratif et \u00e9quitable, et m'a convaincu avec ses produits de grande\u00a0qualit\u00e9 que je suis content de proposer \u00e0 mes clients","name":"Annina","company_name":"Tactica Games","location":"Zurich, CH","background":false}],"title":"Ce qu'en disent nos partenaires\u2026","summary":"Vous n'avez pas \u00e0 nous croire sur parole. Des milliers de partenaires satisfaits \u00e0 travers le monde peuvent t\u00e9moigner de la diff\u00e9rence que les produits Warhammer ont fait pour leur magasin. Voici un \u00e9chantillon de ce qu'ils en disent, de Colorado Springs \u00e0 Z\u00fcrich."},{"acf_fc_layout":"wysiwyg_and_image","trigger_form":true,"chose_form":"start","form_page":null,"link_text":"Prendre contact","link_url":"\/get-in-touch\/","image":{"ID":10819,"id":10819,"title":"StartYourJourney3","filename":"StartYourJourney3.jpg","filesize":111808,"url":"https:\/\/trade.games-workshop.com\/wp-content\/uploads\/2019\/05\/StartYourJourney3.jpg","link":"https:\/\/trade.games-workshop.com\/fr\/start-here\/startyourjourney3\/","alt":"","author":"5","description":"","caption":"","name":"startyourjourney3","status":"inherit","uploaded_to":4346,"date":"2019-05-17 07:44:14","modified":"2019-05-17 07:44:14","menu_order":0,"mime_type":"image\/jpeg","type":"image","subtype":"jpeg","icon":"https:\/\/trade.games-workshop.com\/wp-includes\/images\/media\/default.png","width":1341,"height":656,"sizes":{"thumbnail":"https:\/\/trade.games-workshop.com\/wp-content\/uploads\/2019\/05\/StartYourJourney3-150x73.jpg","thumbnail-width":150,"thumbnail-height":73,"medium":"https:\/\/trade.games-workshop.com\/wp-content\/uploads\/2019\/05\/StartYourJourney3-300x147.jpg","medium-width":300,"medium-height":147,"medium_large":"https:\/\/trade.games-workshop.com\/wp-content\/uploads\/2019\/05\/StartYourJourney3-768x376.jpg","medium_large-width":768,"medium_large-height":376,"large":"https:\/\/trade.games-workshop.com\/wp-content\/uploads\/2019\/05\/StartYourJourney3-1024x501.jpg","large-width":1024,"large-height":501,"1536x1536":"https:\/\/trade.games-workshop.com\/wp-content\/uploads\/2019\/05\/StartYourJourney3.jpg","1536x1536-width":1341,"1536x1536-height":656,"2048x2048":"https:\/\/trade.games-workshop.com\/wp-content\/uploads\/2019\/05\/StartYourJourney3.jpg","2048x2048-width":1341,"2048x2048-height":656,"Feature Image":"https:\/\/trade.games-workshop.com\/wp-content\/uploads\/2019\/05\/StartYourJourney3-360x280.jpg","Feature Image-width":360,"Feature Image-height":280,"Grid":"https:\/\/trade.games-workshop.com\/wp-content\/uploads\/2019\/05\/StartYourJourney3-240x200.jpg","Grid-width":240,"Grid-height":200,"Image (Component)":"https:\/\/trade.games-workshop.com\/wp-content\/uploads\/2019\/05\/StartYourJourney3-800x500.jpg","Image (Component)-width":800,"Image (Component)-height":500,"Links Banner":"https:\/\/trade.games-workshop.com\/wp-content\/uploads\/2019\/05\/StartYourJourney3-150x150.jpg","Links Banner-width":150,"Links Banner-height":150}},"title":"Entreprenez d\u00e8s aujourd'hui votre voyage avec Warhammer!","content":"<p>Avec un support \u00e0 la pointe du secteur disponible d&rsquo;un coup de t\u00e9l\u00e9phone, et une vaste gamme de produits, nous avons de quoi aider votre activit\u00e9 \u00e0 toucher de nouveaux clients.<\/p>\n"}]},"_links":{"self":[{"href":"https:\/\/trade.games-workshop.com\/fr\/wp-json\/wp\/v2\/pages\/4346","targetHints":{"allow":["GET"]}}],"collection":[{"href":"https:\/\/trade.games-workshop.com\/fr\/wp-json\/wp\/v2\/pages"}],"about":[{"href":"https:\/\/trade.games-workshop.com\/fr\/wp-json\/wp\/v2\/types\/page"}],"author":[{"embeddable":true,"href":"https:\/\/trade.games-workshop.com\/fr\/wp-json\/wp\/v2\/users\/30"}],"replies":[{"embeddable":true,"href":"https:\/\/trade.games-workshop.com\/fr\/wp-json\/wp\/v2\/comments?post=4346"}],"version-history":[{"count":0,"href":"https:\/\/trade.games-workshop.com\/fr\/wp-json\/wp\/v2\/pages\/4346\/revisions"}],"wp:attachment":[{"href":"https:\/\/trade.games-workshop.com\/fr\/wp-json\/wp\/v2\/media?parent=4346"}],"curies":[{"name":"wp","href":"https:\/\/api.w.org\/{rel}","templated":true}]}}