{"id":26284,"date":"2019-05-10T15:40:25","date_gmt":"2019-05-10T14:40:25","guid":{"rendered":"http:\/\/trade.games-workshop.com\/start-here\/"},"modified":"2021-03-23T16:02:15","modified_gmt":"2021-03-23T16:02:15","slug":"start-here","status":"publish","type":"page","link":"https:\/\/trade.games-workshop.com\/no\/start-here\/","title":{"rendered":"Start Here"},"content":{"rendered":"","protected":false},"excerpt":{"rendered":"","protected":false},"author":30,"featured_media":0,"parent":0,"menu_order":0,"comment_status":"closed","ping_status":"closed","template":"","meta":{"footnotes":""},"class_list":["post-26284","page","type-page","status-publish","hentry"],"yoast_head":"<!-- This site is optimized with the Yoast SEO plugin v27.4 - https:\/\/yoast.com\/product\/yoast-seo-wordpress\/ -->\n<title>Start Here - Retailers&#039; Network<\/title>\n<meta name=\"robots\" content=\"index, follow, max-snippet:-1, max-image-preview:large, max-video-preview:-1\" \/>\n<link rel=\"canonical\" href=\"https:\/\/trade.games-workshop.com\/no\/start-here\/\" \/>\n<meta property=\"og:locale\" content=\"nb_NO\" \/>\n<meta property=\"og:type\" content=\"article\" \/>\n<meta property=\"og:title\" content=\"Start Here - Retailers&#039; Network\" \/>\n<meta property=\"og:url\" content=\"https:\/\/trade.games-workshop.com\/no\/start-here\/\" \/>\n<meta property=\"og:site_name\" content=\"Retailers&#039; Network\" \/>\n<meta property=\"article:modified_time\" content=\"2021-03-23T16:02:15+00:00\" \/>\n<meta name=\"twitter:card\" content=\"summary_large_image\" \/>\n<script type=\"application\/ld+json\" class=\"yoast-schema-graph\">{\"@context\":\"https:\\\/\\\/schema.org\",\"@graph\":[{\"@type\":\"WebPage\",\"@id\":\"https:\\\/\\\/trade.games-workshop.com\\\/no\\\/start-here\\\/\",\"url\":\"https:\\\/\\\/trade.games-workshop.com\\\/no\\\/start-here\\\/\",\"name\":\"Start Here - Retailers&#039; Network\",\"isPartOf\":{\"@id\":\"https:\\\/\\\/trade.games-workshop.com\\\/#website\"},\"datePublished\":\"2019-05-10T14:40:25+00:00\",\"dateModified\":\"2021-03-23T16:02:15+00:00\",\"breadcrumb\":{\"@id\":\"https:\\\/\\\/trade.games-workshop.com\\\/no\\\/start-here\\\/#breadcrumb\"},\"inLanguage\":\"nb-NO\",\"potentialAction\":[{\"@type\":\"ReadAction\",\"target\":[\"https:\\\/\\\/trade.games-workshop.com\\\/no\\\/start-here\\\/\"]}]},{\"@type\":\"BreadcrumbList\",\"@id\":\"https:\\\/\\\/trade.games-workshop.com\\\/no\\\/start-here\\\/#breadcrumb\",\"itemListElement\":[{\"@type\":\"ListItem\",\"position\":1,\"name\":\"Home\",\"item\":\"https:\\\/\\\/trade.games-workshop.com\\\/no\\\/\"},{\"@type\":\"ListItem\",\"position\":2,\"name\":\"Start Here\"}]},{\"@type\":\"WebSite\",\"@id\":\"https:\\\/\\\/trade.games-workshop.com\\\/#website\",\"url\":\"https:\\\/\\\/trade.games-workshop.com\\\/\",\"name\":\"Retailers&#039; Network\",\"description\":\"Games Workshop Trade Site\",\"potentialAction\":[{\"@type\":\"SearchAction\",\"target\":{\"@type\":\"EntryPoint\",\"urlTemplate\":\"https:\\\/\\\/trade.games-workshop.com\\\/?s={search_term_string}\"},\"query-input\":{\"@type\":\"PropertyValueSpecification\",\"valueRequired\":true,\"valueName\":\"search_term_string\"}}],\"inLanguage\":\"nb-NO\"}]}<\/script>\n<!-- \/ Yoast SEO plugin. -->","yoast_head_json":{"title":"Start Here - Retailers&#039; Network","robots":{"index":"index","follow":"follow","max-snippet":"max-snippet:-1","max-image-preview":"max-image-preview:large","max-video-preview":"max-video-preview:-1"},"canonical":"https:\/\/trade.games-workshop.com\/no\/start-here\/","og_locale":"nb_NO","og_type":"article","og_title":"Start Here - Retailers&#039; Network","og_url":"https:\/\/trade.games-workshop.com\/no\/start-here\/","og_site_name":"Retailers&#039; Network","article_modified_time":"2021-03-23T16:02:15+00:00","twitter_card":"summary_large_image","schema":{"@context":"https:\/\/schema.org","@graph":[{"@type":"WebPage","@id":"https:\/\/trade.games-workshop.com\/no\/start-here\/","url":"https:\/\/trade.games-workshop.com\/no\/start-here\/","name":"Start Here - Retailers&#039; Network","isPartOf":{"@id":"https:\/\/trade.games-workshop.com\/#website"},"datePublished":"2019-05-10T14:40:25+00:00","dateModified":"2021-03-23T16:02:15+00:00","breadcrumb":{"@id":"https:\/\/trade.games-workshop.com\/no\/start-here\/#breadcrumb"},"inLanguage":"nb-NO","potentialAction":[{"@type":"ReadAction","target":["https:\/\/trade.games-workshop.com\/no\/start-here\/"]}]},{"@type":"BreadcrumbList","@id":"https:\/\/trade.games-workshop.com\/no\/start-here\/#breadcrumb","itemListElement":[{"@type":"ListItem","position":1,"name":"Home","item":"https:\/\/trade.games-workshop.com\/no\/"},{"@type":"ListItem","position":2,"name":"Start Here"}]},{"@type":"WebSite","@id":"https:\/\/trade.games-workshop.com\/#website","url":"https:\/\/trade.games-workshop.com\/","name":"Retailers&#039; Network","description":"Games Workshop Trade Site","potentialAction":[{"@type":"SearchAction","target":{"@type":"EntryPoint","urlTemplate":"https:\/\/trade.games-workshop.com\/?s={search_term_string}"},"query-input":{"@type":"PropertyValueSpecification","valueRequired":true,"valueName":"search_term_string"}}],"inLanguage":"nb-NO"}]}},"acf":{"_content":[{"acf_fc_layout":"hero_standard","is_external":false,"page_link":"","link_url":"","link_text":"","image":{"ID":10724,"id":10724,"title":"StartHere3","filename":"StartHere3.jpg","filesize":82072,"url":"https:\/\/trade.games-workshop.com\/wp-content\/uploads\/2019\/05\/StartHere3.jpg","link":"https:\/\/trade.games-workshop.com\/no\/start-here\/starthere3\/","alt":"","author":"5","description":"","caption":"","name":"starthere3","status":"inherit","uploaded_to":4338,"date":"2019-05-17 06:06:52","modified":"2019-05-17 06:06:52","menu_order":0,"mime_type":"image\/jpeg","type":"image","subtype":"jpeg","icon":"https:\/\/trade.games-workshop.com\/wp-includes\/images\/media\/default.png","width":1440,"height":789,"sizes":{"thumbnail":"https:\/\/trade.games-workshop.com\/wp-content\/uploads\/2019\/05\/StartHere3-150x82.jpg","thumbnail-width":150,"thumbnail-height":82,"medium":"https:\/\/trade.games-workshop.com\/wp-content\/uploads\/2019\/05\/StartHere3-300x164.jpg","medium-width":300,"medium-height":164,"medium_large":"https:\/\/trade.games-workshop.com\/wp-content\/uploads\/2019\/05\/StartHere3-768x421.jpg","medium_large-width":768,"medium_large-height":421,"large":"https:\/\/trade.games-workshop.com\/wp-content\/uploads\/2019\/05\/StartHere3-1024x561.jpg","large-width":1024,"large-height":561,"1536x1536":"https:\/\/trade.games-workshop.com\/wp-content\/uploads\/2019\/05\/StartHere3.jpg","1536x1536-width":1440,"1536x1536-height":789,"2048x2048":"https:\/\/trade.games-workshop.com\/wp-content\/uploads\/2019\/05\/StartHere3.jpg","2048x2048-width":1440,"2048x2048-height":789,"Feature Image":"https:\/\/trade.games-workshop.com\/wp-content\/uploads\/2019\/05\/StartHere3-360x280.jpg","Feature Image-width":360,"Feature Image-height":280,"Grid":"https:\/\/trade.games-workshop.com\/wp-content\/uploads\/2019\/05\/StartHere3-240x200.jpg","Grid-width":240,"Grid-height":200,"Image (Component)":"https:\/\/trade.games-workshop.com\/wp-content\/uploads\/2019\/05\/StartHere3-800x500.jpg","Image (Component)-width":800,"Image (Component)-height":500,"Links Banner":"https:\/\/trade.games-workshop.com\/wp-content\/uploads\/2019\/05\/StartHere3-150x150.jpg","Links Banner-width":150,"Links Banner-height":150}},"title":"En verdensomspennende hobby. Et globalt merke. Et fellesskap av millioner.","trigger_form":false},{"acf_fc_layout":"wysiwyg","content":"<p style=\"text-align: center;\">Warhammer er et globalt anerkjent merke med et utrolig utvalg av spill, modeller og tilbeh\u00f8r. Flere internasjonale lagre har store forsyninger av v\u00e5re produkter, noe som sikrer fantastiske leveringstider \u2013 alt du trenger for \u00e5 glede kundene dine med de nyeste produktene. Kontakt oss i dag for \u00e5 bli offisiell Warhammer-forhandler.<\/p>\n","trigger_form":true,"is_external":false,"page_link":"https:\/\/trade.games-workshop.com\/no\/get-in-touch\/","link_url":"\/get-in-touch\/","link_text":"Opprett et varig partnerskap","justify":"center","background_colour":"white","title":"Alt du trenger for \u00e5 glede kundene"},{"acf_fc_layout":"hero_video","title":"","video":"<p><iframe style=\"position: absolute; top: 0px; right: 0px; bottom: 0px; left: 0px; width: 100%; height: 100%;\" src=\"\/\/players.brightcove.net\/5778310444001\/tEqh4qwjNN_default\/index.html?videoId=6036441740001\" allowfullscreen=\"allowfullscreen\"><\/iframe><\/p>\n","padding_top_percent":"56.25","image":false},{"acf_fc_layout":"image","image":{"ID":26927,"id":26927,"title":"Infographic-NOR","filename":"FypkpEih1mJLtwji.jpg","filesize":323299,"url":"https:\/\/trade.games-workshop.com\/wp-content\/uploads\/2021\/03\/FypkpEih1mJLtwji.jpg","link":"https:\/\/trade.games-workshop.com\/no\/start-here\/infographic-nor\/","alt":"Infographic NOR","author":"30","description":"","caption":"","name":"infographic-nor","status":"inherit","uploaded_to":26284,"date":"2021-03-16 14:08:49","modified":"2021-03-16 14:08:49","menu_order":0,"mime_type":"image\/jpeg","type":"image","subtype":"jpeg","icon":"https:\/\/trade.games-workshop.com\/wp-includes\/images\/media\/default.png","width":1200,"height":1679,"sizes":{"thumbnail":"https:\/\/trade.games-workshop.com\/wp-content\/uploads\/2021\/03\/FypkpEih1mJLtwji-107x150.jpg","thumbnail-width":107,"thumbnail-height":150,"medium":"https:\/\/trade.games-workshop.com\/wp-content\/uploads\/2021\/03\/FypkpEih1mJLtwji-214x300.jpg","medium-width":214,"medium-height":300,"medium_large":"https:\/\/trade.games-workshop.com\/wp-content\/uploads\/2021\/03\/FypkpEih1mJLtwji-768x1075.jpg","medium_large-width":768,"medium_large-height":1075,"large":"https:\/\/trade.games-workshop.com\/wp-content\/uploads\/2021\/03\/FypkpEih1mJLtwji-732x1024.jpg","large-width":732,"large-height":1024,"1536x1536":"https:\/\/trade.games-workshop.com\/wp-content\/uploads\/2021\/03\/FypkpEih1mJLtwji-1098x1536.jpg","1536x1536-width":1098,"1536x1536-height":1536,"2048x2048":"https:\/\/trade.games-workshop.com\/wp-content\/uploads\/2021\/03\/FypkpEih1mJLtwji.jpg","2048x2048-width":1200,"2048x2048-height":1679,"Feature Image":"https:\/\/trade.games-workshop.com\/wp-content\/uploads\/2021\/03\/FypkpEih1mJLtwji-360x280.jpg","Feature Image-width":360,"Feature Image-height":280,"Grid":"https:\/\/trade.games-workshop.com\/wp-content\/uploads\/2021\/03\/FypkpEih1mJLtwji-240x200.jpg","Grid-width":240,"Grid-height":200,"Image (Component)":"https:\/\/trade.games-workshop.com\/wp-content\/uploads\/2021\/03\/FypkpEih1mJLtwji-800x500.jpg","Image (Component)-width":800,"Image (Component)-height":500,"Links Banner":"https:\/\/trade.games-workshop.com\/wp-content\/uploads\/2021\/03\/FypkpEih1mJLtwji-150x150.jpg","Links Banner-width":150,"Links Banner-height":150}},"bg_colour":"white","title":""},{"acf_fc_layout":"wysiwyg_and_image","trigger_form":true,"chose_form":"start","form_page":null,"link_text":"Ta kontakt","link_url":"","image":{"ID":10820,"id":10820,"title":"StartYourJourney3","filename":"StartYourJourney3.jpg","filesize":111808,"url":"https:\/\/trade.games-workshop.com\/wp-content\/uploads\/2019\/05\/StartYourJourney3.jpg","link":"https:\/\/trade.games-workshop.com\/no\/start-here\/startyourjourney3-2\/","alt":"","author":"5","description":"","caption":"","name":"startyourjourney3-2","status":"inherit","uploaded_to":4338,"date":"2019-05-17 07:44:14","modified":"2019-05-17 07:44:14","menu_order":0,"mime_type":"image\/jpeg","type":"image","subtype":"jpeg","icon":"https:\/\/trade.games-workshop.com\/wp-includes\/images\/media\/default.png","width":1341,"height":656,"sizes":{"thumbnail":"https:\/\/trade.games-workshop.com\/wp-content\/uploads\/2019\/05\/StartYourJourney3-150x73.jpg","thumbnail-width":150,"thumbnail-height":73,"medium":"https:\/\/trade.games-workshop.com\/wp-content\/uploads\/2019\/05\/StartYourJourney3-300x147.jpg","medium-width":300,"medium-height":147,"medium_large":"https:\/\/trade.games-workshop.com\/wp-content\/uploads\/2019\/05\/StartYourJourney3-768x376.jpg","medium_large-width":768,"medium_large-height":376,"large":"https:\/\/trade.games-workshop.com\/wp-content\/uploads\/2019\/05\/StartYourJourney3-1024x501.jpg","large-width":1024,"large-height":501,"1536x1536":"https:\/\/trade.games-workshop.com\/wp-content\/uploads\/2019\/05\/StartYourJourney3.jpg","1536x1536-width":1341,"1536x1536-height":656,"2048x2048":"https:\/\/trade.games-workshop.com\/wp-content\/uploads\/2019\/05\/StartYourJourney3.jpg","2048x2048-width":1341,"2048x2048-height":656,"Feature Image":"https:\/\/trade.games-workshop.com\/wp-content\/uploads\/2019\/05\/StartYourJourney3-360x280.jpg","Feature Image-width":360,"Feature Image-height":280,"Grid":"https:\/\/trade.games-workshop.com\/wp-content\/uploads\/2019\/05\/StartYourJourney3-240x200.jpg","Grid-width":240,"Grid-height":200,"Image (Component)":"https:\/\/trade.games-workshop.com\/wp-content\/uploads\/2019\/05\/StartYourJourney3-800x500.jpg","Image (Component)-width":800,"Image (Component)-height":500,"Links Banner":"https:\/\/trade.games-workshop.com\/wp-content\/uploads\/2019\/05\/StartYourJourney3-150x150.jpg","Links Banner-width":150,"Links Banner-height":150}},"title":"Start reisen med Warhammer i dag!","content":"<p>Bransjeledende st\u00f8tte er bare en telefonsamtale unna, sammen med et bredt spekter av produkter. Vi har det du trenger for \u00e5 hjelpe forretningsvirksomheten din med \u00e5 n\u00e5 nye kunder.<\/p>\n"}]},"_links":{"self":[{"href":"https:\/\/trade.games-workshop.com\/no\/wp-json\/wp\/v2\/pages\/26284","targetHints":{"allow":["GET"]}}],"collection":[{"href":"https:\/\/trade.games-workshop.com\/no\/wp-json\/wp\/v2\/pages"}],"about":[{"href":"https:\/\/trade.games-workshop.com\/no\/wp-json\/wp\/v2\/types\/page"}],"author":[{"embeddable":true,"href":"https:\/\/trade.games-workshop.com\/no\/wp-json\/wp\/v2\/users\/30"}],"replies":[{"embeddable":true,"href":"https:\/\/trade.games-workshop.com\/no\/wp-json\/wp\/v2\/comments?post=26284"}],"version-history":[{"count":0,"href":"https:\/\/trade.games-workshop.com\/no\/wp-json\/wp\/v2\/pages\/26284\/revisions"}],"wp:attachment":[{"href":"https:\/\/trade.games-workshop.com\/no\/wp-json\/wp\/v2\/media?parent=26284"}],"curies":[{"name":"wp","href":"https:\/\/api.w.org\/{rel}","templated":true}]}}