{"id":26306,"date":"2019-02-14T23:46:16","date_gmt":"2019-02-14T23:46:16","guid":{"rendered":"http:\/\/trade.games-workshop.com\/?page_id=26306"},"modified":"2021-03-23T16:01:42","modified_gmt":"2021-03-23T16:01:42","slug":"common-questions","status":"publish","type":"page","link":"https:\/\/trade.games-workshop.com\/no\/common-questions\/","title":{"rendered":"Common Questions"},"content":{"rendered":"","protected":false},"excerpt":{"rendered":"","protected":false},"author":1,"featured_media":0,"parent":0,"menu_order":0,"comment_status":"closed","ping_status":"closed","template":"","meta":{"footnotes":""},"class_list":["post-26306","page","type-page","status-publish","hentry"],"yoast_head":"<!-- This site is optimized with the Yoast SEO plugin v27.4 - https:\/\/yoast.com\/product\/yoast-seo-wordpress\/ -->\n<title>Common Questions - Retailers&#039; Network<\/title>\n<meta name=\"robots\" content=\"index, follow, max-snippet:-1, max-image-preview:large, max-video-preview:-1\" \/>\n<link rel=\"canonical\" href=\"https:\/\/trade.games-workshop.com\/no\/common-questions\/\" \/>\n<meta property=\"og:locale\" content=\"nb_NO\" \/>\n<meta property=\"og:type\" content=\"article\" \/>\n<meta property=\"og:title\" content=\"Common Questions - Retailers&#039; Network\" \/>\n<meta property=\"og:url\" content=\"https:\/\/trade.games-workshop.com\/no\/common-questions\/\" \/>\n<meta property=\"og:site_name\" content=\"Retailers&#039; Network\" \/>\n<meta property=\"article:modified_time\" content=\"2021-03-23T16:01:42+00:00\" \/>\n<meta name=\"twitter:card\" content=\"summary_large_image\" \/>\n<script type=\"application\/ld+json\" class=\"yoast-schema-graph\">{\"@context\":\"https:\\\/\\\/schema.org\",\"@graph\":[{\"@type\":\"WebPage\",\"@id\":\"https:\\\/\\\/trade.games-workshop.com\\\/no\\\/common-questions\\\/\",\"url\":\"https:\\\/\\\/trade.games-workshop.com\\\/no\\\/common-questions\\\/\",\"name\":\"Common Questions - Retailers&#039; Network\",\"isPartOf\":{\"@id\":\"https:\\\/\\\/trade.games-workshop.com\\\/#website\"},\"datePublished\":\"2019-02-14T23:46:16+00:00\",\"dateModified\":\"2021-03-23T16:01:42+00:00\",\"breadcrumb\":{\"@id\":\"https:\\\/\\\/trade.games-workshop.com\\\/no\\\/common-questions\\\/#breadcrumb\"},\"inLanguage\":\"nb-NO\",\"potentialAction\":[{\"@type\":\"ReadAction\",\"target\":[\"https:\\\/\\\/trade.games-workshop.com\\\/no\\\/common-questions\\\/\"]}]},{\"@type\":\"BreadcrumbList\",\"@id\":\"https:\\\/\\\/trade.games-workshop.com\\\/no\\\/common-questions\\\/#breadcrumb\",\"itemListElement\":[{\"@type\":\"ListItem\",\"position\":1,\"name\":\"Home\",\"item\":\"https:\\\/\\\/trade.games-workshop.com\\\/no\\\/\"},{\"@type\":\"ListItem\",\"position\":2,\"name\":\"Common Questions\"}]},{\"@type\":\"WebSite\",\"@id\":\"https:\\\/\\\/trade.games-workshop.com\\\/#website\",\"url\":\"https:\\\/\\\/trade.games-workshop.com\\\/\",\"name\":\"Retailers&#039; Network\",\"description\":\"Games Workshop Trade Site\",\"potentialAction\":[{\"@type\":\"SearchAction\",\"target\":{\"@type\":\"EntryPoint\",\"urlTemplate\":\"https:\\\/\\\/trade.games-workshop.com\\\/?s={search_term_string}\"},\"query-input\":{\"@type\":\"PropertyValueSpecification\",\"valueRequired\":true,\"valueName\":\"search_term_string\"}}],\"inLanguage\":\"nb-NO\"}]}<\/script>\n<!-- \/ Yoast SEO plugin. -->","yoast_head_json":{"title":"Common Questions - Retailers&#039; Network","robots":{"index":"index","follow":"follow","max-snippet":"max-snippet:-1","max-image-preview":"max-image-preview:large","max-video-preview":"max-video-preview:-1"},"canonical":"https:\/\/trade.games-workshop.com\/no\/common-questions\/","og_locale":"nb_NO","og_type":"article","og_title":"Common Questions - Retailers&#039; Network","og_url":"https:\/\/trade.games-workshop.com\/no\/common-questions\/","og_site_name":"Retailers&#039; Network","article_modified_time":"2021-03-23T16:01:42+00:00","twitter_card":"summary_large_image","schema":{"@context":"https:\/\/schema.org","@graph":[{"@type":"WebPage","@id":"https:\/\/trade.games-workshop.com\/no\/common-questions\/","url":"https:\/\/trade.games-workshop.com\/no\/common-questions\/","name":"Common Questions - Retailers&#039; Network","isPartOf":{"@id":"https:\/\/trade.games-workshop.com\/#website"},"datePublished":"2019-02-14T23:46:16+00:00","dateModified":"2021-03-23T16:01:42+00:00","breadcrumb":{"@id":"https:\/\/trade.games-workshop.com\/no\/common-questions\/#breadcrumb"},"inLanguage":"nb-NO","potentialAction":[{"@type":"ReadAction","target":["https:\/\/trade.games-workshop.com\/no\/common-questions\/"]}]},{"@type":"BreadcrumbList","@id":"https:\/\/trade.games-workshop.com\/no\/common-questions\/#breadcrumb","itemListElement":[{"@type":"ListItem","position":1,"name":"Home","item":"https:\/\/trade.games-workshop.com\/no\/"},{"@type":"ListItem","position":2,"name":"Common Questions"}]},{"@type":"WebSite","@id":"https:\/\/trade.games-workshop.com\/#website","url":"https:\/\/trade.games-workshop.com\/","name":"Retailers&#039; Network","description":"Games Workshop Trade Site","potentialAction":[{"@type":"SearchAction","target":{"@type":"EntryPoint","urlTemplate":"https:\/\/trade.games-workshop.com\/?s={search_term_string}"},"query-input":{"@type":"PropertyValueSpecification","valueRequired":true,"valueName":"search_term_string"}}],"inLanguage":"nb-NO"}]}},"acf":{"_content":[{"acf_fc_layout":"hero_low_profile","title":"Vanlige sp\u00f8rsm\u00e5l","summary":"Forvirret av alt dette snakket om Space Marines og Troglodons? Ikke f\u00e5 panikk, vi har svarene! Ta en titt p\u00e5 de vanligste stilte sp\u00f8rsm\u00e5lene nedenfor \u2013 og glem ikke at hvis du ikke finner ditt der, er vi bare en telefonsamtale unna."},{"acf_fc_layout":"accordion","groups":[{"group_title":"\u00c5 bli en forhandler med produktlager","items":[{"item_title":"Hvor mye koster det \u00e5 komme i gang?","item_content":"<p>Vi har mange forskjellige utvalgstilbud, avhengig av forretningsplanene dine og hva du \u00f8nsker for butikktilbudet og kundene dine. Det er en minimumsverdi for oppstart for nye forhandlere, med ulike alternativer for betalingsm\u00e5ter.<\/p>\n"},{"item_title":"Hvilke krav har du?","item_content":"<p>Begynn med \u00e5 fylle ut en s\u00f8knad. For \u00e5 handle med oss, m\u00e5 du ha en fysisk butikk for allmennheten.<\/p>\n"},{"item_title":"Hvor lang tid tar det \u00e5 begynne \u00e5 jobbe med deg?","item_content":"<p>Vellykket s\u00f8knadsdokumentasjon kan gj\u00f8re at du kan v\u00e6re i gang i l\u00f8pet av noen dager.<\/p>\n"}]},{"group_title":"Vilk\u00e5r og betingelser","items":[{"item_title":"Hva er handelsvilk\u00e5rene\/-marginene dine?","item_content":"<p>Den beste m\u00e5ten \u00e5 maksimere salget p\u00e5 og etablere marginen og fordelene som gjelder for scenarioet ditt, er \u00e5 kontakte oss \u2013 vi samarbeider for \u00e5 hjelpe deg med dine kommersielle sp\u00f8rsm\u00e5l.<\/p>\n"},{"item_title":"Hva er betalingsalternativene dine?","item_content":"<p>Vi tilbyr mange alternativer, inkludert betalingsm\u00e5ter og kredittvilk\u00e5r.<\/p>\n"},{"item_title":"Kan jeg selge online?","item_content":"<p>Hvis du har en fysisk butikk som lagrer Games Workshop-produkter, har du under spesifikke vilk\u00e5r muligheten til \u00e5 selge online ogs\u00e5.<\/p>\n"},{"item_title":"Kan jeg ha lager hvis det er en annen forhandler som selger produktene i omr\u00e5det?","item_content":"<p>Ja, vi har ingen retningslinjer for n\u00e6rhet.<\/p>\n"}]},{"group_title":"Vite hva som skal lagres","items":[{"item_title":"Hva skal jeg lagre?","item_content":"<p>Vi har et vell av salgsdata som lar oss hjelpe deg med \u00e5 velge produkttilbudet som best samsvarer med dine forretningsplaner og maksimere salget for investeringen. Det inkluderer en rekke bestselgere som er lette \u00e5 lagre, og som passer for mange forskjellige formater for detaljhandel.<\/p>\n"}]},{"group_title":"Tilleggsst\u00f8tte","items":[{"item_title":"Kan noen komme til butikken min for \u00e5 kj\u00f8re demoer og arrangementer?","item_content":"<p>Vi tilbyr st\u00f8tte for \u00e5 hjelpe deg med \u00e5 stimulere den rette personen til \u00e5 markedsf\u00f8re Games Workshop i din butikk.<\/p>\n"},{"item_title":"Hvilke ressurser har dere for meg?","item_content":"<p>Vi tilbyr fysisk og digital st\u00f8tte, samt reklamemateriell. Vi kan annonsere butikken din p\u00e5 det sv\u00e6rt popul\u00e6re nettstedet v\u00e5rt, tilby dedikerte, kunnskapsrike kontoadministratorer og annen st\u00f8tte, inkludert organisert spill.<\/p>\n"}]}]}]},"_links":{"self":[{"href":"https:\/\/trade.games-workshop.com\/no\/wp-json\/wp\/v2\/pages\/26306","targetHints":{"allow":["GET"]}}],"collection":[{"href":"https:\/\/trade.games-workshop.com\/no\/wp-json\/wp\/v2\/pages"}],"about":[{"href":"https:\/\/trade.games-workshop.com\/no\/wp-json\/wp\/v2\/types\/page"}],"author":[{"embeddable":true,"href":"https:\/\/trade.games-workshop.com\/no\/wp-json\/wp\/v2\/users\/1"}],"replies":[{"embeddable":true,"href":"https:\/\/trade.games-workshop.com\/no\/wp-json\/wp\/v2\/comments?post=26306"}],"version-history":[{"count":0,"href":"https:\/\/trade.games-workshop.com\/no\/wp-json\/wp\/v2\/pages\/26306\/revisions"}],"wp:attachment":[{"href":"https:\/\/trade.games-workshop.com\/no\/wp-json\/wp\/v2\/media?parent=26306"}],"curies":[{"name":"wp","href":"https:\/\/api.w.org\/{rel}","templated":true}]}}