{"id":26353,"date":"2019-05-16T13:15:26","date_gmt":"2019-05-16T12:15:26","guid":{"rendered":"http:\/\/trade.games-workshop.com\/privacy-notice\/"},"modified":"2021-03-23T16:02:03","modified_gmt":"2021-03-23T16:02:03","slug":"privacy-notice","status":"publish","type":"page","link":"https:\/\/trade.games-workshop.com\/no\/privacy-notice\/","title":{"rendered":"Privacy Notice"},"content":{"rendered":"","protected":false},"excerpt":{"rendered":"","protected":false},"author":30,"featured_media":0,"parent":0,"menu_order":0,"comment_status":"closed","ping_status":"closed","template":"","meta":{"footnotes":""},"class_list":["post-26353","page","type-page","status-publish","hentry"],"yoast_head":"<!-- This site is optimized with the Yoast SEO plugin v27.4 - https:\/\/yoast.com\/product\/yoast-seo-wordpress\/ -->\n<title>Privacy Notice - Retailers&#039; Network<\/title>\n<meta name=\"robots\" content=\"index, follow, max-snippet:-1, max-image-preview:large, max-video-preview:-1\" \/>\n<link rel=\"canonical\" href=\"https:\/\/trade.games-workshop.com\/no\/privacy-notice\/\" \/>\n<meta property=\"og:locale\" content=\"nb_NO\" \/>\n<meta property=\"og:type\" content=\"article\" \/>\n<meta property=\"og:title\" content=\"Privacy Notice - Retailers&#039; Network\" \/>\n<meta property=\"og:url\" content=\"https:\/\/trade.games-workshop.com\/no\/privacy-notice\/\" \/>\n<meta property=\"og:site_name\" content=\"Retailers&#039; Network\" \/>\n<meta property=\"article:modified_time\" content=\"2021-03-23T16:02:03+00:00\" \/>\n<meta name=\"twitter:card\" content=\"summary_large_image\" \/>\n<script type=\"application\/ld+json\" class=\"yoast-schema-graph\">{\"@context\":\"https:\\\/\\\/schema.org\",\"@graph\":[{\"@type\":\"WebPage\",\"@id\":\"https:\\\/\\\/trade.games-workshop.com\\\/no\\\/privacy-notice\\\/\",\"url\":\"https:\\\/\\\/trade.games-workshop.com\\\/no\\\/privacy-notice\\\/\",\"name\":\"Privacy Notice - Retailers&#039; Network\",\"isPartOf\":{\"@id\":\"https:\\\/\\\/trade.games-workshop.com\\\/#website\"},\"datePublished\":\"2019-05-16T12:15:26+00:00\",\"dateModified\":\"2021-03-23T16:02:03+00:00\",\"breadcrumb\":{\"@id\":\"https:\\\/\\\/trade.games-workshop.com\\\/no\\\/privacy-notice\\\/#breadcrumb\"},\"inLanguage\":\"nb-NO\",\"potentialAction\":[{\"@type\":\"ReadAction\",\"target\":[\"https:\\\/\\\/trade.games-workshop.com\\\/no\\\/privacy-notice\\\/\"]}]},{\"@type\":\"BreadcrumbList\",\"@id\":\"https:\\\/\\\/trade.games-workshop.com\\\/no\\\/privacy-notice\\\/#breadcrumb\",\"itemListElement\":[{\"@type\":\"ListItem\",\"position\":1,\"name\":\"Home\",\"item\":\"https:\\\/\\\/trade.games-workshop.com\\\/no\\\/\"},{\"@type\":\"ListItem\",\"position\":2,\"name\":\"Privacy Notice\"}]},{\"@type\":\"WebSite\",\"@id\":\"https:\\\/\\\/trade.games-workshop.com\\\/#website\",\"url\":\"https:\\\/\\\/trade.games-workshop.com\\\/\",\"name\":\"Retailers&#039; Network\",\"description\":\"Games Workshop Trade Site\",\"potentialAction\":[{\"@type\":\"SearchAction\",\"target\":{\"@type\":\"EntryPoint\",\"urlTemplate\":\"https:\\\/\\\/trade.games-workshop.com\\\/?s={search_term_string}\"},\"query-input\":{\"@type\":\"PropertyValueSpecification\",\"valueRequired\":true,\"valueName\":\"search_term_string\"}}],\"inLanguage\":\"nb-NO\"}]}<\/script>\n<!-- \/ Yoast SEO plugin. -->","yoast_head_json":{"title":"Privacy Notice - Retailers&#039; Network","robots":{"index":"index","follow":"follow","max-snippet":"max-snippet:-1","max-image-preview":"max-image-preview:large","max-video-preview":"max-video-preview:-1"},"canonical":"https:\/\/trade.games-workshop.com\/no\/privacy-notice\/","og_locale":"nb_NO","og_type":"article","og_title":"Privacy Notice - Retailers&#039; Network","og_url":"https:\/\/trade.games-workshop.com\/no\/privacy-notice\/","og_site_name":"Retailers&#039; Network","article_modified_time":"2021-03-23T16:02:03+00:00","twitter_card":"summary_large_image","schema":{"@context":"https:\/\/schema.org","@graph":[{"@type":"WebPage","@id":"https:\/\/trade.games-workshop.com\/no\/privacy-notice\/","url":"https:\/\/trade.games-workshop.com\/no\/privacy-notice\/","name":"Privacy Notice - Retailers&#039; Network","isPartOf":{"@id":"https:\/\/trade.games-workshop.com\/#website"},"datePublished":"2019-05-16T12:15:26+00:00","dateModified":"2021-03-23T16:02:03+00:00","breadcrumb":{"@id":"https:\/\/trade.games-workshop.com\/no\/privacy-notice\/#breadcrumb"},"inLanguage":"nb-NO","potentialAction":[{"@type":"ReadAction","target":["https:\/\/trade.games-workshop.com\/no\/privacy-notice\/"]}]},{"@type":"BreadcrumbList","@id":"https:\/\/trade.games-workshop.com\/no\/privacy-notice\/#breadcrumb","itemListElement":[{"@type":"ListItem","position":1,"name":"Home","item":"https:\/\/trade.games-workshop.com\/no\/"},{"@type":"ListItem","position":2,"name":"Privacy Notice"}]},{"@type":"WebSite","@id":"https:\/\/trade.games-workshop.com\/#website","url":"https:\/\/trade.games-workshop.com\/","name":"Retailers&#039; Network","description":"Games Workshop Trade Site","potentialAction":[{"@type":"SearchAction","target":{"@type":"EntryPoint","urlTemplate":"https:\/\/trade.games-workshop.com\/?s={search_term_string}"},"query-input":{"@type":"PropertyValueSpecification","valueRequired":true,"valueName":"search_term_string"}}],"inLanguage":"nb-NO"}]}},"acf":{"_content":[{"acf_fc_layout":"wysiwyg","content":"<p>Games Workshop er forpliktet til \u00e5 beskytte personvernet til handelskontoer og disses ansatte. Denne kunngj\u00f8ringen beskriver hvordan vi samler inn og bruker personopplysninger om handelskontoer og disses ansatte. Denne kunngj\u00f8ringen gjelder alle potensielle, n\u00e5v\u00e6rende og tidligere handelskontoer og disses ansatte.<\/p>\n<p>Hvis du gir oss informasjon om dine ansatte, bekrefter du at du har gitt dem en kopi av denne kunngj\u00f8ringen, at du har informert dem om v\u00e5r identitet, med hvilket form\u00e5let deres personlige data blir behandlet, og at du har f\u00e5tt tillatelse til at vi foretar slik behandling. Denne kunngj\u00f8ringen gjelder b\u00e5de handelskontoer og disses ansatte.<\/p>\n<p>Den behandlingsansvarlige for de innsamlede personopplysningene er Games Workshop Limited i Willow Road, Nottingham, NG7 2WS, Storbritannia.<\/p>\n<p>Les denne kunngj\u00f8ringen n\u00f8ye for \u00e5 forst\u00e5 hvordan og hvorfor vi bruker personopplysningene til handelskontoer og disses ansatte.<\/p>\n","trigger_form":false,"is_external":false,"page_link":"","link_url":"","link_text":"","justify":"center","background_colour":"white","title":"Personvernerkl\u00e6ring for handelskonto \u2013 mai 2019"},{"acf_fc_layout":"accordion","groups":[{"group_title":"1. Hva slags informasjon vi kan ha om deg","items":[{"item_title":"","item_content":"<p>Vi kan samle inn, lagre og bruke f\u00f8lgende kategorier av personopplysningene dine:<\/p>\n<ul>\n<li>Personlige kontaktdetaljer som navn, tittel, adresse, telefonnummer og personlige e-postadresser.<\/li>\n<li>Detaljer om firma\/forretninger som navn og adresse.<\/li>\n<li>Kontonummer.<\/li>\n<li>Resultater av kredittsjekk og kredittgrense.<\/li>\n<li>Informasjon om telefonsamtaler, inkludert samtaleopptak, telefonnummer og lengde p\u00e5 samtalen.<\/li>\n<\/ul>\n"}]},{"group_title":"2. Hvordan blir personopplysningene dine samlet inn?","items":[{"item_title":"","item_content":"<p>Vi samler inn informasjon om deg i l\u00f8pet av innledende henvendelser og under prosessen for kontooppsett, enten direkte fra deg, eller noen ganger fra andre kilder, for eksempel kredittreferansebyr\u00e5er.<\/p>\n<p>Vi vil samle inn ytterligere informasjon om deg i l\u00f8pet av v\u00e5rt handelsforhold.<\/p>\n"}]},{"group_title":"3. Hvorfor samler vi inn personopplysningene dine?","items":[{"item_title":"","item_content":"<p>Situasjonene der vi vil behandle personopplysningene dine er oppf\u00f8rt nedenfor:<\/p>\n<ul>\n<li>H\u00e5ndtering og vurdering av s\u00f8knadsskjema for handelskonto.<\/li>\n<li>H\u00e5ndtere henvendelser fra potensielle handelskontoer.<\/li>\n<li>Sette opp handelskontoer i v\u00e5re interne systemer.<\/li>\n<li>Lagring av signerte kontrakter med handelskontoer.<\/li>\n<li>For \u00e5 bestemme og administrere kredittgrenser for handelskontoer.<\/li>\n<li>\u00c5 respektere v\u00e5re forpliktelser under enhver kontrakt med en handelskonto og jobbe sammen med handelskontoer slik det kreves for kontraktens form\u00e5l.<\/li>\n<li>Administrere programfordeler for forhandlere med lager.<\/li>\n<li>Viser informasjonen din i delen \u00abButikkfinner\u00bb p\u00e5 nettstedet v\u00e5rt.<\/li>\n<li>Fakturering, vedlikehold av betalingsjournaler og forf\u00f8lgelse av sen betaling.<\/li>\n<li>Opprettholde oversikt over varer levert til en handelskonto.<\/li>\n<li>Analyse av ytelsen til handelskontoen.<\/li>\n<li>H\u00e5ndtering og l\u00f8sning av tvister<\/li>\n<li>Oppl\u00e6ring av ansatte.<\/li>\n<\/ul>\n<p>V\u00e5rt juridiske grunnlag for \u00e5 samle inn og bruke personopplysningene som er beskrevet ovenfor, vil avhenge av de aktuelle personopplysningene og den spesifikke konteksten der vi samler dem inn, for eksempel (i) med det form\u00e5l \u00e5 utf\u00f8re v\u00e5re forpliktelser i henhold til v\u00e5r kontrakt med en handelskonto (eller innledende trinn f\u00f8r inng\u00e5else av en kontrakt med en handelskonto), (ii) for \u00e5 gj\u00f8re det mulig for oss \u00e5 overholde v\u00e5re juridiske forpliktelser, eller (iii) der behandlingen er i v\u00e5re legitime interesser og ikke overstyres av dine rettigheter.<\/p>\n<p>Hvis vi samler inn og bruker personopplysningene dine i tilknytning til v\u00e5re legitime interesser (eller interessene til en tredjepart), vil denne interessen normalt v\u00e6re av legitim kommersiell interesse for oss, for analyse av og strategi for salgsytelse, samt administrasjon av kredittrisiko. Vi kan ha andre legitime interesser, og hvis det er hensiktsmessig, vil vi p\u00e5 et aktuelt tidspunkt gj\u00f8re det klart for deg hva disse legitime interessene er.<\/p>\n<p>Hvis du har sp\u00f8rsm\u00e5l om, eller trenger ytterligere informasjon om det juridiske grunnlaget vi samler inn og bruker dine personopplysninger p\u00e5, kan du ta kontakt med oss (avsnitt 13).<\/p>\n"}]},{"group_title":"4. Hva om du ikke gir personopplysninger?","items":[{"item_title":"","item_content":"<p>Hvis du ikke gir viss informasjon n\u00e5r du blir bedt om det, kan det hende vi ikke kan utf\u00f8re noen kontrakt vi har inng\u00e5tt med deg, eller vi kan bli forhindret i \u00e5 overholde v\u00e5re juridiske forpliktelser.<\/p>\n"}]},{"group_title":"5. Hva om vi vil bruke informasjonen din til et annet form\u00e5l?","items":[{"item_title":"","item_content":"<p>Vi vil bare bruke personopplysningene dine til de form\u00e5lene vi samlet dem for, med mindre vi med rimelighet vurderer at vi trenger \u00e5 bruke dem av en annen grunn, og at \u00e5rsaken er kompatibel med det opprinnelige form\u00e5let. Hvis vi trenger \u00e5 bruke personopplysningene dine til et ikke-relatert form\u00e5l, vil vi varsle deg om det og forklare det juridiske grunnlaget som tillater oss \u00e5 gj\u00f8re det.<\/p>\n<p>V\u00e6r oppmerksom p\u00e5 at vi kan behandle personopplysningene dine uten din viten eller ditt samtykke der dette er p\u00e5krevd eller tillatt i loven.<\/p>\n"}]},{"group_title":"6. Hvor sikker er informasjonen din?","items":[{"item_title":"","item_content":"<p>Vi har iverksatt hensiktsmessige tekniske og organisatoriske tiltak for \u00e5 forhindre at personopplysningene dine ved et uhell g\u00e5r tapt, blir brukt, blir tilgjengelige, endret eller avsl\u00f8rt. Tiltakene vi bruker er utformet for \u00e5 gi et sikkerhetsniv\u00e5 som passer til risikoen for behandling av personopplysningene dine og inkluderer:<\/p>\n<ul>\n<li>Kontroller av tilgang til nettstedet \u2013 bare autorisert personell kan f\u00e5 tilgang til lokaler, bygninger og rom der informasjonen din blir behandlet.<\/li>\n<li>Kontroller av IT-tilgang \u2013 bare autorisert personell kan f\u00e5 tilgang til informasjonen din som er lagret elektronisk i v\u00e5re IT-systemer.<\/li>\n<li>IT-sikkerhetskontroller \u2013 bruk av riktig teknologi og sikkerhetstiltak for \u00e5 sikre sikker lagring av informasjonen din.<\/li>\n<li>Retningslinjer og prosedyrer \u2013 omfattende databeskyttelse og retningslinjer og prosedyrer for IT-sikkerhet som beskriver m\u00e5ten informasjonen din skal h\u00e5ndteres p\u00e5 av personalet.<\/li>\n<li>Oppl\u00e6ring \u2013 levering av l\u00f8pende databeskyttelse og IT-sikkerhetstrening til alle ansatte som h\u00e5ndterer informasjonen din.<\/li>\n<\/ul>\n"}]},{"group_title":"7. Hvem kan vi dele personopplysningene dine med?","items":[{"item_title":"","item_content":"<p>Vi kan dele personopplysningene dine i situasjonene som er beskrevet nedenfor:<\/p>\n<ul>\n<li>Tjenesteleverand\u00f8rer<\/li>\n<\/ul>\n<p>Vi deler personopplysningene dine med tredjeparter som tilbyr tjenester til oss. Alle f\u00f8lgende aktiviteter involverer behandlingen av personopplysninger og utf\u00f8res av tredjeparts tjenesteleverand\u00f8rer: drifting av nettsteder, kredittreferanses\u00f8k, drifting og vedlikehold av plattformen for administrasjon av kundeforhold, post- og distribusjonstjenester, administrasjonstjenester for databaser og adresselister, administrasjonstjenester, vedlikehold av samtaleopptakssystem, IT-tjenesteleverand\u00f8rer, samarbeid om og deling av dokumenter og informasjon, juridiske r\u00e5dgivere. Ytterligere detaljer om v\u00e5re tredjeparts tjenesteleverand\u00f8rer er tilgjengelig p\u00e5 foresp\u00f8rsel. Ta kontakt med oss (avsnitt 13) for ytterligere informasjon.<\/p>\n<p>Alle tjenesteleverand\u00f8rer er p\u00e5lagt \u00e5 iverksette passende sikkerhetstiltak for \u00e5 beskytte personopplysningene dine. Vi tillater ikke tredjeparts tjenesteleverand\u00f8rer \u00e5 bruke personopplysningene dine til sine egne form\u00e5l. Vi tillater dem bare \u00e5 behandle personopplysningene dine for spesifiserte form\u00e5l i samsvar med v\u00e5re instruksjoner.<\/p>\n<ul>\n<li>Games Workshop-gruppen<\/li>\n<\/ul>\n<p>Vi kan dele personopplysningene dine med andre enheter i v\u00e5r gruppe av selskaper som en del av regelmessige rapporteringsaktiviteter om selskapets ytelse, i sammenheng med omorganisering av virksomheten eller gruppestrukturering, eller for st\u00f8tte av systemvedlikehold.<\/p>\n<ul>\n<li>Salg eller omstrukturering<\/li>\n<\/ul>\n<p>Vi kan dele personopplysningene dine i sammenheng med mulig salg eller restrukturering av virksomheten, forutsatt at vi informerer kj\u00f8peren om at de bare m\u00e5 bruke personopplysningene dine for de form\u00e5l som er offentliggjort i denne kunngj\u00f8ringen.<\/p>\n<ul>\n<li>Lov, juridiske rettigheter og vitale interesser<\/li>\n<\/ul>\n<p>Vi kan ogs\u00e5 trenge \u00e5 dele informasjonen din med en rettmessig politimyndighet, rettsinstans, offentlig instans, domstol eller annen tredjepart der vi mener at utlevering er n\u00f8dvendig (i) som et sp\u00f8rsm\u00e5l om gjeldende lov, ( ii) \u00e5 ut\u00f8ve, etablere eller forsvare v\u00e5re juridiske rettigheter, eller (iii) \u00e5 beskytte dine eller annen persons vitale interesser.<\/p>\n"}]},{"group_title":"8. Overf\u00f8rer dere informasjonen min utenfor EU?","items":[{"item_title":"","item_content":"<p>Vi kan overf\u00f8re personopplysningene dine utenfor Det europeiske \u00f8konomiske samarbeidsomr\u00e5det (<strong>E\u00d8S<\/strong>). Vi overf\u00f8rer bare personopplysningene dine utenfor E\u00d8S hvis tilstrekkelige beskyttelsestiltak er p\u00e5 plass. For \u00e5 sikre at personopplysningene dine f\u00e5r et tilstrekkelig beskyttelsesniv\u00e5 utenfor E\u00d8S, bruker vi f\u00f8lgende beskyttelsestiltak:<\/p>\n<ul>\n<li>Overf\u00f8ring til land godkjent av EU-kommisjonen<\/li>\n<li>Bruker modell for kontraktsbestemmelser godkjent av EU-kommisjonen<\/li>\n<li>Krever at selskaper vi overf\u00f8rer informasjon til i USA blir registrert i EU\/US Privacy Shield Framework<\/li>\n<\/ul>\n<p>Ytterligere detaljer om beskyttelsestiltak brukt utenfor E\u00d8S er tilgjengelig p\u00e5 foresp\u00f8rsel. Ta kontakt med oss (avsnitt 13) for ytterligere informasjon.<\/p>\n"}]},{"group_title":"9. Hvor lenge beholder vi personopplysningene dine?","items":[{"item_title":"","item_content":"<p>Vi beholder bare informasjonen din s\u00e5 lenge det er n\u00f8dvendig for form\u00e5lene beskrevet ovenfor, inkludert for \u00e5 oppfylle eventuelle juridiske krav, regnskaps- eller rapporteringskrav.<\/p>\n<p>For mye av din informasjon vil dette v\u00e6re i lengden av en hvilken som helst kontrakt med oss, og deretter i en periode p\u00e5 6 \u00e5r etterp\u00e5.<\/p>\n<p>N\u00e5r vi ikke har noen igangv\u00e6rende forretningsmessige behov for \u00e5 behandle personopplysningene dine, vil vi enten slette eller anonymisere dem, eller hvis dette ikke er mulig (for eksempel fordi opplysningene dine er lagret i sikkerhetskopier), vil vi lagre personopplysningene og isolere dem fra all videre behandling til det er mulig \u00e5 slette dem.<\/p>\n<p>For \u00e5 bestemme riktig oppbevaringsperiode for personopplysninger, vurderer vi mengden, arten og f\u00f8lsomheten til personopplysningene, den potensielle risikoen for skade p\u00e5 grunn av uautorisert bruk eller utlevering av personopplysningene dine, form\u00e5lene de er behandlet for, om vi kan oppn\u00e5 disse form\u00e5lene p\u00e5 andre m\u00e5ter, samt gjeldende juridiske krav.<\/p>\n<p>I noen tilfeller kan vi anonymisere personopplysningene dine slik at de ikke lenger kan knyttes til deg, i s\u00e5 fall kan vi bruke slik informasjon uten ytterligere varsel til deg.<\/p>\n"}]},{"group_title":"10. Hva er dine rettigheter i forbindelse med personopplysningene dine?","items":[{"item_title":"","item_content":"<p>Under visse omstendigheter har du ved lov rett til \u00e5:<\/p>\n<ul>\n<li>Be om tilgang til en kopi av personopplysningene vi har om deg<\/li>\n<li>Be om retting av eventuell ufullstendig eller un\u00f8yaktig informasjon vi har om deg<\/li>\n<li>Be om sletting av informasjon der det ikke er noen god grunn til \u00e5 fortsette behandlingen<\/li>\n<li>Protestere mot behandling av informasjonen din der vi bruker en p\u00e5 en legitim interesse for \u00e5 behandle informasjonen din.<\/li>\n<li>Der vi behandler informasjonen din for et bestemt form\u00e5l basert p\u00e5 ditt samtykke, har du rett til \u00e5 trekke tilbake samtykket ditt n\u00e5r som helst.<\/li>\n<li>Be om begrensning for \u00e5 stanse behandlingen av personopplysningene dine.<\/li>\n<li>Be om overf\u00f8ring av personopplysningene dine til en annen part som du har gitt oss.<\/li>\n<\/ul>\n<p>Hvis du \u00f8nsker \u00e5 ut\u00f8ve noen av disse rettighetene, kan du kontakte oss (avsnitt 13).<\/p>\n<p>Du trenger ikke \u00e5 betale et gebyr for \u00e5 ut\u00f8ve noen av rettighetene dine, men vi kan kreve et rimelig gebyr hvis foresp\u00f8rselen din er ubegrunnet eller overdreven. Alternativt kan vi nekte \u00e5 etterkomme foresp\u00f8rselen under slike omstendigheter.<\/p>\n<p>V\u00e6r oppmerksom p\u00e5 at vi kanskje m\u00e5 be om informasjon fra deg for \u00e5 bekrefte identiteten din og fastsl\u00e5 din rett til disse rettighetene.<\/p>\n<p>Hvis du ikke er forn\u00f8yd med behandlingen av personopplysningene dine, har du ogs\u00e5 rett til \u00e5 klage til den relevante tilsynsmyndigheten. Se <a href=\"http:\/\/ec.europa.eu\/newsroom\/article29\/item-detail.cfm?item_id=612080\" target=\"_blank\" rel=\"noopener\">here<\/a> for relevante kontaktdetaljer.<\/p>\n"}]},{"group_title":"11. Hva ber vi deg om?","items":[{"item_title":"","item_content":"<p>Det er viktig at personopplysningene vi har om deg er n\u00f8yaktige og oppdaterte. Informer oss umiddelbart om endringer i personopplysningene som vi har om deg.<\/p>\n"}]},{"group_title":"12. Endring av denne personvernerkl\u00e6ringen","items":[{"item_title":"","item_content":"<p>Vi kan oppdatere denne erkl\u00e6ringen fra tid til annen. N\u00e5r vi oppdaterer denne erkl\u00e6ringen, vil vi gjennomf\u00f8re de n\u00f8dvendige tiltakene for \u00e5 informere deg, i samsvar med betydningen av endringene. Vi vil innhente ditt samtykke ved alle st\u00f8rre endringer hvis, og n\u00e5r det er p\u00e5lagt oss ved lov.<\/p>\n<p>Du kan se n\u00e5r denne erkl\u00e6ringen sist ble oppdatert ved \u00e5 sjekke datoen ved \u00absist oppdatert\u00bb \u00f8verst p\u00e5 siden med denne erkl\u00e6ringen.<\/p>\n"}]},{"group_title":"13. Kontakt oss","items":[{"item_title":"","item_content":"<p>Denne erkl\u00e6ringen er gjennomg\u00e5tt av databeskyttelsesansvarlig for Games Workshop-gruppen. Hvis du har sp\u00f8rsm\u00e5l, klager eller foresp\u00f8rsler, vennligst ta kontakt med v\u00e5r databeskyttelsesansvarlig via e-post: <a href=\"mailto:privacy@gwplc.com\"><strong>privacy@gwplc.com<\/strong><\/a>.<\/p>\n"}]}]}]},"_links":{"self":[{"href":"https:\/\/trade.games-workshop.com\/no\/wp-json\/wp\/v2\/pages\/26353","targetHints":{"allow":["GET"]}}],"collection":[{"href":"https:\/\/trade.games-workshop.com\/no\/wp-json\/wp\/v2\/pages"}],"about":[{"href":"https:\/\/trade.games-workshop.com\/no\/wp-json\/wp\/v2\/types\/page"}],"author":[{"embeddable":true,"href":"https:\/\/trade.games-workshop.com\/no\/wp-json\/wp\/v2\/users\/30"}],"replies":[{"embeddable":true,"href":"https:\/\/trade.games-workshop.com\/no\/wp-json\/wp\/v2\/comments?post=26353"}],"version-history":[{"count":0,"href":"https:\/\/trade.games-workshop.com\/no\/wp-json\/wp\/v2\/pages\/26353\/revisions"}],"wp:attachment":[{"href":"https:\/\/trade.games-workshop.com\/no\/wp-json\/wp\/v2\/media?parent=26353"}],"curies":[{"name":"wp","href":"https:\/\/api.w.org\/{rel}","templated":true}]}}