{"id":26224,"date":"2019-02-14T23:46:16","date_gmt":"2019-02-14T23:46:16","guid":{"rendered":"http:\/\/trade.games-workshop.com\/common-questions\/"},"modified":"2021-03-23T15:53:45","modified_gmt":"2021-03-23T15:53:45","slug":"common-questions","status":"publish","type":"page","link":"https:\/\/trade.games-workshop.com\/pl\/common-questions\/","title":{"rendered":"Common Questions"},"content":{"rendered":"","protected":false},"excerpt":{"rendered":"","protected":false},"author":1,"featured_media":0,"parent":0,"menu_order":0,"comment_status":"closed","ping_status":"closed","template":"","meta":{"footnotes":""},"class_list":["post-26224","page","type-page","status-publish","hentry"],"yoast_head":"<!-- This site is optimized with the Yoast SEO plugin v27.4 - https:\/\/yoast.com\/product\/yoast-seo-wordpress\/ -->\n<title>Common Questions - Retailers&#039; Network<\/title>\n<meta name=\"robots\" content=\"index, follow, max-snippet:-1, max-image-preview:large, max-video-preview:-1\" \/>\n<link rel=\"canonical\" href=\"https:\/\/trade.games-workshop.com\/pl\/common-questions\/\" \/>\n<meta property=\"og:locale\" content=\"pl_PL\" \/>\n<meta property=\"og:type\" content=\"article\" \/>\n<meta property=\"og:title\" content=\"Common Questions - Retailers&#039; Network\" \/>\n<meta property=\"og:url\" content=\"https:\/\/trade.games-workshop.com\/pl\/common-questions\/\" \/>\n<meta property=\"og:site_name\" content=\"Retailers&#039; Network\" \/>\n<meta property=\"article:modified_time\" content=\"2021-03-23T15:53:45+00:00\" \/>\n<meta name=\"twitter:card\" content=\"summary_large_image\" \/>\n<script type=\"application\/ld+json\" class=\"yoast-schema-graph\">{\"@context\":\"https:\\\/\\\/schema.org\",\"@graph\":[{\"@type\":\"WebPage\",\"@id\":\"https:\\\/\\\/trade.games-workshop.com\\\/pl\\\/common-questions\\\/\",\"url\":\"https:\\\/\\\/trade.games-workshop.com\\\/pl\\\/common-questions\\\/\",\"name\":\"Common Questions - Retailers&#039; Network\",\"isPartOf\":{\"@id\":\"https:\\\/\\\/trade.games-workshop.com\\\/#website\"},\"datePublished\":\"2019-02-14T23:46:16+00:00\",\"dateModified\":\"2021-03-23T15:53:45+00:00\",\"breadcrumb\":{\"@id\":\"https:\\\/\\\/trade.games-workshop.com\\\/pl\\\/common-questions\\\/#breadcrumb\"},\"inLanguage\":\"pl-PL\",\"potentialAction\":[{\"@type\":\"ReadAction\",\"target\":[\"https:\\\/\\\/trade.games-workshop.com\\\/pl\\\/common-questions\\\/\"]}]},{\"@type\":\"BreadcrumbList\",\"@id\":\"https:\\\/\\\/trade.games-workshop.com\\\/pl\\\/common-questions\\\/#breadcrumb\",\"itemListElement\":[{\"@type\":\"ListItem\",\"position\":1,\"name\":\"Home\",\"item\":\"https:\\\/\\\/trade.games-workshop.com\\\/pl\\\/\"},{\"@type\":\"ListItem\",\"position\":2,\"name\":\"Common Questions\"}]},{\"@type\":\"WebSite\",\"@id\":\"https:\\\/\\\/trade.games-workshop.com\\\/#website\",\"url\":\"https:\\\/\\\/trade.games-workshop.com\\\/\",\"name\":\"Retailers&#039; Network\",\"description\":\"Games Workshop Trade Site\",\"potentialAction\":[{\"@type\":\"SearchAction\",\"target\":{\"@type\":\"EntryPoint\",\"urlTemplate\":\"https:\\\/\\\/trade.games-workshop.com\\\/?s={search_term_string}\"},\"query-input\":{\"@type\":\"PropertyValueSpecification\",\"valueRequired\":true,\"valueName\":\"search_term_string\"}}],\"inLanguage\":\"pl-PL\"}]}<\/script>\n<!-- \/ Yoast SEO plugin. -->","yoast_head_json":{"title":"Common Questions - Retailers&#039; Network","robots":{"index":"index","follow":"follow","max-snippet":"max-snippet:-1","max-image-preview":"max-image-preview:large","max-video-preview":"max-video-preview:-1"},"canonical":"https:\/\/trade.games-workshop.com\/pl\/common-questions\/","og_locale":"pl_PL","og_type":"article","og_title":"Common Questions - Retailers&#039; Network","og_url":"https:\/\/trade.games-workshop.com\/pl\/common-questions\/","og_site_name":"Retailers&#039; Network","article_modified_time":"2021-03-23T15:53:45+00:00","twitter_card":"summary_large_image","schema":{"@context":"https:\/\/schema.org","@graph":[{"@type":"WebPage","@id":"https:\/\/trade.games-workshop.com\/pl\/common-questions\/","url":"https:\/\/trade.games-workshop.com\/pl\/common-questions\/","name":"Common Questions - Retailers&#039; Network","isPartOf":{"@id":"https:\/\/trade.games-workshop.com\/#website"},"datePublished":"2019-02-14T23:46:16+00:00","dateModified":"2021-03-23T15:53:45+00:00","breadcrumb":{"@id":"https:\/\/trade.games-workshop.com\/pl\/common-questions\/#breadcrumb"},"inLanguage":"pl-PL","potentialAction":[{"@type":"ReadAction","target":["https:\/\/trade.games-workshop.com\/pl\/common-questions\/"]}]},{"@type":"BreadcrumbList","@id":"https:\/\/trade.games-workshop.com\/pl\/common-questions\/#breadcrumb","itemListElement":[{"@type":"ListItem","position":1,"name":"Home","item":"https:\/\/trade.games-workshop.com\/pl\/"},{"@type":"ListItem","position":2,"name":"Common Questions"}]},{"@type":"WebSite","@id":"https:\/\/trade.games-workshop.com\/#website","url":"https:\/\/trade.games-workshop.com\/","name":"Retailers&#039; Network","description":"Games Workshop Trade Site","potentialAction":[{"@type":"SearchAction","target":{"@type":"EntryPoint","urlTemplate":"https:\/\/trade.games-workshop.com\/?s={search_term_string}"},"query-input":{"@type":"PropertyValueSpecification","valueRequired":true,"valueName":"search_term_string"}}],"inLanguage":"pl-PL"}]}},"acf":{"_content":[{"acf_fc_layout":"hero_low_profile","title":"Cz\u0119sto zadawane pytania","summary":"Nie do ko\u0144ca wiesz, o co chodzi z tymi Space Marines i Troglodonami? Nie panikuj, mamy odpowiedzi na Twoje pytania! Przejrzyj najcz\u0119\u015bciej zadawane pytania poni\u017cej i pami\u0119taj \u2013 je\u015bli nie ma tam Twojego, zawsze mo\u017cesz do nas zadzwoni\u0107."},{"acf_fc_layout":"accordion","groups":[{"group_title":"Jak zosta\u0107 dystrybutorem","items":[{"item_title":"Jakie s\u0105 koszty rozpocz\u0119cia wsp\u00f3\u0142pracy?","item_content":"<p>Mamy r\u00f3\u017cne oferty, zale\u017cne od Twoich plan\u00f3w biznesowych i tego, co Tw\u00f3j sklep mia\u0142by oferowa\u0107 klientom. Dla nowych sprzedawc\u00f3w istnieje minimalna op\u0142ata pocz\u0105tkowa z r\u00f3\u017cnymi metodami p\u0142atno\u015bci.<\/p>\n"},{"item_title":"Jakie s\u0105 wymagania?","item_content":"<p>Zacznij od wype\u0142nienia wniosku. Aby podpisa\u0107 z nami umow\u0119 handlow\u0105, musisz posiada\u0107 fizyczny punkt sprzeda\u017cy dost\u0119pny publicznie.<\/p>\n"},{"item_title":"Jak d\u0142ugo trzeba czeka\u0107 na rozpocz\u0119cie wsp\u00f3\u0142pracy?","item_content":"<p>Poprawnie wype\u0142nione dokumenty pozwol\u0105 Ci rozpocz\u0105\u0107 wsp\u00f3\u0142prac\u0119 w ci\u0105gu kilku dni.<\/p>\n"}]},{"group_title":"Warunki","items":[{"item_title":"Jakie s\u0105 warunki handlowe \/ mar\u017ce?","item_content":"<p>Najlepszym sposobem na zwi\u0119kszenie sprzeda\u017cy oraz ustalenie mar\u017cy i korzy\u015bci w Twoim konkretnym przypadku jest kontakt z nami \u2013 pomo\u017cemy Ci zrozumie\u0107 wszystkie kwestie handlowe.<\/p>\n"},{"item_title":"Jakie s\u0105 opcje p\u0142atno\u015bci?","item_content":"<p>Oferujemy wiele opcji, w\u0142\u0105czaj\u0105c w to r\u00f3\u017cne metody p\u0142atno\u015bci i kredyty.<\/p>\n"},{"item_title":"Czy mog\u0119 prowadzi\u0107 sprzeda\u017c internetow\u0105?","item_content":"<p>Je\u015bli posiadasz fizyczny sklep do dystrybucji produkt\u00f3w Games Workshop, pod pewnymi warunkami b\u0119dziesz m\u00f3g\u0142\/mog\u0142a prowadzi\u0107 te\u017c sprzeda\u017c internetow\u0105.<\/p>\n"},{"item_title":"Czy mog\u0119 zosta\u0107 dystrybutorem, je\u015bli w okolicy istnieje ju\u017c inny sprzedawca waszych produkt\u00f3w?","item_content":"<p>Tak. Nie mamy polityki dotycz\u0105cej odleg\u0142o\u015bci.<\/p>\n"}]},{"group_title":"Co zamawia\u0107","items":[{"item_title":"Co powinienem\/powinnam zamawia\u0107?","item_content":"<p>Mamy wiele danych dotycz\u0105cych sprzeda\u017cy, kt\u00f3re pozwol\u0105 nam pom\u00f3c Ci wybra\u0107 najlepsz\u0105 ofert\u0119 produkt\u00f3w dopasowan\u0105 do Twoich plan\u00f3w biznesowych i zwi\u0119kszy\u0107 sprzeda\u017c, w\u0142\u0105czaj\u0105c w to wiele bestsellerowych marek pasuj\u0105cych do wielu r\u00f3\u017cnych format\u00f3w sklep\u00f3w.<\/p>\n"}]},{"group_title":"Dodatkowe wsparcie","items":[{"item_title":"Czy kto\u015b b\u0119dzie m\u00f3g\u0142 przyj\u015b\u0107 do mojego sklepu, aby przeprowadzi\u0107 prezentacje i wydarzenia?","item_content":"<p>Oferujemy wsparcie w celu zach\u0119cenia odpowiednich os\u00f3b do promowania Games Workshop w Twoim sklepie.<\/p>\n"},{"item_title":"Jakie macie dla mnie zasoby?","item_content":"<p>Oferujemy wsparcie w formie fizycznej i cyfrowej oraz materia\u0142y promocyjne. Mo\u017cemy reklamowa\u0107 Tw\u00f3j sklep na naszej popularnej witrynie, zapewni\u0107 oddanych mened\u017cer\u00f3w posiadaj\u0105cych du\u017c\u0105 wiedz\u0119 oraz inne rodzaje wsparcia, jak np. organizacj\u0119 gier.<\/p>\n"}]}]}]},"_links":{"self":[{"href":"https:\/\/trade.games-workshop.com\/pl\/wp-json\/wp\/v2\/pages\/26224","targetHints":{"allow":["GET"]}}],"collection":[{"href":"https:\/\/trade.games-workshop.com\/pl\/wp-json\/wp\/v2\/pages"}],"about":[{"href":"https:\/\/trade.games-workshop.com\/pl\/wp-json\/wp\/v2\/types\/page"}],"author":[{"embeddable":true,"href":"https:\/\/trade.games-workshop.com\/pl\/wp-json\/wp\/v2\/users\/1"}],"replies":[{"embeddable":true,"href":"https:\/\/trade.games-workshop.com\/pl\/wp-json\/wp\/v2\/comments?post=26224"}],"version-history":[{"count":0,"href":"https:\/\/trade.games-workshop.com\/pl\/wp-json\/wp\/v2\/pages\/26224\/revisions"}],"wp:attachment":[{"href":"https:\/\/trade.games-workshop.com\/pl\/wp-json\/wp\/v2\/media?parent=26224"}],"curies":[{"name":"wp","href":"https:\/\/api.w.org\/{rel}","templated":true}]}}