{"id":26271,"date":"2019-05-16T13:15:26","date_gmt":"2019-05-16T12:15:26","guid":{"rendered":"http:\/\/trade.games-workshop.com\/privacy-notice\/"},"modified":"2021-03-23T15:54:13","modified_gmt":"2021-03-23T15:54:13","slug":"privacy-notice","status":"publish","type":"page","link":"https:\/\/trade.games-workshop.com\/pl\/privacy-notice\/","title":{"rendered":"Privacy Notice"},"content":{"rendered":"","protected":false},"excerpt":{"rendered":"","protected":false},"author":30,"featured_media":0,"parent":0,"menu_order":0,"comment_status":"closed","ping_status":"closed","template":"","meta":{"footnotes":""},"class_list":["post-26271","page","type-page","status-publish","hentry"],"yoast_head":"<!-- This site is optimized with the Yoast SEO plugin v27.4 - https:\/\/yoast.com\/product\/yoast-seo-wordpress\/ -->\n<title>Privacy Notice - Retailers&#039; Network<\/title>\n<meta name=\"robots\" content=\"index, follow, max-snippet:-1, max-image-preview:large, max-video-preview:-1\" \/>\n<link rel=\"canonical\" href=\"https:\/\/trade.games-workshop.com\/pl\/privacy-notice\/\" \/>\n<meta property=\"og:locale\" content=\"pl_PL\" \/>\n<meta property=\"og:type\" content=\"article\" \/>\n<meta property=\"og:title\" content=\"Privacy Notice - Retailers&#039; Network\" \/>\n<meta property=\"og:url\" content=\"https:\/\/trade.games-workshop.com\/pl\/privacy-notice\/\" \/>\n<meta property=\"og:site_name\" content=\"Retailers&#039; Network\" \/>\n<meta property=\"article:modified_time\" content=\"2021-03-23T15:54:13+00:00\" \/>\n<meta name=\"twitter:card\" content=\"summary_large_image\" \/>\n<script type=\"application\/ld+json\" class=\"yoast-schema-graph\">{\"@context\":\"https:\\\/\\\/schema.org\",\"@graph\":[{\"@type\":\"WebPage\",\"@id\":\"https:\\\/\\\/trade.games-workshop.com\\\/pl\\\/privacy-notice\\\/\",\"url\":\"https:\\\/\\\/trade.games-workshop.com\\\/pl\\\/privacy-notice\\\/\",\"name\":\"Privacy Notice - Retailers&#039; Network\",\"isPartOf\":{\"@id\":\"https:\\\/\\\/trade.games-workshop.com\\\/#website\"},\"datePublished\":\"2019-05-16T12:15:26+00:00\",\"dateModified\":\"2021-03-23T15:54:13+00:00\",\"breadcrumb\":{\"@id\":\"https:\\\/\\\/trade.games-workshop.com\\\/pl\\\/privacy-notice\\\/#breadcrumb\"},\"inLanguage\":\"pl-PL\",\"potentialAction\":[{\"@type\":\"ReadAction\",\"target\":[\"https:\\\/\\\/trade.games-workshop.com\\\/pl\\\/privacy-notice\\\/\"]}]},{\"@type\":\"BreadcrumbList\",\"@id\":\"https:\\\/\\\/trade.games-workshop.com\\\/pl\\\/privacy-notice\\\/#breadcrumb\",\"itemListElement\":[{\"@type\":\"ListItem\",\"position\":1,\"name\":\"Home\",\"item\":\"https:\\\/\\\/trade.games-workshop.com\\\/pl\\\/\"},{\"@type\":\"ListItem\",\"position\":2,\"name\":\"Privacy Notice\"}]},{\"@type\":\"WebSite\",\"@id\":\"https:\\\/\\\/trade.games-workshop.com\\\/#website\",\"url\":\"https:\\\/\\\/trade.games-workshop.com\\\/\",\"name\":\"Retailers&#039; Network\",\"description\":\"Games Workshop Trade Site\",\"potentialAction\":[{\"@type\":\"SearchAction\",\"target\":{\"@type\":\"EntryPoint\",\"urlTemplate\":\"https:\\\/\\\/trade.games-workshop.com\\\/?s={search_term_string}\"},\"query-input\":{\"@type\":\"PropertyValueSpecification\",\"valueRequired\":true,\"valueName\":\"search_term_string\"}}],\"inLanguage\":\"pl-PL\"}]}<\/script>\n<!-- \/ Yoast SEO plugin. -->","yoast_head_json":{"title":"Privacy Notice - Retailers&#039; Network","robots":{"index":"index","follow":"follow","max-snippet":"max-snippet:-1","max-image-preview":"max-image-preview:large","max-video-preview":"max-video-preview:-1"},"canonical":"https:\/\/trade.games-workshop.com\/pl\/privacy-notice\/","og_locale":"pl_PL","og_type":"article","og_title":"Privacy Notice - Retailers&#039; Network","og_url":"https:\/\/trade.games-workshop.com\/pl\/privacy-notice\/","og_site_name":"Retailers&#039; Network","article_modified_time":"2021-03-23T15:54:13+00:00","twitter_card":"summary_large_image","schema":{"@context":"https:\/\/schema.org","@graph":[{"@type":"WebPage","@id":"https:\/\/trade.games-workshop.com\/pl\/privacy-notice\/","url":"https:\/\/trade.games-workshop.com\/pl\/privacy-notice\/","name":"Privacy Notice - Retailers&#039; Network","isPartOf":{"@id":"https:\/\/trade.games-workshop.com\/#website"},"datePublished":"2019-05-16T12:15:26+00:00","dateModified":"2021-03-23T15:54:13+00:00","breadcrumb":{"@id":"https:\/\/trade.games-workshop.com\/pl\/privacy-notice\/#breadcrumb"},"inLanguage":"pl-PL","potentialAction":[{"@type":"ReadAction","target":["https:\/\/trade.games-workshop.com\/pl\/privacy-notice\/"]}]},{"@type":"BreadcrumbList","@id":"https:\/\/trade.games-workshop.com\/pl\/privacy-notice\/#breadcrumb","itemListElement":[{"@type":"ListItem","position":1,"name":"Home","item":"https:\/\/trade.games-workshop.com\/pl\/"},{"@type":"ListItem","position":2,"name":"Privacy Notice"}]},{"@type":"WebSite","@id":"https:\/\/trade.games-workshop.com\/#website","url":"https:\/\/trade.games-workshop.com\/","name":"Retailers&#039; Network","description":"Games Workshop Trade Site","potentialAction":[{"@type":"SearchAction","target":{"@type":"EntryPoint","urlTemplate":"https:\/\/trade.games-workshop.com\/?s={search_term_string}"},"query-input":{"@type":"PropertyValueSpecification","valueRequired":true,"valueName":"search_term_string"}}],"inLanguage":"pl-PL"}]}},"acf":{"_content":[{"acf_fc_layout":"wysiwyg","content":"<p>Games Workshop zobowi\u0105zuje si\u0119 do ochrony prywatno\u015bci Kontrahent\u00f3w oraz ich pracownik\u00f3w. Niniejsza polityka opisuje, w jaki spos\u00f3b gromadzimy i wykorzystujemy dane osobowe naszych Kontrahent\u00f3w oraz ich pracownik\u00f3w. Niniejsza polityka odnosi si\u0119 do wszystkich potencjalnych, obecnych i by\u0142ych Kontrahent\u00f3w oraz ich pracownik\u00f3w.<\/p>\n<p>Dostarczaj\u0105c nam informacje o swoich pracownikach, potwierdzasz, \u017ce zosta\u0142a im przekazana kopia tej polityki, \u017ce zostali oni poinformowani o naszej to\u017csamo\u015bci, celach, w kt\u00f3rych ich dane osobowe b\u0119d\u0105 przetwarzane, oraz \u017ce uzyska\u0142e\u015b\/-a\u015b ich zgod\u0119 na przetwarzanie przez nas tych danych. Polityka adresowana jest zar\u00f3wno do Kontrahent\u00f3w, jak i ich pracownik\u00f3w.<\/p>\n<p>Administratorem gromadzonych danych osobowych jest Games Workshop Limited zlokalizowana przy Willow Road, Nottingham, NG7 2WS, Wielka Brytania.<\/p>\n<p>Prosimy uwa\u017cnie przeczyta\u0107 niniejsz\u0105 polityk\u0119, aby zrozumie\u0107, jak i dlaczego wykorzystujemy dane osobowe naszych Kontrahent\u00f3w oraz ich pracownik\u00f3w.<\/p>\n","trigger_form":false,"is_external":false,"page_link":"","link_url":"","link_text":"","justify":"center","background_colour":"white","title":"Polityka prywatno\u015bci Kontrahent\u00f3w \u2013 maj 2019"},{"acf_fc_layout":"accordion","groups":[{"group_title":"1. Rodzaje przechowywanych przez nas informacji","items":[{"item_title":"","item_content":"<p>Mo\u017cemy gromadzi\u0107, przechowywa\u0107 i wykorzystywa\u0107 nast\u0119puj\u0105ce kategorie Twoich danych osobowych:<\/p>\n<ul>\n<li>informacje kontaktowe, takie jak imi\u0119, nazwisko, tytu\u0142, adres, numery telefon\u00f3w oraz prywatne adresy e-mail;<\/li>\n<li>informacje firmowe, takie jak nazwa oraz adres;<\/li>\n<li>numer konta;<\/li>\n<li>wyniki kontroli kredytowej oraz limit kredytu;<\/li>\n<li>informacje dot. po\u0142\u0105cze\u0144 telefonicznych, takie jak nagrania rozm\u00f3w, numer telefonu oraz czas trwania rozmowy.<\/li>\n<\/ul>\n"}]},{"group_title":"2. W jaki spos\u00f3b gromadzimy Twoje dane osobowe?","items":[{"item_title":"","item_content":"<p>Informacje zbierane s\u0105 podczas wst\u0119pnych zapyta\u0144 oraz podczas procesu zak\u0142adania konta, bezpo\u015brednio od Ciebie lub z innych \u017ar\u00f3de\u0142, takich jak biura informacji kredytowej.<\/p>\n<p>Podczas naszej relacji handlowej b\u0119dziemy gromadzi\u0107 o Tobie dodatkowe informacje.<\/p>\n"}]},{"group_title":"3. W jakim celu gromadzimy Twoje dane osobowe?","items":[{"item_title":"","item_content":"<p>Poni\u017cej wymieniono sytuacje, w kt\u00f3rych przetwarzamy Twoje dane osobowe:<\/p>\n<ul>\n<li>obs\u0142uga i rozwa\u017canie formularzy rejestracji Kontrahent\u00f3w;<\/li>\n<li>obs\u0142uga zapyta\u0144 od potencjalnych Kontrahent\u00f3w;<\/li>\n<li>zapisywanie danych Kontrahent\u00f3w w naszych wewn\u0119trznych systemach;<\/li>\n<li>przechowywanie um\u00f3w podpisanych z Kontrahentami;<\/li>\n<li>ustalenie limit\u00f3w kredytowych Kontrahent\u00f3w i zarz\u0105dzenie tymi limitami;<\/li>\n<li>przestrzeganie naszych zobowi\u0105za\u0144 wynikaj\u0105cych z dowolnej umowy z Kontrahentem oraz wsp\u00f3\u0142praca z Kontrahentem w celu wywi\u0105zania si\u0119 z umowy;<\/li>\n<li>zarz\u0105dzanie korzy\u015bciami z programu dla dystrybutor\u00f3w;<\/li>\n<li>wy\u015bwietlanie Twoich danych w sekcji \u201eWyszukiwarka sklep\u00f3w\u201d w naszej witrynie;<\/li>\n<li>fakturowanie, gromadzenie informacji dot. p\u0142atno\u015bci oraz \u015bci\u0105ganie zaleg\u0142ych p\u0142atno\u015bci;<\/li>\n<li>gromadzenie informacji o towarach dostarczonych Kontrahentowi;<\/li>\n<li>analiza wydajno\u015bci Kontrahenta;<\/li>\n<li>obs\u0142uga i rozwi\u0105zywanie spor\u00f3w;<\/li>\n<li>szkolenie personelu.<\/li>\n<\/ul>\n<p>Podstawa prawna dla gromadzenia i wykorzystywania danych osobowych wymienionych powy\u017cej b\u0119dzie zale\u017cna od rodzaju danych oraz kontekstu, w kt\u00f3rym dane te b\u0119d\u0105 gromadzone, takiego jak (i) wykonywanie naszych zobowi\u0105za\u0144 wynikaj\u0105cych z umowy z Kontrahentem (lub w celu podj\u0119cia dzia\u0142a\u0144 przed podpisaniem takiej umowy), (ii) umo\u017cliwienie nam prawid\u0142owego wykonywania naszych obowi\u0105zk\u00f3w prawnych lub (iii) sytuacje, w kt\u00f3rych przetwarzanie danych le\u017cy w naszym interesie i nie jest sprzeczne z Twoimi prawami.<\/p>\n<p>Je\u015bli Twoje dane osobowe b\u0119d\u0105 gromadzone i wykorzystywane w zwi\u0105zku z naszym prawnie uzasadnionym interesem (lub interesem stron trzecich), b\u0119dzie to zazwyczaj prawnie uzasadniony interes komercyjny, analiza sprzeda\u017cy i przygotowanie strategii handlowej oraz zarz\u0105dzanie ryzykiem kredytowym. Mo\u017cemy mie\u0107 inne prawnie uzasadnione interesy i, je\u015bli to konieczne, w odpowiednim czasie jasno poinformujemy Ci\u0119, jakie to interesy.<\/p>\n<p>W przypadku pyta\u0144 dotycz\u0105cych podstawy prawnej, wed\u0142ug kt\u00f3rej gromadzimy i wykorzystujemy dane osobowe, lub je\u015bli chcesz uzyska\u0107 wi\u0119cej informacji na jej temat, skontaktuj si\u0119 z nami (sekcja 13).<\/p>\n"}]},{"group_title":"4. Co w przypadku, gdy nie podasz danych osobowych?","items":[{"item_title":"","item_content":"<p>Je\u015bli nie podasz pewnych danych osobowych, kiedy o nie poprosimy, mo\u017cemy nie by\u0107 w stanie wykona\u0107 obowi\u0105zk\u00f3w wynikaj\u0105cych z dowolnej umowy mi\u0119dzy nami lub wywi\u0105za\u0107 si\u0119 z naszych obowi\u0105zk\u00f3w prawnych.<\/p>\n"}]},{"group_title":"5. Co w przypadku, gdyby\u015bmy chcieli wykorzysta\u0107 dane osobowe w innym celu?","items":[{"item_title":"","item_content":"<p>Dane osobowe b\u0119dziemy wykorzystywa\u0107 wy\u0142\u0105cznie w celach, w kt\u00f3rych zosta\u0142y one zgromadzone, chyba \u017ce zasadnie uznamy, \u017ce potrzebujemy ich w innym celu i cel ten nie jest sprzeczny z celem pierwotnym. Je\u015bli b\u0119dziemy chcieli wykorzysta\u0107 Twoje dane osobowe w niepowi\u0105zanym celu, poinformujemy Ci\u0119 o tym i przedstawimy podstaw\u0119 prawn\u0105, kt\u00f3ra nam na to pozwala.<\/p>\n<p>Prosimy mie\u0107 na uwadze, \u017ce mo\u017cemy przetwarza\u0107 Twoje dane osobowe bez Twojej wiedzy lub zgody w przypadkach, gdy jest to wymagane lub dozwolone przez prawo.<\/p>\n"}]},{"group_title":"6. Jak bezpieczne s\u0105 Twoje dane?","items":[{"item_title":"","item_content":"<p>Wykorzystujemy odpowiednie \u015brodki techniczne i organizacyjne, aby zapobiec utracie, wykorzystaniu, dost\u0119powi, zmianie lub ujawnieniu Twoich danych w spos\u00f3b przypadkowy. Wykorzystywane przez nas \u015brodki zosta\u0142y zaprojektowane w celu zapewnienia poziomu bezpiecze\u0144stwa adekwatnego do ryzyka przetworzenia Twoich danych i s\u0105 to m.in.:<\/p>\n<ul>\n<li>kontrole dost\u0119pu do lokalizacji \u2013 tylko autoryzowany personel mo\u017ce uzyska\u0107 dost\u0119p do teren\u00f3w, budynk\u00f3w i pomieszcze\u0144, w kt\u00f3rych przetwarzane s\u0105 Twoje dane osobowe;<\/li>\n<li>kontrole dost\u0119pu informatycznego \u2013 tylko autoryzowany personel mo\u017ce uzyska\u0107 dost\u0119p do Twoich danych przechowywanych w naszych systemach informatycznych;<\/li>\n<li>kontrole zabezpiecze\u0144 informatycznych \u2013 wykorzystujemy odpowiedni\u0105 technologi\u0119 i zabezpieczenia, aby zapewni\u0107 bezpieczne przechowywanie Twoich danych;<\/li>\n<li>polityki i procedury \u2013 jasno okre\u015blony system ochrony danych oraz polityki i procedury dot. zabezpiecze\u0144 informatycznych okre\u015blaj\u0105 spos\u00f3b, w jaki nasz personel musi obs\u0142ugiwa\u0107 Twoje dane;<\/li>\n<li>szkolenia \u2013 zapewnianie ca\u0142emu personelowi przetwarzaj\u0105cemu dane sta\u0142ych szkole\u0144 w zakresie ochrony danych osobowych i bezpiecze\u0144stwa informatycznego.<\/li>\n<\/ul>\n"}]},{"group_title":"7. Z kim mo\u017cemy dzieli\u0107 si\u0119 Twoimi danymi?","items":[{"item_title":"","item_content":"<p>Danymi mo\u017cemy dzieli\u0107 si\u0119 w sytuacjach wymienionych poni\u017cej.<\/p>\n<ul>\n<li>Dostawcy us\u0142ug<\/li>\n<\/ul>\n<p>Danymi osobowymi dzielimy si\u0119 ze stronami trzecimi, kt\u00f3re dostarczaj\u0105 nam us\u0142ugi. Wszystkie wymienione poni\u017cej czynno\u015bci wymagaj\u0105 przetwarzania danych osobowych i s\u0105 wykonywane przez strony trzecie: hosting witryny internetowej, wyszukiwanie informacji kredytowej, hosting i obs\u0142uga platformy Zarz\u0105dzania relacjami z klientami (CRM), poczta e-mail i us\u0142ugi dystrybucji, us\u0142ugi zarz\u0105dzania baz\u0105 danych i list\u0105 mailingow\u0105, us\u0142ugi zarz\u0105dzania, obs\u0142uga systemu rejestracji po\u0142\u0105cze\u0144 telefonicznych, dostarczanie us\u0142ug informatycznych, wsp\u00f3\u0142praca i dzielenie si\u0119 dokumentami i informacjami, doradztwo prawne. Wi\u0119cej szczeg\u00f3\u0142\u00f3w dotycz\u0105cych naszych zewn\u0119trznych dostawc\u00f3w us\u0142ug mo\u017cna uzyska\u0107 na \u017c\u0105danie. Aby uzyska\u0107 wi\u0119cej informacji, skontaktuj si\u0119 z nami (sekcja 13).<\/p>\n<p>Wszyscy dostawcy us\u0142ug s\u0105 zobowi\u0105zani do podj\u0119cia odpowiednich \u015brodk\u00f3w bezpiecze\u0144stwa w celu ochrony Twoich danych osobowych. Nie zezwalamy stronom trzecim na wykorzystywanie Twoich danych osobowych do ich w\u0142asnych cel\u00f3w. Zezwalamy im wy\u0142\u0105cznie na przetwarzanie Twoich danych osobowych do konkretnych cel\u00f3w zgodnych z naszymi instrukcjami.<\/p>\n<ul>\n<li>Grupa Games Workshop<\/li>\n<\/ul>\n<p>Twoimi danymi osobowymi mo\u017cemy dzieli\u0107 si\u0119 z innymi podmiotami w naszej grupie w ramach regularnych czynno\u015bci raportowania wynik\u00f3w firmy, w kontek\u015bcie reorganizacji lub restrukturyzacji grupy lub w celu wsparcia konserwacji systemu.<\/p>\n<ul>\n<li>Sprzeda\u017c lub restrukturyzacja<\/li>\n<\/ul>\n<p>Twoimi danymi osobowymi mo\u017cemy dzieli\u0107 si\u0119 w przypadku mo\u017cliwej sprzeda\u017cy lub restrukturyzacji firmy pod warunkiem, \u017ce poinformujemy kupuj\u0105cego, \u017ce dane te mo\u017ce wykorzystywa\u0107 wy\u0142\u0105cznie w celach zawartych w niniejszej polityce.<\/p>\n<ul>\n<li>Przepisy, prawa oraz kluczowe interesy<\/li>\n<\/ul>\n<p>Twoimi danymi osobowymi mo\u017cemy dzieli\u0107 si\u0119 r\u00f3wnie\u017c z organami \u015bcigania, organami nadzorczymi, agencjami rz\u0105dowymi, s\u0105dami oraz innymi stronami trzecimi w przypadku, gdy uznamy to za konieczne (i) w ramach przestrzegania przepis\u00f3w, (ii) wykonywania, ustanawiania lub dochodzenia naszych praw lub (iii) ochrony kluczowych interes\u00f3w Twoich lub dowolnej innej osoby.<\/p>\n"}]},{"group_title":"8. Czy moje dane osobowe s\u0105 wysy\u0142ane poza obszar Unii Europejskiej?","items":[{"item_title":"","item_content":"<p>Mo\u017cemy wysy\u0142a\u0107 Twoje dane osobowe poza Europejski Obszar Gospodarczy (<strong>EOG<\/strong>). Dane osobowe wy\u015blemy poza EOG wy\u0142\u0105cznie po zastosowaniu odpowiednich \u015brodk\u00f3w bezpiecze\u0144stwa. Aby zapewni\u0107, \u017ce Twoje dane osobowe otrzymaj\u0105 odpowiedni poziom bezpiecze\u0144stwa poza EOG, wykorzystujemy nast\u0119puj\u0105ce \u015brodki:<\/p>\n<ul>\n<li>przekazywanie danych wy\u0142\u0105cznie do kraj\u00f3w zatwierdzonych przez Komisj\u0119 Europejsk\u0105;<\/li>\n<li>wykorzystywanie wzor\u00f3w klauzul umownych zatwierdzonych przez Komisj\u0119 Europejsk\u0105;<\/li>\n<li>wymaganie od firm w USA, kt\u00f3rym przekazujemy dane, aby by\u0142y zarejestrowane w Tarczy prywatno\u015bci UE-USA.<\/li>\n<\/ul>\n<p>Wi\u0119cej informacji dotycz\u0105cych poszczeg\u00f3lnych \u015brodk\u00f3w bezpiecze\u0144stwa wykorzystywanych poza EOG mo\u017cna uzyska\u0107 na \u017c\u0105danie. Aby uzyska\u0107 wi\u0119cej informacji, skontaktuj si\u0119 z nami (sekcja 13).<\/p>\n"}]},{"group_title":"9. Jak d\u0142ugo przechowujemy Twoje dane osobowe?","items":[{"item_title":"","item_content":"<p>Twoje dane osobowe przechowywane s\u0105 tak d\u0142ugo, jak d\u0142ugo s\u0105 wymagane do realizacji cel\u00f3w wymienionych powy\u017cej, w\u0142\u0105czaj\u0105c w to wymagania dotycz\u0105ce dzia\u0142a\u0144 prawnych, ksi\u0119gowo\u015bci lub raportowania.<\/p>\n<p>Dla wi\u0119kszo\u015bci Twoich danych okres ten obejmuje ca\u0142y okres podpisanej z nami umowy oraz 6 lat po jej wyga\u015bni\u0119ciu.<\/p>\n<p>Kiedy nie b\u0119dziemy mieli ju\u017c potrzeby przetwarzania Twoich danych w prawnie uzasadnionych interesach, poddamy je usuni\u0119ciu lub anonimizacji, a je\u015bli nie b\u0119dzie to mo\u017cliwe (np. z powodu przechowywania ich w kopii zapasowej archiwum), b\u0119dziemy przechowywa\u0107 je w bezpieczny spos\u00f3b i izolowa\u0107 je od dalszego przetwarzania a\u017c do chwili, w kt\u00f3rej mo\u017cliwe b\u0119dzie ich usuni\u0119cie.<\/p>\n<p>Aby okre\u015bli\u0107 w\u0142a\u015bciwy okres przechowywania danych osobowych, bierzemy pod uwag\u0119 ilo\u015b\u0107, charakter oraz wra\u017cliwo\u015b\u0107 danych osobowych, potencjalne ryzyko szkody wynikaj\u0105cej z nieuprawnionego ich wykorzystania lub ujawnienia, cele, w kt\u00f3rych by\u0142y przetwarzane, i czy mo\u017cemy osi\u0105gn\u0105\u0107 te cele w inny spos\u00f3b, jak r\u00f3wnie\u017c odpowiednie wymogi prawne.<\/p>\n<p>W niekt\u00f3rych okoliczno\u015bciach mo\u017cemy zanonimizowa\u0107 Twoje dane osobowe tak, by nie mog\u0142y ju\u017c by\u0107 powi\u0105zane z Tob\u0105, co pozwoli nam wykorzystywa\u0107 te dane dalej bez konieczno\u015bci powiadamiania Ci\u0119 o tym.<\/p>\n"}]},{"group_title":"10. Jakie prawa przys\u0142uguj\u0105 Ci w zwi\u0105zku z Twoimi danymi osobowymi?","items":[{"item_title":"","item_content":"<p>W pewnych okoliczno\u015bciach masz prawo:<\/p>\n<ul>\n<li>za\u017c\u0105da\u0107 kopii Twoich danych osobowych, kt\u00f3re przechowujemy;<\/li>\n<li>za\u017c\u0105da\u0107 korekty niekompletnych lub nieprawid\u0142owych danych;<\/li>\n<li>za\u017c\u0105da\u0107 usuni\u0119cia danych, je\u015bli nie istnieje dobry pow\u00f3d do ich przechowywania;<\/li>\n<li>wyrazi\u0107 sprzeciw wobec przetwarzania Twoich danych w przypadku, gdy oparte jest ono o prawnie uzasadniony interes;<\/li>\n<li>w przypadku, gdy Twoje dane osobowe przetwarzane s\u0105 w konkretnym celu i za Twoj\u0105 zgod\u0105, wycofa\u0107 t\u0119 zgod\u0119 w dowolnym momencie;<\/li>\n<li>za\u017c\u0105da\u0107 zawieszenia przetwarzania przez nas Twoich danych;<\/li>\n<li>za\u017c\u0105da\u0107 przes\u0142ania podanych przez Ciebie danych osobowych innemu podmiotowi.<\/li>\n<\/ul>\n<p>Je\u015bli chcesz skorzysta\u0107 z kt\u00f3rego\u015b z tych praw, skontaktuj si\u0119 z nami (sekcja 13).<\/p>\n<p>Ze skorzystaniem z tych praw nie wi\u0105\u017ce si\u0119 \u017cadna op\u0142ata, mo\u017cemy jednak poprosi\u0107 o op\u0142at\u0119 w rozs\u0105dnej wysoko\u015bci, je\u015bli Twoje \u017c\u0105danie jest nieuzasadnione lub nadmierne. Mo\u017cemy r\u00f3wnie\u017c odm\u00f3wi\u0107 spe\u0142nienia takiego \u017c\u0105dania.<\/p>\n<p>Prosimy mie\u0107 na uwadze, \u017ce mo\u017cemy poprosi\u0107 Ci\u0119 o podanie swoich danych osobowych w celu potwierdzenia to\u017csamo\u015bci, aby ustali\u0107, czy przys\u0142uguj\u0105 Ci te prawa.<\/p>\n<p>Je\u015bli nie satysfakcjonuje Ci\u0119 spos\u00f3b, w kt\u00f3ry przetwarzamy Twoje dane osobowe, masz r\u00f3wnie\u017c prawo z\u0142o\u017cy\u0107 skarg\u0119 do odpowiedniego organu nadzorczego. Odpowiednie informacje kontaktowe mo\u017cna znale\u017a\u0107 <a href=\"http:\/\/ec.europa.eu\/newsroom\/article29\/item-detail.cfm?item_id=612080\" target=\"_blank\" rel=\"noopener\">tutaj<\/a>.<\/p>\n"}]},{"group_title":"11. O co Ci\u0119 prosimy?","items":[{"item_title":"","item_content":"<p>Jest dla nas istotne, aby przechowywane przez nas Twoje dane osobowe by\u0142y aktualne. W przypadku zmian obejmuj\u0105cych przechowywane przez nas dane osobowe, prosimy o niezw\u0142oczn\u0105 informacj\u0119.<\/p>\n"}]},{"group_title":"12. Zmiany w niniejszej polityce prywatno\u015bci","items":[{"item_title":"","item_content":"<p>Od czasu do czasu mo\u017cemy aktualizowa\u0107 niniejsz\u0105 polityk\u0119. Kiedy j\u0105 zaktualizujemy, podejmiemy odpowiednie \u015brodki, aby poinformowa\u0107 Ci\u0119 o tym, zale\u017cnie od istotno\u015bci tych zmian. Je\u015bli b\u0119dzie to wymagane przez prawo, uzyskamy Twoj\u0105 zgod\u0119 na wszystkie zmiany.<\/p>\n<p>Aby zobaczy\u0107, kiedy ta polityka by\u0142a ostatnio aktualizowana, sprawd\u017a dat\u0119 znajduj\u0105c\u0105 si\u0119 u g\u00f3ry.<\/p>\n"}]},{"group_title":"13. Kontakt","items":[{"item_title":"","item_content":"<p>Ta polityka nadzorowana jest przez Administratora danych osobowych grupy Games Workshop. W przypadku jakichkolwiek pyta\u0144, skarg lub \u017c\u0105da\u0144 prosimy o kontakt z Administratorem danych osobowych pod adresem e-mail: <a href=\"mailto:privacy@gwplc.com\"><strong>privacy@gwplc.com<\/strong><\/a>.<\/p>\n"}]}]}]},"_links":{"self":[{"href":"https:\/\/trade.games-workshop.com\/pl\/wp-json\/wp\/v2\/pages\/26271","targetHints":{"allow":["GET"]}}],"collection":[{"href":"https:\/\/trade.games-workshop.com\/pl\/wp-json\/wp\/v2\/pages"}],"about":[{"href":"https:\/\/trade.games-workshop.com\/pl\/wp-json\/wp\/v2\/types\/page"}],"author":[{"embeddable":true,"href":"https:\/\/trade.games-workshop.com\/pl\/wp-json\/wp\/v2\/users\/30"}],"replies":[{"embeddable":true,"href":"https:\/\/trade.games-workshop.com\/pl\/wp-json\/wp\/v2\/comments?post=26271"}],"version-history":[{"count":0,"href":"https:\/\/trade.games-workshop.com\/pl\/wp-json\/wp\/v2\/pages\/26271\/revisions"}],"wp:attachment":[{"href":"https:\/\/trade.games-workshop.com\/pl\/wp-json\/wp\/v2\/media?parent=26271"}],"curies":[{"name":"wp","href":"https:\/\/api.w.org\/{rel}","templated":true}]}}