{"id":26417,"date":"2019-05-10T15:40:25","date_gmt":"2019-05-10T14:40:25","guid":{"rendered":"http:\/\/trade.games-workshop.com\/start-here\/"},"modified":"2022-03-30T10:51:05","modified_gmt":"2022-03-30T09:51:05","slug":"start-here","status":"publish","type":"page","link":"https:\/\/trade.games-workshop.com\/sv\/start-here\/","title":{"rendered":"Start Here"},"content":{"rendered":"","protected":false},"excerpt":{"rendered":"","protected":false},"author":30,"featured_media":0,"parent":0,"menu_order":0,"comment_status":"closed","ping_status":"closed","template":"","meta":{"footnotes":""},"class_list":["post-26417","page","type-page","status-publish","hentry"],"yoast_head":"<!-- This site is optimized with the Yoast SEO plugin v27.4 - https:\/\/yoast.com\/product\/yoast-seo-wordpress\/ -->\n<title>Start Here - Retailers&#039; Network<\/title>\n<meta name=\"robots\" content=\"index, follow, max-snippet:-1, max-image-preview:large, max-video-preview:-1\" \/>\n<link rel=\"canonical\" href=\"https:\/\/trade.games-workshop.com\/sv\/start-here\/\" \/>\n<meta property=\"og:locale\" content=\"sv_SE\" \/>\n<meta property=\"og:type\" content=\"article\" \/>\n<meta property=\"og:title\" content=\"Start Here - Retailers&#039; Network\" \/>\n<meta property=\"og:url\" content=\"https:\/\/trade.games-workshop.com\/sv\/start-here\/\" \/>\n<meta property=\"og:site_name\" content=\"Retailers&#039; Network\" \/>\n<meta property=\"article:modified_time\" content=\"2022-03-30T09:51:05+00:00\" \/>\n<meta name=\"twitter:card\" content=\"summary_large_image\" \/>\n<script type=\"application\/ld+json\" class=\"yoast-schema-graph\">{\"@context\":\"https:\\\/\\\/schema.org\",\"@graph\":[{\"@type\":\"WebPage\",\"@id\":\"https:\\\/\\\/trade.games-workshop.com\\\/sv\\\/start-here\\\/\",\"url\":\"https:\\\/\\\/trade.games-workshop.com\\\/sv\\\/start-here\\\/\",\"name\":\"Start Here - Retailers&#039; Network\",\"isPartOf\":{\"@id\":\"https:\\\/\\\/trade.games-workshop.com\\\/#website\"},\"datePublished\":\"2019-05-10T14:40:25+00:00\",\"dateModified\":\"2022-03-30T09:51:05+00:00\",\"breadcrumb\":{\"@id\":\"https:\\\/\\\/trade.games-workshop.com\\\/sv\\\/start-here\\\/#breadcrumb\"},\"inLanguage\":\"sv-SE\",\"potentialAction\":[{\"@type\":\"ReadAction\",\"target\":[\"https:\\\/\\\/trade.games-workshop.com\\\/sv\\\/start-here\\\/\"]}]},{\"@type\":\"BreadcrumbList\",\"@id\":\"https:\\\/\\\/trade.games-workshop.com\\\/sv\\\/start-here\\\/#breadcrumb\",\"itemListElement\":[{\"@type\":\"ListItem\",\"position\":1,\"name\":\"Home\",\"item\":\"https:\\\/\\\/trade.games-workshop.com\\\/sv\\\/\"},{\"@type\":\"ListItem\",\"position\":2,\"name\":\"Start Here\"}]},{\"@type\":\"WebSite\",\"@id\":\"https:\\\/\\\/trade.games-workshop.com\\\/#website\",\"url\":\"https:\\\/\\\/trade.games-workshop.com\\\/\",\"name\":\"Retailers&#039; Network\",\"description\":\"Games Workshop Trade Site\",\"potentialAction\":[{\"@type\":\"SearchAction\",\"target\":{\"@type\":\"EntryPoint\",\"urlTemplate\":\"https:\\\/\\\/trade.games-workshop.com\\\/?s={search_term_string}\"},\"query-input\":{\"@type\":\"PropertyValueSpecification\",\"valueRequired\":true,\"valueName\":\"search_term_string\"}}],\"inLanguage\":\"sv-SE\"}]}<\/script>\n<!-- \/ Yoast SEO plugin. -->","yoast_head_json":{"title":"Start Here - Retailers&#039; Network","robots":{"index":"index","follow":"follow","max-snippet":"max-snippet:-1","max-image-preview":"max-image-preview:large","max-video-preview":"max-video-preview:-1"},"canonical":"https:\/\/trade.games-workshop.com\/sv\/start-here\/","og_locale":"sv_SE","og_type":"article","og_title":"Start Here - Retailers&#039; Network","og_url":"https:\/\/trade.games-workshop.com\/sv\/start-here\/","og_site_name":"Retailers&#039; Network","article_modified_time":"2022-03-30T09:51:05+00:00","twitter_card":"summary_large_image","schema":{"@context":"https:\/\/schema.org","@graph":[{"@type":"WebPage","@id":"https:\/\/trade.games-workshop.com\/sv\/start-here\/","url":"https:\/\/trade.games-workshop.com\/sv\/start-here\/","name":"Start Here - Retailers&#039; Network","isPartOf":{"@id":"https:\/\/trade.games-workshop.com\/#website"},"datePublished":"2019-05-10T14:40:25+00:00","dateModified":"2022-03-30T09:51:05+00:00","breadcrumb":{"@id":"https:\/\/trade.games-workshop.com\/sv\/start-here\/#breadcrumb"},"inLanguage":"sv-SE","potentialAction":[{"@type":"ReadAction","target":["https:\/\/trade.games-workshop.com\/sv\/start-here\/"]}]},{"@type":"BreadcrumbList","@id":"https:\/\/trade.games-workshop.com\/sv\/start-here\/#breadcrumb","itemListElement":[{"@type":"ListItem","position":1,"name":"Home","item":"https:\/\/trade.games-workshop.com\/sv\/"},{"@type":"ListItem","position":2,"name":"Start Here"}]},{"@type":"WebSite","@id":"https:\/\/trade.games-workshop.com\/#website","url":"https:\/\/trade.games-workshop.com\/","name":"Retailers&#039; Network","description":"Games Workshop Trade Site","potentialAction":[{"@type":"SearchAction","target":{"@type":"EntryPoint","urlTemplate":"https:\/\/trade.games-workshop.com\/?s={search_term_string}"},"query-input":{"@type":"PropertyValueSpecification","valueRequired":true,"valueName":"search_term_string"}}],"inLanguage":"sv-SE"}]}},"acf":{"_content":[{"acf_fc_layout":"hero_standard","is_external":false,"page_link":"","link_url":"","link_text":"","image":{"ID":10724,"id":10724,"title":"StartHere3","filename":"StartHere3.jpg","filesize":82072,"url":"https:\/\/trade.games-workshop.com\/wp-content\/uploads\/2019\/05\/StartHere3.jpg","link":"https:\/\/trade.games-workshop.com\/sv\/start-here\/starthere3\/","alt":"","author":"5","description":"","caption":"","name":"starthere3","status":"inherit","uploaded_to":4338,"date":"2019-05-17 06:06:52","modified":"2019-05-17 06:06:52","menu_order":0,"mime_type":"image\/jpeg","type":"image","subtype":"jpeg","icon":"https:\/\/trade.games-workshop.com\/wp-includes\/images\/media\/default.png","width":1440,"height":789,"sizes":{"thumbnail":"https:\/\/trade.games-workshop.com\/wp-content\/uploads\/2019\/05\/StartHere3-150x82.jpg","thumbnail-width":150,"thumbnail-height":82,"medium":"https:\/\/trade.games-workshop.com\/wp-content\/uploads\/2019\/05\/StartHere3-300x164.jpg","medium-width":300,"medium-height":164,"medium_large":"https:\/\/trade.games-workshop.com\/wp-content\/uploads\/2019\/05\/StartHere3-768x421.jpg","medium_large-width":768,"medium_large-height":421,"large":"https:\/\/trade.games-workshop.com\/wp-content\/uploads\/2019\/05\/StartHere3-1024x561.jpg","large-width":1024,"large-height":561,"1536x1536":"https:\/\/trade.games-workshop.com\/wp-content\/uploads\/2019\/05\/StartHere3.jpg","1536x1536-width":1440,"1536x1536-height":789,"2048x2048":"https:\/\/trade.games-workshop.com\/wp-content\/uploads\/2019\/05\/StartHere3.jpg","2048x2048-width":1440,"2048x2048-height":789,"Feature Image":"https:\/\/trade.games-workshop.com\/wp-content\/uploads\/2019\/05\/StartHere3-360x280.jpg","Feature Image-width":360,"Feature Image-height":280,"Grid":"https:\/\/trade.games-workshop.com\/wp-content\/uploads\/2019\/05\/StartHere3-240x200.jpg","Grid-width":240,"Grid-height":200,"Image (Component)":"https:\/\/trade.games-workshop.com\/wp-content\/uploads\/2019\/05\/StartHere3-800x500.jpg","Image (Component)-width":800,"Image (Component)-height":500,"Links Banner":"https:\/\/trade.games-workshop.com\/wp-content\/uploads\/2019\/05\/StartHere3-150x150.jpg","Links Banner-width":150,"Links Banner-height":150}},"title":"En v\u00e4rldsomsp\u00e4nnande hobby. Ett globalt varum\u00e4rke. En community med miljoner medlemmar.","trigger_form":false},{"acf_fc_layout":"wysiwyg","content":"<p style=\"text-align: center;\">Warhammer \u00e4r ett globalt v\u00e4lk\u00e4nt varum\u00e4rke med ett otroligt utbud av spel, modeller och tillbeh\u00f6r. V\u00e5ra produkter \u00e4r v\u00e4l representerade i \u00e5tskilliga internationella magasin, vilket s\u00e4kerst\u00e4ller fantastiska leveranstider \u2013 allt du beh\u00f6ver f\u00f6r att gl\u00e4dja dina kunder med de senaste produkterna. Kontakta oss redan idag f\u00f6r att bli en officiell Warhammer-\u00e5terf\u00f6rs\u00e4ljare.<\/p>\n","trigger_form":true,"is_external":false,"page_link":"https:\/\/trade.games-workshop.com\/sv\/?page_id=26485","link_url":"\/get-in-touch\/","link_text":"Skapa ett l\u00e5ngvarigt partnerskap","justify":"center","background_colour":"white","title":"Allt du beh\u00f6ver f\u00f6r att gl\u00e4dja dina kunder"},{"acf_fc_layout":"hero_video","title":"","video":"<p><iframe style=\"position: absolute; top: 0px; right: 0px; bottom: 0px; left: 0px; width: 100%; height: 100%;\" src=\"\/\/players.brightcove.net\/5778310444001\/tEqh4qwjNN_default\/index.html?videoId=6036441740001\" allowfullscreen=\"allowfullscreen\"><\/iframe><\/p>\n","padding_top_percent":"56.25","image":false},{"acf_fc_layout":"image","image":{"ID":27012,"id":27012,"title":"Infographic-SWE","filename":"cJBZ0s5vc0Oipons.jpg","filesize":322901,"url":"https:\/\/trade.games-workshop.com\/wp-content\/uploads\/2021\/03\/cJBZ0s5vc0Oipons.jpg","link":"https:\/\/trade.games-workshop.com\/sv\/start-here\/infographic-swe\/","alt":"Infographic SWE","author":"30","description":"","caption":"","name":"infographic-swe","status":"inherit","uploaded_to":26417,"date":"2021-03-16 14:17:14","modified":"2021-03-16 14:17:14","menu_order":0,"mime_type":"image\/jpeg","type":"image","subtype":"jpeg","icon":"https:\/\/trade.games-workshop.com\/wp-includes\/images\/media\/default.png","width":1200,"height":1679,"sizes":{"thumbnail":"https:\/\/trade.games-workshop.com\/wp-content\/uploads\/2021\/03\/cJBZ0s5vc0Oipons-107x150.jpg","thumbnail-width":107,"thumbnail-height":150,"medium":"https:\/\/trade.games-workshop.com\/wp-content\/uploads\/2021\/03\/cJBZ0s5vc0Oipons-214x300.jpg","medium-width":214,"medium-height":300,"medium_large":"https:\/\/trade.games-workshop.com\/wp-content\/uploads\/2021\/03\/cJBZ0s5vc0Oipons-768x1075.jpg","medium_large-width":768,"medium_large-height":1075,"large":"https:\/\/trade.games-workshop.com\/wp-content\/uploads\/2021\/03\/cJBZ0s5vc0Oipons-732x1024.jpg","large-width":732,"large-height":1024,"1536x1536":"https:\/\/trade.games-workshop.com\/wp-content\/uploads\/2021\/03\/cJBZ0s5vc0Oipons-1098x1536.jpg","1536x1536-width":1098,"1536x1536-height":1536,"2048x2048":"https:\/\/trade.games-workshop.com\/wp-content\/uploads\/2021\/03\/cJBZ0s5vc0Oipons.jpg","2048x2048-width":1200,"2048x2048-height":1679,"Feature Image":"https:\/\/trade.games-workshop.com\/wp-content\/uploads\/2021\/03\/cJBZ0s5vc0Oipons-360x280.jpg","Feature Image-width":360,"Feature Image-height":280,"Grid":"https:\/\/trade.games-workshop.com\/wp-content\/uploads\/2021\/03\/cJBZ0s5vc0Oipons-240x200.jpg","Grid-width":240,"Grid-height":200,"Image (Component)":"https:\/\/trade.games-workshop.com\/wp-content\/uploads\/2021\/03\/cJBZ0s5vc0Oipons-800x500.jpg","Image (Component)-width":800,"Image (Component)-height":500,"Links Banner":"https:\/\/trade.games-workshop.com\/wp-content\/uploads\/2021\/03\/cJBZ0s5vc0Oipons-150x150.jpg","Links Banner-width":150,"Links Banner-height":150}},"bg_colour":"white","title":""},{"acf_fc_layout":"wysiwyg_and_image","trigger_form":true,"chose_form":"start","form_page":null,"link_text":"Kontakta oss","link_url":"","image":{"ID":10820,"id":10820,"title":"StartYourJourney3","filename":"StartYourJourney3.jpg","filesize":111808,"url":"https:\/\/trade.games-workshop.com\/wp-content\/uploads\/2019\/05\/StartYourJourney3.jpg","link":"https:\/\/trade.games-workshop.com\/sv\/start-here\/startyourjourney3-2\/","alt":"","author":"5","description":"","caption":"","name":"startyourjourney3-2","status":"inherit","uploaded_to":4338,"date":"2019-05-17 07:44:14","modified":"2019-05-17 07:44:14","menu_order":0,"mime_type":"image\/jpeg","type":"image","subtype":"jpeg","icon":"https:\/\/trade.games-workshop.com\/wp-includes\/images\/media\/default.png","width":1341,"height":656,"sizes":{"thumbnail":"https:\/\/trade.games-workshop.com\/wp-content\/uploads\/2019\/05\/StartYourJourney3-150x73.jpg","thumbnail-width":150,"thumbnail-height":73,"medium":"https:\/\/trade.games-workshop.com\/wp-content\/uploads\/2019\/05\/StartYourJourney3-300x147.jpg","medium-width":300,"medium-height":147,"medium_large":"https:\/\/trade.games-workshop.com\/wp-content\/uploads\/2019\/05\/StartYourJourney3-768x376.jpg","medium_large-width":768,"medium_large-height":376,"large":"https:\/\/trade.games-workshop.com\/wp-content\/uploads\/2019\/05\/StartYourJourney3-1024x501.jpg","large-width":1024,"large-height":501,"1536x1536":"https:\/\/trade.games-workshop.com\/wp-content\/uploads\/2019\/05\/StartYourJourney3.jpg","1536x1536-width":1341,"1536x1536-height":656,"2048x2048":"https:\/\/trade.games-workshop.com\/wp-content\/uploads\/2019\/05\/StartYourJourney3.jpg","2048x2048-width":1341,"2048x2048-height":656,"Feature Image":"https:\/\/trade.games-workshop.com\/wp-content\/uploads\/2019\/05\/StartYourJourney3-360x280.jpg","Feature Image-width":360,"Feature Image-height":280,"Grid":"https:\/\/trade.games-workshop.com\/wp-content\/uploads\/2019\/05\/StartYourJourney3-240x200.jpg","Grid-width":240,"Grid-height":200,"Image (Component)":"https:\/\/trade.games-workshop.com\/wp-content\/uploads\/2019\/05\/StartYourJourney3-800x500.jpg","Image (Component)-width":800,"Image (Component)-height":500,"Links Banner":"https:\/\/trade.games-workshop.com\/wp-content\/uploads\/2019\/05\/StartYourJourney3-150x150.jpg","Links Banner-width":150,"Links Banner-height":150}},"title":"P\u00e5b\u00f6rja din Warhammer-resa redan idag!","content":"<p>Med branschledande support bara ett telefonsamtal bort och ett stort urval av produkter, har vi det du beh\u00f6ver f\u00f6r att l\u00e5ta din verksamhet att n\u00e5 ut till nya kunder.<\/p>\n"}]},"_links":{"self":[{"href":"https:\/\/trade.games-workshop.com\/sv\/wp-json\/wp\/v2\/pages\/26417","targetHints":{"allow":["GET"]}}],"collection":[{"href":"https:\/\/trade.games-workshop.com\/sv\/wp-json\/wp\/v2\/pages"}],"about":[{"href":"https:\/\/trade.games-workshop.com\/sv\/wp-json\/wp\/v2\/types\/page"}],"author":[{"embeddable":true,"href":"https:\/\/trade.games-workshop.com\/sv\/wp-json\/wp\/v2\/users\/30"}],"replies":[{"embeddable":true,"href":"https:\/\/trade.games-workshop.com\/sv\/wp-json\/wp\/v2\/comments?post=26417"}],"version-history":[{"count":0,"href":"https:\/\/trade.games-workshop.com\/sv\/wp-json\/wp\/v2\/pages\/26417\/revisions"}],"wp:attachment":[{"href":"https:\/\/trade.games-workshop.com\/sv\/wp-json\/wp\/v2\/media?parent=26417"}],"curies":[{"name":"wp","href":"https:\/\/api.w.org\/{rel}","templated":true}]}}